{"id":1386,"date":"2022-11-05T10:30:11","date_gmt":"2022-11-05T13:30:11","guid":{"rendered":"https:\/\/cientifique.com\/cursos\/?page_id=1386"},"modified":"2022-11-05T10:58:53","modified_gmt":"2022-11-05T13:58:53","slug":"termos-condicoes","status":"publish","type":"page","link":"https:\/\/cientifique.com.br\/cursos\/termos-condicoes\/","title":{"rendered":"Termos e Condi\u00e7\u00f5es"},"content":{"rendered":"\n<p>A Cientifique se preocupa em manter sempre o di\u00e1logo aberto e transparente com a comunidade, visando a manuten\u00e7\u00e3o deste ambiente apresentamos o termo de uso.<\/p>\n\n\n\n<p>Todo material e servi\u00e7o encontrado nas p\u00e1ginas do Cientifique &#8211; textos, imagens, \u00e1udio, softwares, tecnologia, logotipos, slogans, marcas, express\u00f5es de propaganda, dom\u00ednios, nomes comerciais, obras intelectuais &#8211; , bem como os softwares que viabilizam as atividades, s\u00e3o de exclusiva propriedade do Cientifique, das empresas a ela associadas e\/ou \u00e0s marcas que representa,&nbsp; detendo todos os direitos autorais, licenciamentos e direitos de propriedade, marca ou patente a eles relativos.<\/p>\n\n\n\n<p>Qualquer viola\u00e7\u00e3o dos direitos de propriedade resultar\u00e1 na responsabilidade direta e pessoal do USU\u00c1RIO respons\u00e1vel, que responder\u00e1 pelos atos praticados nos termos da lei, com a aplica\u00e7\u00e3o das san\u00e7\u00f5es cab\u00edveis nas \u00e1reas c\u00edvel e criminal.<\/p>\n\n\n\n<p>O USU\u00c1RIO se compromete a n\u00e3o reproduzir, duplicar, copiar ou explorar os servi\u00e7os prestados e\/ou softwares utilizados e\/ou material disponibilizado pelo Cientifique, para quaisquer fins n\u00e3o expressamente autorizados no presente instrumento, sem sua autoriza\u00e7\u00e3o por escrito.<\/p>\n\n\n\n<p><h2>Troca e Devolu\u00e7\u00e3o<\/h2><\/p>\n\n\n\n<p>Nosso objetivo \u00e9 oferecer para nossos clientes sempre os melhores produtos garantindo a qualidade dos itens comercializados pela Cientifique.<\/p>\n\n\n\n<p>Para que voc\u00ea se sinta completamente satisfeito com nossos servi\u00e7os contamos com uma Pol\u00edtica de Troca e Devolu\u00e7\u00e3o. A solicita\u00e7\u00e3o de troca dever\u00e1 ser comunicada \u00e0 nossa Central de Atendimento ao Cliente em at\u00e9 sete dias corridos, a contar da data do recebimento. Atendimento de segunda a sexta-feira (exceto feriados) das 08h00 \u00e0s 18h00 e s\u00e1bado das 09h00min \u00e0s 16h00. Ou acesse o link <a href=\"http:\/\/cientifique.com\/contato\/\">Contato<\/a> para enviar uma mensagem para <a href=\"http:\/\/cientifique.com\/contato\/\">Cientifique<\/a>.<\/p>\n\n\n\n<p>Os produtos devem ser devolvidos na embalagem original. \u00c9 indispens\u00e1vel que o lacre original do fabricante esteja intacto.<\/p>\n\n\n\n<p>Todos os produtos ser\u00e3o analisados. Eles ser\u00e3o reenviados ao cliente sempre que n\u00e3o for constatada qualquer avaria ou anormalidade, ou se tiver sido descumprida uma das condi\u00e7\u00f5es descritas no t\u00f3pico anterior.<\/p>\n\n\n\n<p><h2>Precisa de ajuda?<\/h2><\/p>\n\n\n\n<p>Acesse o link <a href=\"http:\/\/cientifique.com\/contato\/\">Contato<\/a> para enviar uma mensagem para <a href=\"http:\/\/cientifique.com\/contato\/\">Cientifique<\/a>.<\/p>\n","protected":false},"excerpt":{"rendered":"<p>A Cientifique se preocupa em manter sempre o di\u00e1logo aberto e transparente com a comunidade, visando a manuten\u00e7\u00e3o deste ambiente apresentamos o termo de uso. Todo material e servi\u00e7o encontrado nas p\u00e1ginas do Cientifique &#8211; textos, imagens, \u00e1udio, softwares, tecnologia, logotipos, slogans, marcas, express\u00f5es de propaganda, dom\u00ednios, nomes comerciais, obras intelectuais &#8211; , bem como<\/p>\n","protected":false},"author":1,"featured_media":0,"parent":0,"menu_order":0,"comment_status":"closed","ping_status":"closed","template":"","meta":{"footnotes":""},"class_list":["post-1386","page","type-page","status-publish","hentry","prodpage-style3"],"yoast_head":"<!-- This site is optimized with the Yoast SEO plugin v27.2 - https:\/\/yoast.com\/product\/yoast-seo-wordpress\/ -->\n<title>Termos e Condi\u00e7\u00f5es - Cientifique<\/title>\n<meta name=\"robots\" content=\"index, follow, max-snippet:-1, max-image-preview:large, max-video-preview:-1\" \/>\n<link rel=\"canonical\" href=\"https:\/\/cientifique.com.br\/cursos\/termos-condicoes\/\" \/>\n<meta property=\"og:locale\" content=\"pt_BR\" \/>\n<meta property=\"og:type\" content=\"article\" \/>\n<meta property=\"og:title\" content=\"Termos e Condi\u00e7\u00f5es - Cientifique\" \/>\n<meta property=\"og:description\" content=\"A Cientifique se preocupa em manter sempre o di\u00e1logo aberto e transparente com a comunidade, visando a manuten\u00e7\u00e3o deste ambiente apresentamos o termo de uso. Todo material e servi\u00e7o encontrado nas p\u00e1ginas do Cientifique &#8211; textos, imagens, \u00e1udio, softwares, tecnologia, logotipos, slogans, marcas, express\u00f5es de propaganda, dom\u00ednios, nomes comerciais, obras intelectuais &#8211; , bem como\" \/>\n<meta property=\"og:url\" content=\"https:\/\/cientifique.com.br\/cursos\/termos-condicoes\/\" \/>\n<meta property=\"og:site_name\" content=\"Cientifique\" \/>\n<meta property=\"article:publisher\" content=\"https:\/\/www.facebook.com\/cientifique\" \/>\n<meta property=\"article:modified_time\" content=\"2022-11-05T13:58:53+00:00\" \/>\n<meta property=\"og:image\" content=\"https:\/\/cientifique.com.br\/cursos\/wp-content\/uploads\/2023\/01\/IMG-20221105-WA0000.jpg\" \/>\n\t<meta property=\"og:image:width\" content=\"1600\" \/>\n\t<meta property=\"og:image:height\" content=\"1200\" \/>\n\t<meta property=\"og:image:type\" content=\"image\/jpeg\" \/>\n<meta name=\"twitter:card\" content=\"summary_large_image\" \/>\n<meta name=\"twitter:site\" content=\"@cientifiquemid\" \/>\n<meta name=\"twitter:label1\" content=\"Est. tempo de leitura\" \/>\n\t<meta name=\"twitter:data1\" content=\"2 minutos\" \/>\n<script type=\"application\/ld+json\" class=\"yoast-schema-graph\">{\"@context\":\"https:\/\/schema.org\",\"@graph\":[{\"@type\":\"WebPage\",\"@id\":\"https:\/\/cientifique.com.br\/cursos\/termos-condicoes\/\",\"url\":\"https:\/\/cientifique.com.br\/cursos\/termos-condicoes\/\",\"name\":\"Termos e Condi\u00e7\u00f5es - Cientifique\",\"isPartOf\":{\"@id\":\"https:\/\/cientifique.com.br\/cursos\/#website\"},\"datePublished\":\"2022-11-05T13:30:11+00:00\",\"dateModified\":\"2022-11-05T13:58:53+00:00\",\"breadcrumb\":{\"@id\":\"https:\/\/cientifique.com.br\/cursos\/termos-condicoes\/#breadcrumb\"},\"inLanguage\":\"pt-BR\",\"potentialAction\":[{\"@type\":\"ReadAction\",\"target\":[\"https:\/\/cientifique.com.br\/cursos\/termos-condicoes\/\"]}]},{\"@type\":\"BreadcrumbList\",\"@id\":\"https:\/\/cientifique.com.br\/cursos\/termos-condicoes\/#breadcrumb\",\"itemListElement\":[{\"@type\":\"ListItem\",\"position\":1,\"name\":\"In\u00edcio\",\"item\":\"https:\/\/cientifique.com.br\/cursos\/\"},{\"@type\":\"ListItem\",\"position\":2,\"name\":\"Termos e Condi\u00e7\u00f5es\"}]},{\"@type\":\"WebSite\",\"@id\":\"https:\/\/cientifique.com.br\/cursos\/#website\",\"url\":\"https:\/\/cientifique.com.br\/cursos\/\",\"name\":\"Cientifique\",\"description\":\"Est\u00e9tica, sa\u00fade e bem estar\",\"publisher\":{\"@id\":\"https:\/\/cientifique.com.br\/cursos\/#organization\"},\"potentialAction\":[{\"@type\":\"SearchAction\",\"target\":{\"@type\":\"EntryPoint\",\"urlTemplate\":\"https:\/\/cientifique.com.br\/cursos\/?s={search_term_string}\"},\"query-input\":{\"@type\":\"PropertyValueSpecification\",\"valueRequired\":true,\"valueName\":\"search_term_string\"}}],\"inLanguage\":\"pt-BR\"},{\"@type\":\"Organization\",\"@id\":\"https:\/\/cientifique.com.br\/cursos\/#organization\",\"name\":\"Cientifique\",\"url\":\"https:\/\/cientifique.com.br\/cursos\/\",\"logo\":{\"@type\":\"ImageObject\",\"inLanguage\":\"pt-BR\",\"@id\":\"https:\/\/cientifique.com.br\/cursos\/#\/schema\/logo\/image\/\",\"url\":\"https:\/\/cientifique.com.br\/cursos\/wp-content\/uploads\/2020\/09\/cientifique_2020.png\",\"contentUrl\":\"https:\/\/cientifique.com.br\/cursos\/wp-content\/uploads\/2020\/09\/cientifique_2020.png\",\"width\":260,\"height\":58,\"caption\":\"Cientifique\"},\"image\":{\"@id\":\"https:\/\/cientifique.com.br\/cursos\/#\/schema\/logo\/image\/\"},\"sameAs\":[\"https:\/\/www.facebook.com\/cientifique\",\"https:\/\/x.com\/cientifiquemid\",\"https:\/\/instagram.com\/cientifique\",\"https:\/\/www.pinterest.com\/cientifique\/\"]}]}<\/script>\n<!-- \/ Yoast SEO plugin. -->","yoast_head_json":{"title":"Termos e Condi\u00e7\u00f5es - Cientifique","robots":{"index":"index","follow":"follow","max-snippet":"max-snippet:-1","max-image-preview":"max-image-preview:large","max-video-preview":"max-video-preview:-1"},"canonical":"https:\/\/cientifique.com.br\/cursos\/termos-condicoes\/","og_locale":"pt_BR","og_type":"article","og_title":"Termos e Condi\u00e7\u00f5es - Cientifique","og_description":"A Cientifique se preocupa em manter sempre o di\u00e1logo aberto e transparente com a comunidade, visando a manuten\u00e7\u00e3o deste ambiente apresentamos o termo de uso. Todo material e servi\u00e7o encontrado nas p\u00e1ginas do Cientifique &#8211; textos, imagens, \u00e1udio, softwares, tecnologia, logotipos, slogans, marcas, express\u00f5es de propaganda, dom\u00ednios, nomes comerciais, obras intelectuais &#8211; , bem como","og_url":"https:\/\/cientifique.com.br\/cursos\/termos-condicoes\/","og_site_name":"Cientifique","article_publisher":"https:\/\/www.facebook.com\/cientifique","article_modified_time":"2022-11-05T13:58:53+00:00","og_image":[{"width":1600,"height":1200,"url":"https:\/\/cientifique.com.br\/cursos\/wp-content\/uploads\/2023\/01\/IMG-20221105-WA0000.jpg","type":"image\/jpeg"}],"twitter_card":"summary_large_image","twitter_site":"@cientifiquemid","twitter_misc":{"Est. tempo de leitura":"2 minutos"},"schema":{"@context":"https:\/\/schema.org","@graph":[{"@type":"WebPage","@id":"https:\/\/cientifique.com.br\/cursos\/termos-condicoes\/","url":"https:\/\/cientifique.com.br\/cursos\/termos-condicoes\/","name":"Termos e Condi\u00e7\u00f5es - Cientifique","isPartOf":{"@id":"https:\/\/cientifique.com.br\/cursos\/#website"},"datePublished":"2022-11-05T13:30:11+00:00","dateModified":"2022-11-05T13:58:53+00:00","breadcrumb":{"@id":"https:\/\/cientifique.com.br\/cursos\/termos-condicoes\/#breadcrumb"},"inLanguage":"pt-BR","potentialAction":[{"@type":"ReadAction","target":["https:\/\/cientifique.com.br\/cursos\/termos-condicoes\/"]}]},{"@type":"BreadcrumbList","@id":"https:\/\/cientifique.com.br\/cursos\/termos-condicoes\/#breadcrumb","itemListElement":[{"@type":"ListItem","position":1,"name":"In\u00edcio","item":"https:\/\/cientifique.com.br\/cursos\/"},{"@type":"ListItem","position":2,"name":"Termos e Condi\u00e7\u00f5es"}]},{"@type":"WebSite","@id":"https:\/\/cientifique.com.br\/cursos\/#website","url":"https:\/\/cientifique.com.br\/cursos\/","name":"Cientifique","description":"Est\u00e9tica, sa\u00fade e bem estar","publisher":{"@id":"https:\/\/cientifique.com.br\/cursos\/#organization"},"potentialAction":[{"@type":"SearchAction","target":{"@type":"EntryPoint","urlTemplate":"https:\/\/cientifique.com.br\/cursos\/?s={search_term_string}"},"query-input":{"@type":"PropertyValueSpecification","valueRequired":true,"valueName":"search_term_string"}}],"inLanguage":"pt-BR"},{"@type":"Organization","@id":"https:\/\/cientifique.com.br\/cursos\/#organization","name":"Cientifique","url":"https:\/\/cientifique.com.br\/cursos\/","logo":{"@type":"ImageObject","inLanguage":"pt-BR","@id":"https:\/\/cientifique.com.br\/cursos\/#\/schema\/logo\/image\/","url":"https:\/\/cientifique.com.br\/cursos\/wp-content\/uploads\/2020\/09\/cientifique_2020.png","contentUrl":"https:\/\/cientifique.com.br\/cursos\/wp-content\/uploads\/2020\/09\/cientifique_2020.png","width":260,"height":58,"caption":"Cientifique"},"image":{"@id":"https:\/\/cientifique.com.br\/cursos\/#\/schema\/logo\/image\/"},"sameAs":["https:\/\/www.facebook.com\/cientifique","https:\/\/x.com\/cientifiquemid","https:\/\/instagram.com\/cientifique","https:\/\/www.pinterest.com\/cientifique\/"]}]}},"jetpack_sharing_enabled":true,"_links":{"self":[{"href":"https:\/\/cientifique.com.br\/cursos\/wp-json\/wp\/v2\/pages\/1386","targetHints":{"allow":["GET"]}}],"collection":[{"href":"https:\/\/cientifique.com.br\/cursos\/wp-json\/wp\/v2\/pages"}],"about":[{"href":"https:\/\/cientifique.com.br\/cursos\/wp-json\/wp\/v2\/types\/page"}],"author":[{"embeddable":true,"href":"https:\/\/cientifique.com.br\/cursos\/wp-json\/wp\/v2\/users\/1"}],"replies":[{"embeddable":true,"href":"https:\/\/cientifique.com.br\/cursos\/wp-json\/wp\/v2\/comments?post=1386"}],"version-history":[{"count":2,"href":"https:\/\/cientifique.com.br\/cursos\/wp-json\/wp\/v2\/pages\/1386\/revisions"}],"predecessor-version":[{"id":1603,"href":"https:\/\/cientifique.com.br\/cursos\/wp-json\/wp\/v2\/pages\/1386\/revisions\/1603"}],"wp:attachment":[{"href":"https:\/\/cientifique.com.br\/cursos\/wp-json\/wp\/v2\/media?parent=1386"}],"curies":[{"name":"wp","href":"https:\/\/api.w.org\/{rel}","templated":true}]}}