{"id":1319,"date":"2022-12-18T13:00:14","date_gmt":"2022-12-18T16:00:14","guid":{"rendered":"https:\/\/cientifique.com\/cursos\/?post_type=product&#038;p=1319"},"modified":"2023-03-13T19:12:33","modified_gmt":"2023-03-13T22:12:33","slug":"curso-body-fitness-detox","status":"publish","type":"product","link":"https:\/\/cientifique.com.br\/cursos\/product\/curso-body-fitness-detox\/","title":{"rendered":"Curso Body Fitness Detox"},"content":{"rendered":"<p>O CURSO BODY FITNESS DETOX \u00e9 uma T\u00c9CNICA EXCLUSIVA da Cosmet\u00f3loga e Esteticista Prof.\u00aa SILVANA OLIVEIRA associando movimentos isom\u00e9tricos \u00e0 aplica\u00e7\u00e3o de faixas de compress\u00e3o, trabalhando de acordo com a resist\u00eancia do paciente, por esse motivo, n\u00e3o existindo contraindica\u00e7\u00f5es diferentes das convencionais da est\u00e9tica.<br \/>\nS\u00e3o v\u00e1rios os diferenciais dessa t\u00e9cnica. Al\u00e9m da combina\u00e7\u00e3o de ativos tecnol\u00f3gicos, massagens modeladoras, turbinadas e t\u00e9cnicas detox, os movimentos isom\u00e9tricos envolvem o paciente e ele sente exatamente a regi\u00e3o que est\u00e1 sendo tratada. Esse feedback aumenta a credibilidade no tratamento aplicado e consequentemente tem seus efeitos potencializados.<br \/>\nFundamentada em dados cient\u00edficos, possibilita associa\u00e7\u00e3o de cosm\u00e9ticos, eletroterapias e de movimentos espec\u00edficos isom\u00e9tricos capazes de tonificar a musculatura, oxigena\u00e7\u00e3o, ativar o metabolismo e elimina\u00e7\u00e3o de toxinas.<\/p>\n<p>Incluso: Certificado e Material Did\u00e1tico digitalizados.<\/p>\n<p>MAIS INFORMA\u00c7\u00d5ES: (11) 9 9793-8460<\/p>\n<p>CLIQUE E CONFIRA ALGUNS <a href=\"https:\/\/cientifique.com.br\/cursos\/resultados\/\" rel=\"noopener\" target=\"_blank\">RESULTADOS OBTIDOS<\/a> COM A T\u00c9CNICA BODY FITNESS DETOX<\/p>\n<p>* Como s\u00e3o cursos livres de capacita\u00e7\u00e3o e n\u00e3o de p\u00f3s-gradua\u00e7\u00e3o, s\u00e3o destinados a:<br \/>\nPROFISSIONAIS da \u00e1rea est\u00e9tica e da sa\u00fade, Curso Livre Conforme a lei n\u00ba. 9394\/96, o Decreto n\u00ba. 5.154\/04 e a Delibera\u00e7\u00e3o CEE 14\/97 Dispositivo registrado na Anvisa para uso Est\u00e9tica em centros de Est\u00e9tica.<\/p>\n","protected":false},"excerpt":{"rendered":"<p>O CURSO BODY FITNESS DETOX \u00e9 uma T\u00c9CNICA EXCLUSIVA da Cosmet\u00f3loga e Esteticista Prof.\u00aa SILVANA OLIVEIRA.<\/p>\n<p>Conte\u00fado Program\u00e1tico:<\/p>\n<p>\u2013 Conceitua\u00e7\u00e3o<br \/>\n\u2013 Dermocosm\u00e9ticos para associa\u00e7\u00e3o<br \/>\n\u2013 Pr\u00e1tica da Gin\u00e1stica Isom\u00e9trica<br \/>\n\u2013 Aplica\u00e7\u00e3o das Faixas de Compress\u00e3o<br \/>\n\u2013 Manobras associadas<br \/>\n\u2013 Indica\u00e7\u00e3o e contra-indica\u00e7\u00e3o<\/p>\n","protected":false},"featured_media":8503,"comment_status":"open","ping_status":"closed","template":"","meta":[],"product_brand":[],"product_cat":[15],"product_tag":[551,552,547,550,553],"class_list":{"0":"post-1319","1":"product","2":"type-product","3":"status-publish","4":"has-post-thumbnail","6":"product_cat-cursos","7":"product_tag-diastase","8":"product_tag-fitness","9":"product_tag-massagem-modeladora","10":"product_tag-modelagem-corporal","11":"product_tag-realinhamento-postural","13":"first","14":"instock","15":"virtual","16":"purchasable","17":"product-type-simple","18":"prodpage-style3"},"yoast_head":"<!-- This site is optimized with the Yoast SEO plugin v27.2 - https:\/\/yoast.com\/product\/yoast-seo-wordpress\/ -->\n<title>Curso Body Fitness Detox - Cientifique<\/title>\n<meta name=\"robots\" content=\"index, follow, max-snippet:-1, max-image-preview:large, max-video-preview:-1\" \/>\n<link rel=\"canonical\" href=\"https:\/\/cientifique.com.br\/cursos\/product\/curso-body-fitness-detox\/\" \/>\n<meta property=\"og:locale\" content=\"pt_BR\" \/>\n<meta property=\"og:type\" content=\"article\" \/>\n<meta property=\"og:title\" content=\"Curso Body Fitness Detox - Cientifique\" \/>\n<meta property=\"og:description\" content=\"O CURSO BODY FITNESS DETOX \u00e9 uma T\u00c9CNICA EXCLUSIVA da Cosmet\u00f3loga e Esteticista Prof.\u00aa SILVANA OLIVEIRA.  Conte\u00fado Program\u00e1tico:  \u2013 Conceitua\u00e7\u00e3o \u2013 Dermocosm\u00e9ticos para associa\u00e7\u00e3o \u2013 Pr\u00e1tica da Gin\u00e1stica Isom\u00e9trica \u2013 Aplica\u00e7\u00e3o das Faixas de Compress\u00e3o \u2013 Manobras associadas \u2013 Indica\u00e7\u00e3o e contra-indica\u00e7\u00e3o\" \/>\n<meta property=\"og:url\" content=\"https:\/\/cientifique.com.br\/cursos\/product\/curso-body-fitness-detox\/\" \/>\n<meta property=\"og:site_name\" content=\"Cientifique\" \/>\n<meta property=\"article:publisher\" content=\"https:\/\/www.facebook.com\/cientifique\" \/>\n<meta property=\"article:modified_time\" content=\"2023-03-13T22:12:33+00:00\" \/>\n<meta property=\"og:image\" content=\"https:\/\/cientifique.com.br\/cursos\/wp-content\/uploads\/2022\/12\/body-fitness.jpg\" \/>\n\t<meta property=\"og:image:width\" content=\"1080\" \/>\n\t<meta property=\"og:image:height\" content=\"1080\" \/>\n\t<meta property=\"og:image:type\" content=\"image\/jpeg\" \/>\n<meta name=\"twitter:card\" content=\"summary_large_image\" \/>\n<meta name=\"twitter:site\" content=\"@cientifiquemid\" \/>\n<meta name=\"twitter:label1\" content=\"Est. tempo de leitura\" \/>\n\t<meta name=\"twitter:data1\" content=\"1 minuto\" \/>\n<script type=\"application\/ld+json\" class=\"yoast-schema-graph\">{\"@context\":\"https:\/\/schema.org\",\"@graph\":[{\"@type\":\"WebPage\",\"@id\":\"https:\/\/cientifique.com.br\/cursos\/product\/curso-body-fitness-detox\/\",\"url\":\"https:\/\/cientifique.com.br\/cursos\/product\/curso-body-fitness-detox\/\",\"name\":\"Curso Body Fitness Detox - Cientifique\",\"isPartOf\":{\"@id\":\"https:\/\/cientifique.com.br\/cursos\/#website\"},\"primaryImageOfPage\":{\"@id\":\"https:\/\/cientifique.com.br\/cursos\/product\/curso-body-fitness-detox\/#primaryimage\"},\"image\":{\"@id\":\"https:\/\/cientifique.com.br\/cursos\/product\/curso-body-fitness-detox\/#primaryimage\"},\"thumbnailUrl\":\"https:\/\/cientifique.com.br\/cursos\/wp-content\/uploads\/2022\/12\/body-fitness.jpg\",\"datePublished\":\"2022-12-18T16:00:14+00:00\",\"dateModified\":\"2023-03-13T22:12:33+00:00\",\"breadcrumb\":{\"@id\":\"https:\/\/cientifique.com.br\/cursos\/product\/curso-body-fitness-detox\/#breadcrumb\"},\"inLanguage\":\"pt-BR\",\"potentialAction\":[{\"@type\":\"ReadAction\",\"target\":[\"https:\/\/cientifique.com.br\/cursos\/product\/curso-body-fitness-detox\/\"]}]},{\"@type\":\"ImageObject\",\"inLanguage\":\"pt-BR\",\"@id\":\"https:\/\/cientifique.com.br\/cursos\/product\/curso-body-fitness-detox\/#primaryimage\",\"url\":\"https:\/\/cientifique.com.br\/cursos\/wp-content\/uploads\/2022\/12\/body-fitness.jpg\",\"contentUrl\":\"https:\/\/cientifique.com.br\/cursos\/wp-content\/uploads\/2022\/12\/body-fitness.jpg\",\"width\":1080,\"height\":1080},{\"@type\":\"BreadcrumbList\",\"@id\":\"https:\/\/cientifique.com.br\/cursos\/product\/curso-body-fitness-detox\/#breadcrumb\",\"itemListElement\":[{\"@type\":\"ListItem\",\"position\":1,\"name\":\"In\u00edcio\",\"item\":\"https:\/\/cientifique.com.br\/cursos\/\"},{\"@type\":\"ListItem\",\"position\":2,\"name\":\"Loja\",\"item\":\"https:\/\/cientifique.com.br\/cursos\/loja\/\"},{\"@type\":\"ListItem\",\"position\":3,\"name\":\"Curso Body Fitness Detox\"}]},{\"@type\":\"WebSite\",\"@id\":\"https:\/\/cientifique.com.br\/cursos\/#website\",\"url\":\"https:\/\/cientifique.com.br\/cursos\/\",\"name\":\"Cientifique\",\"description\":\"Est\u00e9tica, sa\u00fade e bem estar\",\"publisher\":{\"@id\":\"https:\/\/cientifique.com.br\/cursos\/#organization\"},\"potentialAction\":[{\"@type\":\"SearchAction\",\"target\":{\"@type\":\"EntryPoint\",\"urlTemplate\":\"https:\/\/cientifique.com.br\/cursos\/?s={search_term_string}\"},\"query-input\":{\"@type\":\"PropertyValueSpecification\",\"valueRequired\":true,\"valueName\":\"search_term_string\"}}],\"inLanguage\":\"pt-BR\"},{\"@type\":\"Organization\",\"@id\":\"https:\/\/cientifique.com.br\/cursos\/#organization\",\"name\":\"Cientifique\",\"url\":\"https:\/\/cientifique.com.br\/cursos\/\",\"logo\":{\"@type\":\"ImageObject\",\"inLanguage\":\"pt-BR\",\"@id\":\"https:\/\/cientifique.com.br\/cursos\/#\/schema\/logo\/image\/\",\"url\":\"https:\/\/cientifique.com.br\/cursos\/wp-content\/uploads\/2020\/09\/cientifique_2020.png\",\"contentUrl\":\"https:\/\/cientifique.com.br\/cursos\/wp-content\/uploads\/2020\/09\/cientifique_2020.png\",\"width\":260,\"height\":58,\"caption\":\"Cientifique\"},\"image\":{\"@id\":\"https:\/\/cientifique.com.br\/cursos\/#\/schema\/logo\/image\/\"},\"sameAs\":[\"https:\/\/www.facebook.com\/cientifique\",\"https:\/\/x.com\/cientifiquemid\",\"https:\/\/instagram.com\/cientifique\",\"https:\/\/www.pinterest.com\/cientifique\/\"]}]}<\/script>\n<!-- \/ Yoast SEO plugin. -->","yoast_head_json":{"title":"Curso Body Fitness Detox - Cientifique","robots":{"index":"index","follow":"follow","max-snippet":"max-snippet:-1","max-image-preview":"max-image-preview:large","max-video-preview":"max-video-preview:-1"},"canonical":"https:\/\/cientifique.com.br\/cursos\/product\/curso-body-fitness-detox\/","og_locale":"pt_BR","og_type":"article","og_title":"Curso Body Fitness Detox - Cientifique","og_description":"O CURSO BODY FITNESS DETOX \u00e9 uma T\u00c9CNICA EXCLUSIVA da Cosmet\u00f3loga e Esteticista Prof.\u00aa SILVANA OLIVEIRA.  Conte\u00fado Program\u00e1tico:  \u2013 Conceitua\u00e7\u00e3o \u2013 Dermocosm\u00e9ticos para associa\u00e7\u00e3o \u2013 Pr\u00e1tica da Gin\u00e1stica Isom\u00e9trica \u2013 Aplica\u00e7\u00e3o das Faixas de Compress\u00e3o \u2013 Manobras associadas \u2013 Indica\u00e7\u00e3o e contra-indica\u00e7\u00e3o","og_url":"https:\/\/cientifique.com.br\/cursos\/product\/curso-body-fitness-detox\/","og_site_name":"Cientifique","article_publisher":"https:\/\/www.facebook.com\/cientifique","article_modified_time":"2023-03-13T22:12:33+00:00","og_image":[{"width":1080,"height":1080,"url":"https:\/\/cientifique.com.br\/cursos\/wp-content\/uploads\/2022\/12\/body-fitness.jpg","type":"image\/jpeg"}],"twitter_card":"summary_large_image","twitter_site":"@cientifiquemid","twitter_misc":{"Est. tempo de leitura":"1 minuto"},"schema":{"@context":"https:\/\/schema.org","@graph":[{"@type":"WebPage","@id":"https:\/\/cientifique.com.br\/cursos\/product\/curso-body-fitness-detox\/","url":"https:\/\/cientifique.com.br\/cursos\/product\/curso-body-fitness-detox\/","name":"Curso Body Fitness Detox - Cientifique","isPartOf":{"@id":"https:\/\/cientifique.com.br\/cursos\/#website"},"primaryImageOfPage":{"@id":"https:\/\/cientifique.com.br\/cursos\/product\/curso-body-fitness-detox\/#primaryimage"},"image":{"@id":"https:\/\/cientifique.com.br\/cursos\/product\/curso-body-fitness-detox\/#primaryimage"},"thumbnailUrl":"https:\/\/cientifique.com.br\/cursos\/wp-content\/uploads\/2022\/12\/body-fitness.jpg","datePublished":"2022-12-18T16:00:14+00:00","dateModified":"2023-03-13T22:12:33+00:00","breadcrumb":{"@id":"https:\/\/cientifique.com.br\/cursos\/product\/curso-body-fitness-detox\/#breadcrumb"},"inLanguage":"pt-BR","potentialAction":[{"@type":"ReadAction","target":["https:\/\/cientifique.com.br\/cursos\/product\/curso-body-fitness-detox\/"]}]},{"@type":"ImageObject","inLanguage":"pt-BR","@id":"https:\/\/cientifique.com.br\/cursos\/product\/curso-body-fitness-detox\/#primaryimage","url":"https:\/\/cientifique.com.br\/cursos\/wp-content\/uploads\/2022\/12\/body-fitness.jpg","contentUrl":"https:\/\/cientifique.com.br\/cursos\/wp-content\/uploads\/2022\/12\/body-fitness.jpg","width":1080,"height":1080},{"@type":"BreadcrumbList","@id":"https:\/\/cientifique.com.br\/cursos\/product\/curso-body-fitness-detox\/#breadcrumb","itemListElement":[{"@type":"ListItem","position":1,"name":"In\u00edcio","item":"https:\/\/cientifique.com.br\/cursos\/"},{"@type":"ListItem","position":2,"name":"Loja","item":"https:\/\/cientifique.com.br\/cursos\/loja\/"},{"@type":"ListItem","position":3,"name":"Curso Body Fitness Detox"}]},{"@type":"WebSite","@id":"https:\/\/cientifique.com.br\/cursos\/#website","url":"https:\/\/cientifique.com.br\/cursos\/","name":"Cientifique","description":"Est\u00e9tica, sa\u00fade e bem estar","publisher":{"@id":"https:\/\/cientifique.com.br\/cursos\/#organization"},"potentialAction":[{"@type":"SearchAction","target":{"@type":"EntryPoint","urlTemplate":"https:\/\/cientifique.com.br\/cursos\/?s={search_term_string}"},"query-input":{"@type":"PropertyValueSpecification","valueRequired":true,"valueName":"search_term_string"}}],"inLanguage":"pt-BR"},{"@type":"Organization","@id":"https:\/\/cientifique.com.br\/cursos\/#organization","name":"Cientifique","url":"https:\/\/cientifique.com.br\/cursos\/","logo":{"@type":"ImageObject","inLanguage":"pt-BR","@id":"https:\/\/cientifique.com.br\/cursos\/#\/schema\/logo\/image\/","url":"https:\/\/cientifique.com.br\/cursos\/wp-content\/uploads\/2020\/09\/cientifique_2020.png","contentUrl":"https:\/\/cientifique.com.br\/cursos\/wp-content\/uploads\/2020\/09\/cientifique_2020.png","width":260,"height":58,"caption":"Cientifique"},"image":{"@id":"https:\/\/cientifique.com.br\/cursos\/#\/schema\/logo\/image\/"},"sameAs":["https:\/\/www.facebook.com\/cientifique","https:\/\/x.com\/cientifiquemid","https:\/\/instagram.com\/cientifique","https:\/\/www.pinterest.com\/cientifique\/"]}]}},"jetpack_sharing_enabled":true,"_links":{"self":[{"href":"https:\/\/cientifique.com.br\/cursos\/wp-json\/wp\/v2\/product\/1319","targetHints":{"allow":["GET"]}}],"collection":[{"href":"https:\/\/cientifique.com.br\/cursos\/wp-json\/wp\/v2\/product"}],"about":[{"href":"https:\/\/cientifique.com.br\/cursos\/wp-json\/wp\/v2\/types\/product"}],"replies":[{"embeddable":true,"href":"https:\/\/cientifique.com.br\/cursos\/wp-json\/wp\/v2\/comments?post=1319"}],"wp:featuredmedia":[{"embeddable":true,"href":"https:\/\/cientifique.com.br\/cursos\/wp-json\/wp\/v2\/media\/8503"}],"wp:attachment":[{"href":"https:\/\/cientifique.com.br\/cursos\/wp-json\/wp\/v2\/media?parent=1319"}],"wp:term":[{"taxonomy":"product_brand","embeddable":true,"href":"https:\/\/cientifique.com.br\/cursos\/wp-json\/wp\/v2\/product_brand?post=1319"},{"taxonomy":"product_cat","embeddable":true,"href":"https:\/\/cientifique.com.br\/cursos\/wp-json\/wp\/v2\/product_cat?post=1319"},{"taxonomy":"product_tag","embeddable":true,"href":"https:\/\/cientifique.com.br\/cursos\/wp-json\/wp\/v2\/product_tag?post=1319"}],"curies":[{"name":"wp","href":"https:\/\/api.w.org\/{rel}","templated":true}]}}