{"id":1346,"date":"2022-12-18T13:17:37","date_gmt":"2022-12-18T16:17:37","guid":{"rendered":"https:\/\/cientifique.com\/cursos\/?post_type=product&#038;p=1346"},"modified":"2022-12-18T13:37:34","modified_gmt":"2022-12-18T16:37:34","slug":"especialidades-capilar","status":"publish","type":"product","link":"https:\/\/cientifique.com.br\/cursos\/product\/especialidades-capilar\/","title":{"rendered":"ESPECIALIDADES &#8211; CAPILAR"},"content":{"rendered":"<p><span style=\"font-size: 22px;\">A terapia capilar \u00e9 a \u00e1rea que estuda os fios, couro cabeludo e pelos, tem o objetivo de para tratar e manter a sa\u00fade deles. A est\u00e9tica capilar prop\u00f5e realizar um diagn\u00f3stico e um tratamento com o objetivo de tratar a patologia de cada paciente, que pode ser: quedas de cabelo, quebra dos fios, tonifica\u00e7\u00e3o dos fios e a sa\u00fade do couro cabeludo.<\/span><\/p>\n<p>&nbsp;<\/p>\n<p><img loading=\"lazy\" decoding=\"async\" class=\"alignleft wp-image-1341 size-thumbnail\" src=\"https:\/\/cientifique.com.br\/cursos\/wp-content\/uploads\/2018\/10\/icone-pressurizadacorporal-150x150.png\" alt=\"Intradermo Pressurizada, Cientifique\" width=\"150\" height=\"150\" srcset=\"https:\/\/cientifique.com.br\/cursos\/wp-content\/uploads\/2018\/10\/icone-pressurizadacorporal-150x150.png 150w, https:\/\/cientifique.com.br\/cursos\/wp-content\/uploads\/2018\/10\/icone-pressurizadacorporal-300x300.png 300w, https:\/\/cientifique.com.br\/cursos\/wp-content\/uploads\/2018\/10\/icone-pressurizadacorporal.png 565w\" sizes=\"auto, (max-width: 150px) 100vw, 150px\" \/> <span style=\"font-size: 21px;\"><strong>INTRADERMO PRESSURIZADA<\/strong> &#8211; \u00e9 uma t\u00e9cnica realizada atrav\u00e9s de uma caneta de pressuriza\u00e7\u00e3o que substitui a &#8220;temida agulha&#8221; mas com a mesma efici\u00eancia e sem dor, onde poder\u00e1 se administrar pequenas doses de ativos diretamente na regi\u00e3o desejada. Tem como objetivo amenizar gordura localizada, celulites, flacidez, manchas, estrias, <strong>queda de cabelo<\/strong>, redu\u00e7\u00e3o de papada, BOTOX LIKE, PREENCHEDORES e SKINBOOSTER da Est\u00e9tica.<\/span><\/p>\n<p>&nbsp;<\/p>\n<p><img loading=\"lazy\" decoding=\"async\" class=\"alignleft wp-image-1349 size-thumbnail\" src=\"https:\/\/cientifique.com.br\/cursos\/wp-content\/uploads\/2021\/08\/icone-microagulhamentocapilar-150x150.png\" alt=\"Microagulhamento Capilar, Est\u00e9tica Capilar, Cientifique\" width=\"150\" height=\"150\" srcset=\"https:\/\/cientifique.com.br\/cursos\/wp-content\/uploads\/2021\/08\/icone-microagulhamentocapilar-150x150.png 150w, https:\/\/cientifique.com.br\/cursos\/wp-content\/uploads\/2021\/08\/icone-microagulhamentocapilar-300x300.png 300w, https:\/\/cientifique.com.br\/cursos\/wp-content\/uploads\/2021\/08\/icone-microagulhamentocapilar.png 565w\" sizes=\"auto, (max-width: 150px) 100vw, 150px\" \/> <span style=\"font-size: 21px;\"><strong>MICROAGULHAMENTO<\/strong> &#8211; tem como principal objetivo a indu\u00e7\u00e3o percut\u00e2nea de col\u00e1geno fazendo com que haja uma melhora de oxigena\u00e7\u00e3o e nutri\u00e7\u00e3o nos tecidos. \u00c9 poss\u00edvel usar a t\u00e9cnica de forma segura, sem causar sangramento e dor com resultados fant\u00e1sticos no Rejuvenescimento, Flacidez de Pele, Cicatriz de Acne, Estrias, <strong>Terapia Capilar<\/strong>, Manchas, \u201ccelulite\u201d e Gordura Localizada.<\/span><\/p>\n<p>&nbsp;<\/p>\n<p><img loading=\"lazy\" decoding=\"async\" class=\"alignleft wp-image-1347 size-thumbnail\" src=\"https:\/\/cientifique.com.br\/cursos\/wp-content\/uploads\/2021\/08\/icone-ozoniocapilar-150x150.png\" alt=\"Terapia Capilar, Est\u00e9tica Capilar, Cientifique\" width=\"150\" height=\"150\" srcset=\"https:\/\/cientifique.com.br\/cursos\/wp-content\/uploads\/2021\/08\/icone-ozoniocapilar-150x150.png 150w, https:\/\/cientifique.com.br\/cursos\/wp-content\/uploads\/2021\/08\/icone-ozoniocapilar-300x300.png 300w, https:\/\/cientifique.com.br\/cursos\/wp-content\/uploads\/2021\/08\/icone-ozoniocapilar.png 565w\" sizes=\"auto, (max-width: 150px) 100vw, 150px\" \/><\/p>\n<p>&nbsp;<\/p>\n<p><span style=\"font-size: 21px;\"><strong>OZONIOTERAPIA<\/strong> &#8211; T\u00e9cnica terap\u00eautica que utiliza a aplica\u00e7\u00e3o de uma mistura dos gases oxig\u00eanio e oz\u00f4nio eficaz no tratamento celulite, gordura localizada, estrias, rugas, marcas de express\u00e3o, flacidez tissular e flacidez muscular, clareamento, emagrecimento, <strong>tratamento capilar<\/strong> e anti aging rejuvenescimento.<\/span><\/p>\n","protected":false},"excerpt":{"rendered":"<p><span style=\"color: #4d4c4f; font-family: 'Josefin Sans'; font-size: 18px;\">A terapia capilar \u00e9 a \u00e1rea que estuda os fios, couro cabeludo e pelos para tratar e manter a sa\u00fade deles. A EST\u00c9TICA CAPILAR prop\u00f5e realizar um diagn\u00f3stico e um tratamento com o objetivo de tratar a patologia de cada paciente, que pode ser: quedas de cabelo, quebra dos fios, tonifica\u00e7\u00e3o dos fios e a sa\u00fade do couro cabeludo.\u00a0<\/span><br \/>\n[wpcdt-countdown id=&#8221;902&#8243;]<\/p>\n","protected":false},"featured_media":1348,"comment_status":"open","ping_status":"closed","template":"","meta":[],"product_brand":[],"product_cat":[529,528],"product_tag":[],"class_list":{"0":"post-1346","1":"product","2":"type-product","3":"status-publish","4":"has-post-thumbnail","6":"product_cat-todos","7":"product_cat-atendimento","9":"first","10":"instock","11":"shipping-taxable","12":"product-type-simple","13":"prodpage-style3"},"yoast_head":"<!-- This site is optimized with the Yoast SEO plugin v27.2 - https:\/\/yoast.com\/product\/yoast-seo-wordpress\/ -->\n<title>ESPECIALIDADES - CAPILAR - Cientifique<\/title>\n<meta name=\"robots\" content=\"index, follow, max-snippet:-1, max-image-preview:large, max-video-preview:-1\" \/>\n<link rel=\"canonical\" href=\"https:\/\/cientifique.com.br\/cursos\/product\/especialidades-capilar\/\" \/>\n<meta property=\"og:locale\" content=\"pt_BR\" \/>\n<meta property=\"og:type\" content=\"article\" \/>\n<meta property=\"og:title\" content=\"ESPECIALIDADES - CAPILAR - Cientifique\" \/>\n<meta property=\"og:description\" content=\"A terapia capilar \u00e9 a \u00e1rea que estuda os fios, couro cabeludo e pelos para tratar e manter a sa\u00fade deles. A EST\u00c9TICA CAPILAR prop\u00f5e realizar um diagn\u00f3stico e um tratamento com o objetivo de tratar a patologia de cada paciente, que pode ser: quedas de cabelo, quebra dos fios, tonifica\u00e7\u00e3o dos fios e a sa\u00fade do couro cabeludo.\u00a0 [wpcdt-countdown id=&quot;902&quot;]\" \/>\n<meta property=\"og:url\" content=\"https:\/\/cientifique.com.br\/cursos\/product\/especialidades-capilar\/\" \/>\n<meta property=\"og:site_name\" content=\"Cientifique\" \/>\n<meta property=\"article:publisher\" content=\"https:\/\/www.facebook.com\/cientifique\" \/>\n<meta property=\"article:modified_time\" content=\"2022-12-18T16:37:34+00:00\" \/>\n<meta property=\"og:image\" content=\"https:\/\/cientifique.com.br\/cursos\/wp-content\/uploads\/2021\/08\/capilar.png\" \/>\n\t<meta property=\"og:image:width\" content=\"565\" \/>\n\t<meta property=\"og:image:height\" content=\"565\" \/>\n\t<meta property=\"og:image:type\" content=\"image\/png\" \/>\n<meta name=\"twitter:card\" content=\"summary_large_image\" \/>\n<meta name=\"twitter:site\" content=\"@cientifiquemid\" \/>\n<meta name=\"twitter:label1\" content=\"Est. tempo de leitura\" \/>\n\t<meta name=\"twitter:data1\" content=\"1 minuto\" \/>\n<script type=\"application\/ld+json\" class=\"yoast-schema-graph\">{\"@context\":\"https:\/\/schema.org\",\"@graph\":[{\"@type\":\"WebPage\",\"@id\":\"https:\/\/cientifique.com.br\/cursos\/product\/especialidades-capilar\/\",\"url\":\"https:\/\/cientifique.com.br\/cursos\/product\/especialidades-capilar\/\",\"name\":\"ESPECIALIDADES - CAPILAR - Cientifique\",\"isPartOf\":{\"@id\":\"https:\/\/cientifique.com.br\/cursos\/#website\"},\"primaryImageOfPage\":{\"@id\":\"https:\/\/cientifique.com.br\/cursos\/product\/especialidades-capilar\/#primaryimage\"},\"image\":{\"@id\":\"https:\/\/cientifique.com.br\/cursos\/product\/especialidades-capilar\/#primaryimage\"},\"thumbnailUrl\":\"https:\/\/cientifique.com.br\/cursos\/wp-content\/uploads\/2021\/08\/capilar.png\",\"datePublished\":\"2022-12-18T16:17:37+00:00\",\"dateModified\":\"2022-12-18T16:37:34+00:00\",\"breadcrumb\":{\"@id\":\"https:\/\/cientifique.com.br\/cursos\/product\/especialidades-capilar\/#breadcrumb\"},\"inLanguage\":\"pt-BR\",\"potentialAction\":[{\"@type\":\"ReadAction\",\"target\":[\"https:\/\/cientifique.com.br\/cursos\/product\/especialidades-capilar\/\"]}]},{\"@type\":\"ImageObject\",\"inLanguage\":\"pt-BR\",\"@id\":\"https:\/\/cientifique.com.br\/cursos\/product\/especialidades-capilar\/#primaryimage\",\"url\":\"https:\/\/cientifique.com.br\/cursos\/wp-content\/uploads\/2021\/08\/capilar.png\",\"contentUrl\":\"https:\/\/cientifique.com.br\/cursos\/wp-content\/uploads\/2021\/08\/capilar.png\",\"width\":565,\"height\":565,\"caption\":\"Terapia Capilar, Est\u00e9tica Capilar, Cientifique\"},{\"@type\":\"BreadcrumbList\",\"@id\":\"https:\/\/cientifique.com.br\/cursos\/product\/especialidades-capilar\/#breadcrumb\",\"itemListElement\":[{\"@type\":\"ListItem\",\"position\":1,\"name\":\"In\u00edcio\",\"item\":\"https:\/\/cientifique.com.br\/cursos\/\"},{\"@type\":\"ListItem\",\"position\":2,\"name\":\"Loja\",\"item\":\"https:\/\/cientifique.com.br\/cursos\/loja\/\"},{\"@type\":\"ListItem\",\"position\":3,\"name\":\"ESPECIALIDADES &#8211; CAPILAR\"}]},{\"@type\":\"WebSite\",\"@id\":\"https:\/\/cientifique.com.br\/cursos\/#website\",\"url\":\"https:\/\/cientifique.com.br\/cursos\/\",\"name\":\"Cientifique\",\"description\":\"Est\u00e9tica, sa\u00fade e bem estar\",\"publisher\":{\"@id\":\"https:\/\/cientifique.com.br\/cursos\/#organization\"},\"potentialAction\":[{\"@type\":\"SearchAction\",\"target\":{\"@type\":\"EntryPoint\",\"urlTemplate\":\"https:\/\/cientifique.com.br\/cursos\/?s={search_term_string}\"},\"query-input\":{\"@type\":\"PropertyValueSpecification\",\"valueRequired\":true,\"valueName\":\"search_term_string\"}}],\"inLanguage\":\"pt-BR\"},{\"@type\":\"Organization\",\"@id\":\"https:\/\/cientifique.com.br\/cursos\/#organization\",\"name\":\"Cientifique\",\"url\":\"https:\/\/cientifique.com.br\/cursos\/\",\"logo\":{\"@type\":\"ImageObject\",\"inLanguage\":\"pt-BR\",\"@id\":\"https:\/\/cientifique.com.br\/cursos\/#\/schema\/logo\/image\/\",\"url\":\"https:\/\/cientifique.com.br\/cursos\/wp-content\/uploads\/2020\/09\/cientifique_2020.png\",\"contentUrl\":\"https:\/\/cientifique.com.br\/cursos\/wp-content\/uploads\/2020\/09\/cientifique_2020.png\",\"width\":260,\"height\":58,\"caption\":\"Cientifique\"},\"image\":{\"@id\":\"https:\/\/cientifique.com.br\/cursos\/#\/schema\/logo\/image\/\"},\"sameAs\":[\"https:\/\/www.facebook.com\/cientifique\",\"https:\/\/x.com\/cientifiquemid\",\"https:\/\/instagram.com\/cientifique\",\"https:\/\/www.pinterest.com\/cientifique\/\"]}]}<\/script>\n<!-- \/ Yoast SEO plugin. -->","yoast_head_json":{"title":"ESPECIALIDADES - CAPILAR - Cientifique","robots":{"index":"index","follow":"follow","max-snippet":"max-snippet:-1","max-image-preview":"max-image-preview:large","max-video-preview":"max-video-preview:-1"},"canonical":"https:\/\/cientifique.com.br\/cursos\/product\/especialidades-capilar\/","og_locale":"pt_BR","og_type":"article","og_title":"ESPECIALIDADES - CAPILAR - Cientifique","og_description":"A terapia capilar \u00e9 a \u00e1rea que estuda os fios, couro cabeludo e pelos para tratar e manter a sa\u00fade deles. A EST\u00c9TICA CAPILAR prop\u00f5e realizar um diagn\u00f3stico e um tratamento com o objetivo de tratar a patologia de cada paciente, que pode ser: quedas de cabelo, quebra dos fios, tonifica\u00e7\u00e3o dos fios e a sa\u00fade do couro cabeludo.\u00a0 [wpcdt-countdown id=\"902\"]","og_url":"https:\/\/cientifique.com.br\/cursos\/product\/especialidades-capilar\/","og_site_name":"Cientifique","article_publisher":"https:\/\/www.facebook.com\/cientifique","article_modified_time":"2022-12-18T16:37:34+00:00","og_image":[{"width":565,"height":565,"url":"https:\/\/cientifique.com.br\/cursos\/wp-content\/uploads\/2021\/08\/capilar.png","type":"image\/png"}],"twitter_card":"summary_large_image","twitter_site":"@cientifiquemid","twitter_misc":{"Est. tempo de leitura":"1 minuto"},"schema":{"@context":"https:\/\/schema.org","@graph":[{"@type":"WebPage","@id":"https:\/\/cientifique.com.br\/cursos\/product\/especialidades-capilar\/","url":"https:\/\/cientifique.com.br\/cursos\/product\/especialidades-capilar\/","name":"ESPECIALIDADES - CAPILAR - Cientifique","isPartOf":{"@id":"https:\/\/cientifique.com.br\/cursos\/#website"},"primaryImageOfPage":{"@id":"https:\/\/cientifique.com.br\/cursos\/product\/especialidades-capilar\/#primaryimage"},"image":{"@id":"https:\/\/cientifique.com.br\/cursos\/product\/especialidades-capilar\/#primaryimage"},"thumbnailUrl":"https:\/\/cientifique.com.br\/cursos\/wp-content\/uploads\/2021\/08\/capilar.png","datePublished":"2022-12-18T16:17:37+00:00","dateModified":"2022-12-18T16:37:34+00:00","breadcrumb":{"@id":"https:\/\/cientifique.com.br\/cursos\/product\/especialidades-capilar\/#breadcrumb"},"inLanguage":"pt-BR","potentialAction":[{"@type":"ReadAction","target":["https:\/\/cientifique.com.br\/cursos\/product\/especialidades-capilar\/"]}]},{"@type":"ImageObject","inLanguage":"pt-BR","@id":"https:\/\/cientifique.com.br\/cursos\/product\/especialidades-capilar\/#primaryimage","url":"https:\/\/cientifique.com.br\/cursos\/wp-content\/uploads\/2021\/08\/capilar.png","contentUrl":"https:\/\/cientifique.com.br\/cursos\/wp-content\/uploads\/2021\/08\/capilar.png","width":565,"height":565,"caption":"Terapia Capilar, Est\u00e9tica Capilar, Cientifique"},{"@type":"BreadcrumbList","@id":"https:\/\/cientifique.com.br\/cursos\/product\/especialidades-capilar\/#breadcrumb","itemListElement":[{"@type":"ListItem","position":1,"name":"In\u00edcio","item":"https:\/\/cientifique.com.br\/cursos\/"},{"@type":"ListItem","position":2,"name":"Loja","item":"https:\/\/cientifique.com.br\/cursos\/loja\/"},{"@type":"ListItem","position":3,"name":"ESPECIALIDADES &#8211; CAPILAR"}]},{"@type":"WebSite","@id":"https:\/\/cientifique.com.br\/cursos\/#website","url":"https:\/\/cientifique.com.br\/cursos\/","name":"Cientifique","description":"Est\u00e9tica, sa\u00fade e bem estar","publisher":{"@id":"https:\/\/cientifique.com.br\/cursos\/#organization"},"potentialAction":[{"@type":"SearchAction","target":{"@type":"EntryPoint","urlTemplate":"https:\/\/cientifique.com.br\/cursos\/?s={search_term_string}"},"query-input":{"@type":"PropertyValueSpecification","valueRequired":true,"valueName":"search_term_string"}}],"inLanguage":"pt-BR"},{"@type":"Organization","@id":"https:\/\/cientifique.com.br\/cursos\/#organization","name":"Cientifique","url":"https:\/\/cientifique.com.br\/cursos\/","logo":{"@type":"ImageObject","inLanguage":"pt-BR","@id":"https:\/\/cientifique.com.br\/cursos\/#\/schema\/logo\/image\/","url":"https:\/\/cientifique.com.br\/cursos\/wp-content\/uploads\/2020\/09\/cientifique_2020.png","contentUrl":"https:\/\/cientifique.com.br\/cursos\/wp-content\/uploads\/2020\/09\/cientifique_2020.png","width":260,"height":58,"caption":"Cientifique"},"image":{"@id":"https:\/\/cientifique.com.br\/cursos\/#\/schema\/logo\/image\/"},"sameAs":["https:\/\/www.facebook.com\/cientifique","https:\/\/x.com\/cientifiquemid","https:\/\/instagram.com\/cientifique","https:\/\/www.pinterest.com\/cientifique\/"]}]}},"jetpack_sharing_enabled":true,"_links":{"self":[{"href":"https:\/\/cientifique.com.br\/cursos\/wp-json\/wp\/v2\/product\/1346","targetHints":{"allow":["GET"]}}],"collection":[{"href":"https:\/\/cientifique.com.br\/cursos\/wp-json\/wp\/v2\/product"}],"about":[{"href":"https:\/\/cientifique.com.br\/cursos\/wp-json\/wp\/v2\/types\/product"}],"replies":[{"embeddable":true,"href":"https:\/\/cientifique.com.br\/cursos\/wp-json\/wp\/v2\/comments?post=1346"}],"wp:featuredmedia":[{"embeddable":true,"href":"https:\/\/cientifique.com.br\/cursos\/wp-json\/wp\/v2\/media\/1348"}],"wp:attachment":[{"href":"https:\/\/cientifique.com.br\/cursos\/wp-json\/wp\/v2\/media?parent=1346"}],"wp:term":[{"taxonomy":"product_brand","embeddable":true,"href":"https:\/\/cientifique.com.br\/cursos\/wp-json\/wp\/v2\/product_brand?post=1346"},{"taxonomy":"product_cat","embeddable":true,"href":"https:\/\/cientifique.com.br\/cursos\/wp-json\/wp\/v2\/product_cat?post=1346"},{"taxonomy":"product_tag","embeddable":true,"href":"https:\/\/cientifique.com.br\/cursos\/wp-json\/wp\/v2\/product_tag?post=1346"}],"curies":[{"name":"wp","href":"https:\/\/api.w.org\/{rel}","templated":true}]}}