{"id":1351,"date":"2022-12-18T13:01:10","date_gmt":"2022-12-18T16:01:10","guid":{"rendered":"https:\/\/cientifique.com\/cursos\/?post_type=product&#038;p=1351"},"modified":"2022-12-18T13:37:53","modified_gmt":"2022-12-18T16:37:53","slug":"especialidades-facial","status":"publish","type":"product","link":"https:\/\/cientifique.com.br\/cursos\/product\/especialidades-facial\/","title":{"rendered":"ESPECIALIDADES &#8211; FACIAL"},"content":{"rendered":"<p><span style=\"font-size: 18px;\"><strong>EST\u00c9TICA FACIAL<\/strong> \u00e9 uma combina\u00e7\u00e3o entre o equil\u00edbrio e a harmonia da face e de suas a\u00e7\u00f5es. Esse conjunto determina a personalidade e a apar\u00eancia de uma pessoa, al\u00e9m de permitir uma melhor qualidade de vida. A est\u00e9tica facial, realizada por especialistas, \u00e9 poss\u00edvel retardar o envelhecimento e melhorar a autoestima das pessoas, por meio de interven\u00e7\u00f5es espec\u00edficas e personalizadas a cada tipo de pele.<\/span><\/p>\n<p>&nbsp;<\/p>\n<p><img loading=\"lazy\" decoding=\"async\" class=\"alignleft wp-image-1352 size-thumbnail\" src=\"https:\/\/cientifique.com.br\/cursos\/wp-content\/uploads\/2021\/08\/icone-limpezadepele-150x150.png\" alt=\"Limpeza de Pele, Cientifique\" width=\"150\" height=\"150\" srcset=\"https:\/\/cientifique.com.br\/cursos\/wp-content\/uploads\/2021\/08\/icone-limpezadepele-150x150.png 150w, https:\/\/cientifique.com.br\/cursos\/wp-content\/uploads\/2021\/08\/icone-limpezadepele-300x300.png 300w, https:\/\/cientifique.com.br\/cursos\/wp-content\/uploads\/2021\/08\/icone-limpezadepele.png 565w\" sizes=\"auto, (max-width: 150px) 100vw, 150px\" \/> <span style=\"font-size: 18px;\"><strong>LIMPEZA DE PELE<\/strong> \u00e9 o procedimento facial mais conhecido e procurado, mas deve ser realizado por um profissional habilitado, se n\u00e3o for aplicado de forma correta e com produtos espec\u00edficos, pode gerar efeitos colaterais indesejados. Oferecemos a LIMPEZA DE PELE TRADICIONAL, LIMPEZA DE PELE PROFUNDA E LIMPEZA DE PELE VEGANA &amp; ORG\u00c2NICA.<\/span><\/p>\n<p>&nbsp;<\/p>\n<p>&nbsp;<\/p>\n<p><img loading=\"lazy\" decoding=\"async\" class=\"alignleft wp-image-1355 size-thumbnail\" src=\"https:\/\/cientifique.com.br\/cursos\/wp-content\/uploads\/2021\/08\/icone-drenagemfacial-150x150.png\" alt=\"Drenagem Linf\u00e1tica Facial, Est\u00e9tica Facial, Cientifique\" width=\"150\" height=\"150\" srcset=\"https:\/\/cientifique.com.br\/cursos\/wp-content\/uploads\/2021\/08\/icone-drenagemfacial-150x150.png 150w, https:\/\/cientifique.com.br\/cursos\/wp-content\/uploads\/2021\/08\/icone-drenagemfacial-300x300.png 300w, https:\/\/cientifique.com.br\/cursos\/wp-content\/uploads\/2021\/08\/icone-drenagemfacial.png 565w\" sizes=\"auto, (max-width: 150px) 100vw, 150px\" \/> <span style=\"font-size: 18px;\"><strong>DRENAGEM LINF\u00c1TICA<\/strong> &#8211; tem como objetivo aumentar o volume e a velocidade da linfa a ser transportada pelos vasos e ductos linf\u00e1ticos, por meio de manobras que imitem o bombeamento fisiol\u00f3gico. Essa t\u00e9cnica oferece benef\u00edcios fisiol\u00f3gicos importantes e pode ser realizada em pessoas que apresentam cansa\u00e7o extremo, incha\u00e7o, reten\u00e7\u00e3o de l\u00edquidos, edemas faciais ou que passaram por processos cir\u00fargicos como parto e cirurgias pl\u00e1sticas. O ideal \u00e9 que o procedimento seja feito uma vez por semana.<\/span><\/p>\n<p>&nbsp;<\/p>\n<p><img loading=\"lazy\" decoding=\"async\" class=\"alignleft wp-image-1356 size-thumbnail\" src=\"https:\/\/cientifique.com.br\/cursos\/wp-content\/uploads\/2021\/08\/icone-intradermofacial-150x150.png\" alt=\"Intradermo Pressurizada Facial, Cientifique\" width=\"150\" height=\"150\" srcset=\"https:\/\/cientifique.com.br\/cursos\/wp-content\/uploads\/2021\/08\/icone-intradermofacial-150x150.png 150w, https:\/\/cientifique.com.br\/cursos\/wp-content\/uploads\/2021\/08\/icone-intradermofacial-300x300.png 300w, https:\/\/cientifique.com.br\/cursos\/wp-content\/uploads\/2021\/08\/icone-intradermofacial.png 565w\" sizes=\"auto, (max-width: 150px) 100vw, 150px\" \/> <span style=\"font-size: 18px;\"><strong>INTRADERMO PRESSURIZADA<\/strong> &#8211; \u00e9 uma t\u00e9cnica realizada atrav\u00e9s de uma caneta de pressuriza\u00e7\u00e3o que substitui a &#8220;temida agulha&#8221; mas com a mesma efici\u00eancia e sem dor, onde poder\u00e1 se administrar pequenas doses de ativos diretamente na regi\u00e3o desejada. Tem como objetivo amenizar gordura localizada, celulites, <strong>flacidez<\/strong>, manchas, estrias, queda de cabelo, <strong>redu\u00e7\u00e3o de papada<\/strong>, <strong>BOTOX LIKE<\/strong>, <strong>PREENCHEDORES<\/strong> e <strong>SKINBOOSTER da Est\u00e9tica<\/strong>.<\/span><\/p>\n<p>&nbsp;<\/p>\n<p><img loading=\"lazy\" decoding=\"async\" class=\"alignleft wp-image-1357 size-thumbnail\" src=\"https:\/\/cientifique.com.br\/cursos\/wp-content\/uploads\/2021\/08\/icone-microagulhamentofacial-150x150.png\" alt=\"Microagulhamento Facial, Cientifique\" width=\"150\" height=\"150\" srcset=\"https:\/\/cientifique.com.br\/cursos\/wp-content\/uploads\/2021\/08\/icone-microagulhamentofacial-150x150.png 150w, https:\/\/cientifique.com.br\/cursos\/wp-content\/uploads\/2021\/08\/icone-microagulhamentofacial-300x300.png 300w, https:\/\/cientifique.com.br\/cursos\/wp-content\/uploads\/2021\/08\/icone-microagulhamentofacial.png 565w\" sizes=\"auto, (max-width: 150px) 100vw, 150px\" \/> <span style=\"font-size: 18px;\"><strong>MICROAGULHAMENTO<\/strong> &#8211; tem como principal objetivo a indu\u00e7\u00e3o percut\u00e2nea de col\u00e1geno fazendo com que haja uma melhora de oxigena\u00e7\u00e3o e nutri\u00e7\u00e3o nos tecidos. \u00c9 poss\u00edvel usar a t\u00e9cnica de forma segura, sem causar sangramento e dor com resultados fant\u00e1sticos no <strong>Rejuvenescimento, Flacidez de Pele, Cicatriz de Acne<\/strong>, Estrias, Terapia Capilar, <strong>Manchas<\/strong>, \u201ccelulite\u201d e Gordura Localizada.<\/span><\/p>\n<p>&nbsp;<\/p>\n<p>&nbsp;<\/p>\n<p><img loading=\"lazy\" decoding=\"async\" class=\"alignleft wp-image-1359 size-thumbnail\" src=\"https:\/\/cientifique.com.br\/cursos\/wp-content\/uploads\/2021\/08\/icone-peelingfacial-150x150.png\" alt=\"Peeling Est\u00e9tico, Cientifique\" width=\"150\" height=\"150\" srcset=\"https:\/\/cientifique.com.br\/cursos\/wp-content\/uploads\/2021\/08\/icone-peelingfacial-150x150.png 150w, https:\/\/cientifique.com.br\/cursos\/wp-content\/uploads\/2021\/08\/icone-peelingfacial-300x300.png 300w, https:\/\/cientifique.com.br\/cursos\/wp-content\/uploads\/2021\/08\/icone-peelingfacial.png 565w\" sizes=\"auto, (max-width: 150px) 100vw, 150px\" \/> <span style=\"font-size: 18px;\"><strong>PEELING<\/strong> &#8211; remove as camadas da pele consideradas c\u00e9lulas mortas que geralmente s\u00e3o eliminadas na descama\u00e7\u00e3o natural. Atrav\u00e9s da esfolia\u00e7\u00e3o \u00e9 poss\u00edvel disparar um processo de renova\u00e7\u00e3o celular apresentando uma nova pele, com vi\u00e7o, luminosidade, melhorar o t\u00f4nus atuando tamb\u00e9m na firmeza. Tratamento efetivo para rugas finas, imperfei\u00e7\u00f5es da pele, acne, clareamento de manchas e \u00e9 muito utilizado para eliminar as temidas estrias.<\/span><\/p>\n<p>&nbsp;<\/p>\n<p><img loading=\"lazy\" decoding=\"async\" class=\"alignleft wp-image-1358 size-thumbnail\" src=\"https:\/\/cientifique.com.br\/cursos\/wp-content\/uploads\/2021\/08\/icone-ozoniofacial-150x150.png\" alt=\"Ozonioterapia Facial, Cientifique\" width=\"150\" height=\"150\" srcset=\"https:\/\/cientifique.com.br\/cursos\/wp-content\/uploads\/2021\/08\/icone-ozoniofacial-150x150.png 150w, https:\/\/cientifique.com.br\/cursos\/wp-content\/uploads\/2021\/08\/icone-ozoniofacial-300x300.png 300w, https:\/\/cientifique.com.br\/cursos\/wp-content\/uploads\/2021\/08\/icone-ozoniofacial.png 565w\" sizes=\"auto, (max-width: 150px) 100vw, 150px\" \/> <span style=\"font-size: 18px;\"><strong>OZONIOTERAPIA<\/strong> &#8211; T\u00e9cnica terap\u00eautica que utiliza a aplica\u00e7\u00e3o de uma mistura dos gases oxig\u00eanio e oz\u00f4nio eficaz no tratamento celulite, gordura localizada, estrias, <strong>rugas<\/strong>, <strong>marcas de express\u00e3o<\/strong>, <strong>flacidez tissular<\/strong> e flacidez muscular, <strong>clareamento<\/strong>, emagrecimento, tratamento capilar, <strong>anti aging<\/strong> e <strong>rejuvenescimento<\/strong>.<\/span><\/p>\n<p>&nbsp;<\/p>\n<p>&nbsp;<\/p>\n<p><img loading=\"lazy\" decoding=\"async\" class=\"alignleft wp-image-1360 size-thumbnail\" src=\"https:\/\/cientifique.com.br\/cursos\/wp-content\/uploads\/2021\/08\/icone-tapingfacial-150x150.png\" alt=\"Taping Est\u00e9tico, Cientifique\" width=\"150\" height=\"150\" srcset=\"https:\/\/cientifique.com.br\/cursos\/wp-content\/uploads\/2021\/08\/icone-tapingfacial-150x150.png 150w, https:\/\/cientifique.com.br\/cursos\/wp-content\/uploads\/2021\/08\/icone-tapingfacial-300x300.png 300w, https:\/\/cientifique.com.br\/cursos\/wp-content\/uploads\/2021\/08\/icone-tapingfacial.png 565w\" sizes=\"auto, (max-width: 150px) 100vw, 150px\" \/> <span style=\"font-size: 18px;\"><strong>TAPING EST\u00c9TICO<\/strong> &#8211; t\u00e9cnica realizada atrav\u00e9s da aplica\u00e7\u00e3o de bandagens funcionais que ir\u00e3o promover a remo\u00e7\u00e3o de congestionamento dos tecidos, incremento da circula\u00e7\u00e3o e drenagem linf\u00e1tica, melhoria da fun\u00e7\u00e3o muscular regulando o seu t\u00f4nus, melhora na distribui\u00e7\u00e3o do tecido cicatricial, sendo indicado em cicatrizes hipertr\u00f3ficas e entre outras fun\u00e7\u00f5es.<\/span><\/p>\n","protected":false},"excerpt":{"rendered":"<p><span style=\"color: #4d4c4f; font-family: 'Josefin Sans'; font-size: 18px;\">A EST\u00c9TICA FACIAL \u00e9 uma combina\u00e7\u00e3o entre o equil\u00edbrio e a harmonia da face e de suas a\u00e7\u00f5es. Esse conjunto determina a personalidade e a apar\u00eancia de uma pessoa, al\u00e9m de permitir uma melhor qualidade de vida. A est\u00e9tica facial, realizada por especialistas, \u00e9 poss\u00edvel retardar o envelhecimento e melhorar a autoestima das pessoas, por meio de interven\u00e7\u00f5es espec\u00edficas e personalizadas a cada tipo de pele.<\/span><br \/>\n[wpcdt-countdown id=&#8221;902&#8243;]<\/p>\n","protected":false},"featured_media":1354,"comment_status":"open","ping_status":"closed","template":"","meta":[],"product_brand":[],"product_cat":[529,528],"product_tag":[],"class_list":{"0":"post-1351","1":"product","2":"type-product","3":"status-publish","4":"has-post-thumbnail","6":"product_cat-todos","7":"product_cat-atendimento","9":"first","10":"instock","11":"shipping-taxable","12":"product-type-simple","13":"prodpage-style3"},"yoast_head":"<!-- This site is optimized with the Yoast SEO plugin v27.2 - https:\/\/yoast.com\/product\/yoast-seo-wordpress\/ -->\n<title>ESPECIALIDADES - FACIAL - Cientifique<\/title>\n<meta name=\"robots\" content=\"index, follow, max-snippet:-1, max-image-preview:large, max-video-preview:-1\" \/>\n<link rel=\"canonical\" href=\"https:\/\/cientifique.com.br\/cursos\/product\/especialidades-facial\/\" \/>\n<meta property=\"og:locale\" content=\"pt_BR\" \/>\n<meta property=\"og:type\" content=\"article\" \/>\n<meta property=\"og:title\" content=\"ESPECIALIDADES - FACIAL - Cientifique\" \/>\n<meta property=\"og:description\" content=\"A EST\u00c9TICA FACIAL \u00e9 uma combina\u00e7\u00e3o entre o equil\u00edbrio e a harmonia da face e de suas a\u00e7\u00f5es. Esse conjunto determina a personalidade e a apar\u00eancia de uma pessoa, al\u00e9m de permitir uma melhor qualidade de vida. A est\u00e9tica facial, realizada por especialistas, \u00e9 poss\u00edvel retardar o envelhecimento e melhorar a autoestima das pessoas, por meio de interven\u00e7\u00f5es espec\u00edficas e personalizadas a cada tipo de pele. [wpcdt-countdown id=&quot;902&quot;]\" \/>\n<meta property=\"og:url\" content=\"https:\/\/cientifique.com.br\/cursos\/product\/especialidades-facial\/\" \/>\n<meta property=\"og:site_name\" content=\"Cientifique\" \/>\n<meta property=\"article:publisher\" content=\"https:\/\/www.facebook.com\/cientifique\" \/>\n<meta property=\"article:modified_time\" content=\"2022-12-18T16:37:53+00:00\" \/>\n<meta property=\"og:image\" content=\"https:\/\/cientifique.com.br\/cursos\/wp-content\/uploads\/2021\/08\/facial.png\" \/>\n\t<meta property=\"og:image:width\" content=\"565\" \/>\n\t<meta property=\"og:image:height\" content=\"565\" \/>\n\t<meta property=\"og:image:type\" content=\"image\/png\" \/>\n<meta name=\"twitter:card\" content=\"summary_large_image\" \/>\n<meta name=\"twitter:site\" content=\"@cientifiquemid\" \/>\n<meta name=\"twitter:label1\" content=\"Est. tempo de leitura\" \/>\n\t<meta name=\"twitter:data1\" content=\"3 minutos\" \/>\n<script type=\"application\/ld+json\" class=\"yoast-schema-graph\">{\"@context\":\"https:\/\/schema.org\",\"@graph\":[{\"@type\":\"WebPage\",\"@id\":\"https:\/\/cientifique.com.br\/cursos\/product\/especialidades-facial\/\",\"url\":\"https:\/\/cientifique.com.br\/cursos\/product\/especialidades-facial\/\",\"name\":\"ESPECIALIDADES - FACIAL - Cientifique\",\"isPartOf\":{\"@id\":\"https:\/\/cientifique.com.br\/cursos\/#website\"},\"primaryImageOfPage\":{\"@id\":\"https:\/\/cientifique.com.br\/cursos\/product\/especialidades-facial\/#primaryimage\"},\"image\":{\"@id\":\"https:\/\/cientifique.com.br\/cursos\/product\/especialidades-facial\/#primaryimage\"},\"thumbnailUrl\":\"https:\/\/cientifique.com.br\/cursos\/wp-content\/uploads\/2021\/08\/facial.png\",\"datePublished\":\"2022-12-18T16:01:10+00:00\",\"dateModified\":\"2022-12-18T16:37:53+00:00\",\"breadcrumb\":{\"@id\":\"https:\/\/cientifique.com.br\/cursos\/product\/especialidades-facial\/#breadcrumb\"},\"inLanguage\":\"pt-BR\",\"potentialAction\":[{\"@type\":\"ReadAction\",\"target\":[\"https:\/\/cientifique.com.br\/cursos\/product\/especialidades-facial\/\"]}]},{\"@type\":\"ImageObject\",\"inLanguage\":\"pt-BR\",\"@id\":\"https:\/\/cientifique.com.br\/cursos\/product\/especialidades-facial\/#primaryimage\",\"url\":\"https:\/\/cientifique.com.br\/cursos\/wp-content\/uploads\/2021\/08\/facial.png\",\"contentUrl\":\"https:\/\/cientifique.com.br\/cursos\/wp-content\/uploads\/2021\/08\/facial.png\",\"width\":565,\"height\":565,\"caption\":\"Est\u00e9tica Facial\"},{\"@type\":\"BreadcrumbList\",\"@id\":\"https:\/\/cientifique.com.br\/cursos\/product\/especialidades-facial\/#breadcrumb\",\"itemListElement\":[{\"@type\":\"ListItem\",\"position\":1,\"name\":\"In\u00edcio\",\"item\":\"https:\/\/cientifique.com.br\/cursos\/\"},{\"@type\":\"ListItem\",\"position\":2,\"name\":\"Loja\",\"item\":\"https:\/\/cientifique.com.br\/cursos\/loja\/\"},{\"@type\":\"ListItem\",\"position\":3,\"name\":\"ESPECIALIDADES &#8211; FACIAL\"}]},{\"@type\":\"WebSite\",\"@id\":\"https:\/\/cientifique.com.br\/cursos\/#website\",\"url\":\"https:\/\/cientifique.com.br\/cursos\/\",\"name\":\"Cientifique\",\"description\":\"Est\u00e9tica, sa\u00fade e bem estar\",\"publisher\":{\"@id\":\"https:\/\/cientifique.com.br\/cursos\/#organization\"},\"potentialAction\":[{\"@type\":\"SearchAction\",\"target\":{\"@type\":\"EntryPoint\",\"urlTemplate\":\"https:\/\/cientifique.com.br\/cursos\/?s={search_term_string}\"},\"query-input\":{\"@type\":\"PropertyValueSpecification\",\"valueRequired\":true,\"valueName\":\"search_term_string\"}}],\"inLanguage\":\"pt-BR\"},{\"@type\":\"Organization\",\"@id\":\"https:\/\/cientifique.com.br\/cursos\/#organization\",\"name\":\"Cientifique\",\"url\":\"https:\/\/cientifique.com.br\/cursos\/\",\"logo\":{\"@type\":\"ImageObject\",\"inLanguage\":\"pt-BR\",\"@id\":\"https:\/\/cientifique.com.br\/cursos\/#\/schema\/logo\/image\/\",\"url\":\"https:\/\/cientifique.com.br\/cursos\/wp-content\/uploads\/2020\/09\/cientifique_2020.png\",\"contentUrl\":\"https:\/\/cientifique.com.br\/cursos\/wp-content\/uploads\/2020\/09\/cientifique_2020.png\",\"width\":260,\"height\":58,\"caption\":\"Cientifique\"},\"image\":{\"@id\":\"https:\/\/cientifique.com.br\/cursos\/#\/schema\/logo\/image\/\"},\"sameAs\":[\"https:\/\/www.facebook.com\/cientifique\",\"https:\/\/x.com\/cientifiquemid\",\"https:\/\/instagram.com\/cientifique\",\"https:\/\/www.pinterest.com\/cientifique\/\"]}]}<\/script>\n<!-- \/ Yoast SEO plugin. -->","yoast_head_json":{"title":"ESPECIALIDADES - FACIAL - Cientifique","robots":{"index":"index","follow":"follow","max-snippet":"max-snippet:-1","max-image-preview":"max-image-preview:large","max-video-preview":"max-video-preview:-1"},"canonical":"https:\/\/cientifique.com.br\/cursos\/product\/especialidades-facial\/","og_locale":"pt_BR","og_type":"article","og_title":"ESPECIALIDADES - FACIAL - Cientifique","og_description":"A EST\u00c9TICA FACIAL \u00e9 uma combina\u00e7\u00e3o entre o equil\u00edbrio e a harmonia da face e de suas a\u00e7\u00f5es. Esse conjunto determina a personalidade e a apar\u00eancia de uma pessoa, al\u00e9m de permitir uma melhor qualidade de vida. A est\u00e9tica facial, realizada por especialistas, \u00e9 poss\u00edvel retardar o envelhecimento e melhorar a autoestima das pessoas, por meio de interven\u00e7\u00f5es espec\u00edficas e personalizadas a cada tipo de pele. [wpcdt-countdown id=\"902\"]","og_url":"https:\/\/cientifique.com.br\/cursos\/product\/especialidades-facial\/","og_site_name":"Cientifique","article_publisher":"https:\/\/www.facebook.com\/cientifique","article_modified_time":"2022-12-18T16:37:53+00:00","og_image":[{"width":565,"height":565,"url":"https:\/\/cientifique.com.br\/cursos\/wp-content\/uploads\/2021\/08\/facial.png","type":"image\/png"}],"twitter_card":"summary_large_image","twitter_site":"@cientifiquemid","twitter_misc":{"Est. tempo de leitura":"3 minutos"},"schema":{"@context":"https:\/\/schema.org","@graph":[{"@type":"WebPage","@id":"https:\/\/cientifique.com.br\/cursos\/product\/especialidades-facial\/","url":"https:\/\/cientifique.com.br\/cursos\/product\/especialidades-facial\/","name":"ESPECIALIDADES - FACIAL - Cientifique","isPartOf":{"@id":"https:\/\/cientifique.com.br\/cursos\/#website"},"primaryImageOfPage":{"@id":"https:\/\/cientifique.com.br\/cursos\/product\/especialidades-facial\/#primaryimage"},"image":{"@id":"https:\/\/cientifique.com.br\/cursos\/product\/especialidades-facial\/#primaryimage"},"thumbnailUrl":"https:\/\/cientifique.com.br\/cursos\/wp-content\/uploads\/2021\/08\/facial.png","datePublished":"2022-12-18T16:01:10+00:00","dateModified":"2022-12-18T16:37:53+00:00","breadcrumb":{"@id":"https:\/\/cientifique.com.br\/cursos\/product\/especialidades-facial\/#breadcrumb"},"inLanguage":"pt-BR","potentialAction":[{"@type":"ReadAction","target":["https:\/\/cientifique.com.br\/cursos\/product\/especialidades-facial\/"]}]},{"@type":"ImageObject","inLanguage":"pt-BR","@id":"https:\/\/cientifique.com.br\/cursos\/product\/especialidades-facial\/#primaryimage","url":"https:\/\/cientifique.com.br\/cursos\/wp-content\/uploads\/2021\/08\/facial.png","contentUrl":"https:\/\/cientifique.com.br\/cursos\/wp-content\/uploads\/2021\/08\/facial.png","width":565,"height":565,"caption":"Est\u00e9tica Facial"},{"@type":"BreadcrumbList","@id":"https:\/\/cientifique.com.br\/cursos\/product\/especialidades-facial\/#breadcrumb","itemListElement":[{"@type":"ListItem","position":1,"name":"In\u00edcio","item":"https:\/\/cientifique.com.br\/cursos\/"},{"@type":"ListItem","position":2,"name":"Loja","item":"https:\/\/cientifique.com.br\/cursos\/loja\/"},{"@type":"ListItem","position":3,"name":"ESPECIALIDADES &#8211; FACIAL"}]},{"@type":"WebSite","@id":"https:\/\/cientifique.com.br\/cursos\/#website","url":"https:\/\/cientifique.com.br\/cursos\/","name":"Cientifique","description":"Est\u00e9tica, sa\u00fade e bem estar","publisher":{"@id":"https:\/\/cientifique.com.br\/cursos\/#organization"},"potentialAction":[{"@type":"SearchAction","target":{"@type":"EntryPoint","urlTemplate":"https:\/\/cientifique.com.br\/cursos\/?s={search_term_string}"},"query-input":{"@type":"PropertyValueSpecification","valueRequired":true,"valueName":"search_term_string"}}],"inLanguage":"pt-BR"},{"@type":"Organization","@id":"https:\/\/cientifique.com.br\/cursos\/#organization","name":"Cientifique","url":"https:\/\/cientifique.com.br\/cursos\/","logo":{"@type":"ImageObject","inLanguage":"pt-BR","@id":"https:\/\/cientifique.com.br\/cursos\/#\/schema\/logo\/image\/","url":"https:\/\/cientifique.com.br\/cursos\/wp-content\/uploads\/2020\/09\/cientifique_2020.png","contentUrl":"https:\/\/cientifique.com.br\/cursos\/wp-content\/uploads\/2020\/09\/cientifique_2020.png","width":260,"height":58,"caption":"Cientifique"},"image":{"@id":"https:\/\/cientifique.com.br\/cursos\/#\/schema\/logo\/image\/"},"sameAs":["https:\/\/www.facebook.com\/cientifique","https:\/\/x.com\/cientifiquemid","https:\/\/instagram.com\/cientifique","https:\/\/www.pinterest.com\/cientifique\/"]}]}},"jetpack_sharing_enabled":true,"_links":{"self":[{"href":"https:\/\/cientifique.com.br\/cursos\/wp-json\/wp\/v2\/product\/1351","targetHints":{"allow":["GET"]}}],"collection":[{"href":"https:\/\/cientifique.com.br\/cursos\/wp-json\/wp\/v2\/product"}],"about":[{"href":"https:\/\/cientifique.com.br\/cursos\/wp-json\/wp\/v2\/types\/product"}],"replies":[{"embeddable":true,"href":"https:\/\/cientifique.com.br\/cursos\/wp-json\/wp\/v2\/comments?post=1351"}],"wp:featuredmedia":[{"embeddable":true,"href":"https:\/\/cientifique.com.br\/cursos\/wp-json\/wp\/v2\/media\/1354"}],"wp:attachment":[{"href":"https:\/\/cientifique.com.br\/cursos\/wp-json\/wp\/v2\/media?parent=1351"}],"wp:term":[{"taxonomy":"product_brand","embeddable":true,"href":"https:\/\/cientifique.com.br\/cursos\/wp-json\/wp\/v2\/product_brand?post=1351"},{"taxonomy":"product_cat","embeddable":true,"href":"https:\/\/cientifique.com.br\/cursos\/wp-json\/wp\/v2\/product_cat?post=1351"},{"taxonomy":"product_tag","embeddable":true,"href":"https:\/\/cientifique.com.br\/cursos\/wp-json\/wp\/v2\/product_tag?post=1351"}],"curies":[{"name":"wp","href":"https:\/\/api.w.org\/{rel}","templated":true}]}}