{"id":7863,"date":"2022-12-18T12:52:57","date_gmt":"2022-12-18T15:52:57","guid":{"rendered":"https:\/\/cientifique.com\/cursos\/?post_type=product&#038;p=7863"},"modified":"2023-03-20T07:56:10","modified_gmt":"2023-03-20T10:56:10","slug":"inscricao-profissional","status":"publish","type":"product","link":"https:\/\/cientifique.com.br\/cursos\/product\/inscricao-profissional\/","title":{"rendered":"Inscri\u00e7\u00e3o Profissional"},"content":{"rendered":"<p>O 1.\u00ba SIMP\u00d3SIO EST\u00c9TICA INTEGRADA COM NUTRI\u00c7\u00c3O, AROMATERAPIA E NUTRAC\u00caUTICOS ser\u00e1 realizado no dia 15 de agosto de 2016 na APM \u2013 Associa\u00e7\u00e3o Paulista de Medicina Regional de Santo Andr\u00e9 no per\u00edodo das 8:00 \u00e0s 18:00.<\/p>\n<p>O objetivo deste Simp\u00f3sio \u00e9 a capacita\u00e7\u00e3o do Profissional da \u00c1rea de Est\u00e9tica no desenvolvimento da aplica\u00e7\u00e3o pr\u00e1tica de recursos das Ci\u00eancias da Nutri\u00e7\u00e3o, dos Nutrac\u00eauticos, da Aromaterapia e Tecnologias Cosmec\u00eauticas, com base no conceito IN &amp; OUT em tratamentos Faciais e Corporais.<\/p>\n<p>Hoje sabemos que o tratamento est\u00e9tico precisa estar aliado a uma alimenta\u00e7\u00e3o equilibrada e focada para surtir o resultado desejado no qual foi proposto aos nossos clientes. Dentro desta problem\u00e1tica, apresentamos de uma forma clara e elucidativa, a capacita\u00e7\u00e3o do profissional da est\u00e9tica a realizar uma Orienta\u00e7\u00e3o Nutricional eficaz, mesmo quando n\u00e3o possuir um Nutricionista que integre sua equipe multiprofissional ou que o possa encaminhar.<\/p>\n<p>Completando o conceito IN &amp; OUT ser\u00e1 abordado a pr\u00e1tica da Aromaterapia e Nutrac\u00eauticos recomendados, compondo o circuito que o profissional de est\u00e9tica precisa saber e aplicar para obter o melhor resultado no tratamento das seguintes disfun\u00e7\u00f5es:<\/p>\n<p>\u2022 GORDURA LOCALIZADA e REDU\u00c7\u00c3O DE MEDIDAS<br \/>\n\u2022 CELULITE (FEG), DESINTOXICA\u00c7\u00c3O e RETEN\u00c7\u00c3O H\u00cdDRICA<br \/>\n\u2022 FLACIDEZ TISSULAR, REJUVENESCIMENTO e ESTRIAS<br \/>\n\u2022 FLACIDEZ MUSCULAR<br \/>\n\u2022 PR\u00c9 e P\u00d3S OPERAT\u00d3RIO<br \/>\n\u2022 MELASMAS<br \/>\n\u2022 ACNE<\/p>\n<p>&nbsp;<\/p>\n<p><a href=\"https:\/\/cientifique.com.br\/lojasimposio-estetica-nutricao\/\"> CONHE\u00c7A A <strong>PROGRAMA\u00c7\u00c3O DO SIMP\u00d3SIO<\/strong><\/a><\/p>\n<p>&nbsp;<\/p>\n<p>Realiza\u00e7\u00e3o:<\/p>\n<p><img loading=\"lazy\" decoding=\"async\" class=\"alignnone size-medium wp-image-3639\" src=\"https:\/\/cientifique.com.br\/cursos\/wp-content\/uploads\/2009\/01\/Copia-de-cientifique-saude-beleza-300x71.png\" alt=\"\" width=\"300\" height=\"71\" srcset=\"https:\/\/cientifique.com.br\/cursos\/wp-content\/uploads\/2009\/01\/Copia-de-cientifique-saude-beleza-300x71.png 300w, https:\/\/cientifique.com.br\/cursos\/wp-content\/uploads\/2009\/01\/Copia-de-cientifique-saude-beleza.png 308w\" sizes=\"auto, (max-width: 300px) 100vw, 300px\" \/><\/p>\n<p>&nbsp;<\/p>\n<p>&nbsp;<\/p>\n<p>Patrocinadores:<\/p>\n<p><img loading=\"lazy\" decoding=\"async\" class=\"alignleft wp-image-3995\" src=\"https:\/\/cientifique.com.br\/loja\/wp-content\/uploads\/2016\/05\/adcos-simposio-cientifique.png\" alt=\"adcos-simposio-cientifique\" width=\"84\" height=\"71\" \/><img loading=\"lazy\" decoding=\"async\" class=\"alignleft wp-image-3640\" src=\"https:\/\/cientifique.com.br\/loja\/wp-content\/uploads\/2009\/01\/logo-bioage.png\" alt=\"Bioage\" width=\"77\" height=\"60\" \/><img loading=\"lazy\" decoding=\"async\" class=\"alignnone wp-image-3879\" src=\"https:\/\/cientifique.com.br\/loja\/wp-content\/uploads\/2016\/05\/logo-dgm_instagram1A.jpg\" alt=\"DGM Eletr\u00f4nica, Simp\u00f3sio de Est\u00e9tica Integrada \u00e0 Nutri\u00e7\u00e3o, Aromaterapia, Nutrac\u00eauticos e Ortomolecular\" width=\"82\" height=\"78\" \/> <img loading=\"lazy\" decoding=\"async\" class=\"alignnone wp-image-3880 \" src=\"https:\/\/cientifique.com.br\/loja\/wp-content\/uploads\/2016\/05\/logo-estetica-ciencia.jpg\" alt=\"DGM EleEst\u00e9tica com Ci\u00eancia, Simp\u00f3sio de Est\u00e9tica Integrada \u00e0 Nutri\u00e7\u00e3o, Aromaterapia, Nutrac\u00eauticos e Ortomolecular\" width=\"105\" height=\"38\" srcset=\"https:\/\/cientifique.com.br\/cursos\/wp-content\/uploads\/2016\/05\/logo-estetica-ciencia.jpg 360w, https:\/\/cientifique.com.br\/cursos\/wp-content\/uploads\/2016\/05\/logo-estetica-ciencia-300x108.jpg 300w\" sizes=\"auto, (max-width: 105px) 100vw, 105px\" \/>\u00a0<img loading=\"lazy\" decoding=\"async\" class=\"alignnone wp-image-3990\" src=\"https:\/\/cientifique.com.br\/loja\/wp-content\/uploads\/2016\/05\/logo_mundo_verde.png\" alt=\"logo_mundo_verde\" width=\"91\" height=\"89\" srcset=\"https:\/\/cientifique.com.br\/cursos\/wp-content\/uploads\/2016\/05\/logo_mundo_verde.png 4326w, https:\/\/cientifique.com.br\/cursos\/wp-content\/uploads\/2016\/05\/logo_mundo_verde-300x295.png 300w, https:\/\/cientifique.com.br\/cursos\/wp-content\/uploads\/2016\/05\/logo_mundo_verde-1080x1062.png 1080w, https:\/\/cientifique.com.br\/cursos\/wp-content\/uploads\/2016\/05\/logo_mundo_verde-768x755.png 768w\" sizes=\"auto, (max-width: 91px) 100vw, 91px\" \/>\u00a0 \u00a0<img loading=\"lazy\" decoding=\"async\" class=\"alignnone wp-image-3878\" src=\"https:\/\/cientifique.com.br\/loja\/wp-content\/uploads\/2016\/05\/logo-peelline.jpg\" alt=\"Peel Line, Simp\u00f3sio de Est\u00e9tica Integrada \u00e0 Nutri\u00e7\u00e3o, Aromaterapia, Nutrac\u00eauticos e Ortomolecular\" width=\"107\" height=\"68\" srcset=\"https:\/\/cientifique.com.br\/cursos\/wp-content\/uploads\/2016\/05\/logo-peelline.jpg 451w, https:\/\/cientifique.com.br\/cursos\/wp-content\/uploads\/2016\/05\/logo-peelline-300x192.jpg 300w\" sizes=\"auto, (max-width: 107px) 100vw, 107px\" \/>\u00a0 <img loading=\"lazy\" decoding=\"async\" class=\"alignnone wp-image-3881 \" src=\"https:\/\/cientifique.com.br\/loja\/wp-content\/uploads\/2016\/05\/logo-wnf.jpg\" alt=\"DGM WNF\/ Aromagia, Simp\u00f3sio de Est\u00e9tica Integrada \u00e0 Nutri\u00e7\u00e3o, Aromaterapia, Nutrac\u00eauticos e Ortomolecular\" width=\"103\" height=\"80\" srcset=\"https:\/\/cientifique.com.br\/cursos\/wp-content\/uploads\/2016\/05\/logo-wnf.jpg 369w, https:\/\/cientifique.com.br\/cursos\/wp-content\/uploads\/2016\/05\/logo-wnf-300x234.jpg 300w\" sizes=\"auto, (max-width: 103px) 100vw, 103px\" \/><\/p>\n<p><strong>Profissional de Est\u00e9tica = R$ 120,00<\/strong> (at\u00e9 31\/07 \u2013 ap\u00f3s 01\/08 \u2013 R$ 150,00 )<\/p>\n","protected":false},"excerpt":{"rendered":"<p>O <strong>1.\u00ba SIMP\u00d3SIO EST\u00c9TICA INTEGRADA COM NUTRI\u00c7\u00c3O, AROMATERAPIA E NUTRAC\u00caUTICOS<\/strong> ser\u00e1 realizado no dia 15 de agosto de 2016 na APM \u2013 Associa\u00e7\u00e3o Paulista de Medicina Regional de Santo Andr\u00e9 no per\u00edodo das 8:00 \u00e0s 18:00.<\/p>\n<p>O objetivo deste Simp\u00f3sio \u00e9 a capacita\u00e7\u00e3o do Profissional da \u00c1rea de Est\u00e9tica no desenvolvimento da aplica\u00e7\u00e3o pr\u00e1tica de recursos das Ci\u00eancias da Nutri\u00e7\u00e3o, dos Nutrac\u00eauticos, da Aromaterapia e Tecnologias Cosmec\u00eauticas, com base no conceito IN &amp; OUT em tratamentos Faciais e Corporais.<\/p>\n<p><strong><br \/>\n<\/strong>(Ap\u00f3s 01\/08 \u2013 R$ 150,00*)<\/p>\n","protected":false},"featured_media":7894,"comment_status":"closed","ping_status":"closed","template":"","meta":[],"product_brand":[],"product_cat":[1212,1220,1214],"product_tag":[1215,1216,1217,1218,1219],"class_list":{"0":"post-7863","1":"product","2":"type-product","3":"status-publish","4":"has-post-thumbnail","6":"product_cat-ead","7":"product_cat-profissional","8":"product_cat-simposio","9":"product_tag-aromaterapia","10":"product_tag-estetica","11":"product_tag-nutraceuticos","12":"product_tag-nutricao","13":"product_tag-simposio","15":"first","16":"outofstock","17":"virtual","18":"product-type-simple","19":"prodpage-style3"},"yoast_head":"<!-- This site is optimized with the Yoast SEO plugin v27.2 - https:\/\/yoast.com\/product\/yoast-seo-wordpress\/ -->\n<title>Inscri\u00e7\u00e3o Profissional - Cientifique<\/title>\n<meta name=\"robots\" content=\"index, follow, max-snippet:-1, max-image-preview:large, max-video-preview:-1\" \/>\n<link rel=\"canonical\" href=\"https:\/\/cientifique.com.br\/cursos\/product\/inscricao-profissional\/\" \/>\n<meta property=\"og:locale\" content=\"pt_BR\" \/>\n<meta property=\"og:type\" content=\"article\" \/>\n<meta property=\"og:title\" content=\"Inscri\u00e7\u00e3o Profissional - Cientifique\" \/>\n<meta property=\"og:description\" content=\"O 1.\u00ba SIMP\u00d3SIO EST\u00c9TICA INTEGRADA COM NUTRI\u00c7\u00c3O, AROMATERAPIA E NUTRAC\u00caUTICOS ser\u00e1 realizado no dia 15 de agosto de 2016 na APM \u2013 Associa\u00e7\u00e3o Paulista de Medicina Regional de Santo Andr\u00e9 no per\u00edodo das 8:00 \u00e0s 18:00.  O objetivo deste Simp\u00f3sio \u00e9 a capacita\u00e7\u00e3o do Profissional da \u00c1rea de Est\u00e9tica no desenvolvimento da aplica\u00e7\u00e3o pr\u00e1tica de recursos das Ci\u00eancias da Nutri\u00e7\u00e3o, dos Nutrac\u00eauticos, da Aromaterapia e Tecnologias Cosmec\u00eauticas, com base no conceito IN &amp; OUT em tratamentos Faciais e Corporais.   (Ap\u00f3s 01\/08 \u2013 R$ 150,00*)\" \/>\n<meta property=\"og:url\" content=\"https:\/\/cientifique.com.br\/cursos\/product\/inscricao-profissional\/\" \/>\n<meta property=\"og:site_name\" content=\"Cientifique\" \/>\n<meta property=\"article:publisher\" content=\"https:\/\/www.facebook.com\/cientifique\" \/>\n<meta property=\"article:modified_time\" content=\"2023-03-20T10:56:10+00:00\" \/>\n<meta property=\"og:image\" content=\"https:\/\/cientifique.com.br\/cursos\/wp-content\/uploads\/2022\/12\/simposio-profissional1.png\" \/>\n\t<meta property=\"og:image:width\" content=\"450\" \/>\n\t<meta property=\"og:image:height\" content=\"450\" \/>\n\t<meta property=\"og:image:type\" content=\"image\/png\" \/>\n<meta name=\"twitter:card\" content=\"summary_large_image\" \/>\n<meta name=\"twitter:site\" content=\"@cientifiquemid\" \/>\n<meta name=\"twitter:label1\" content=\"Est. tempo de leitura\" \/>\n\t<meta name=\"twitter:data1\" content=\"1 minuto\" \/>\n<script type=\"application\/ld+json\" class=\"yoast-schema-graph\">{\"@context\":\"https:\/\/schema.org\",\"@graph\":[{\"@type\":\"WebPage\",\"@id\":\"https:\/\/cientifique.com.br\/cursos\/product\/inscricao-profissional\/\",\"url\":\"https:\/\/cientifique.com.br\/cursos\/product\/inscricao-profissional\/\",\"name\":\"Inscri\u00e7\u00e3o Profissional - Cientifique\",\"isPartOf\":{\"@id\":\"https:\/\/cientifique.com.br\/cursos\/#website\"},\"primaryImageOfPage\":{\"@id\":\"https:\/\/cientifique.com.br\/cursos\/product\/inscricao-profissional\/#primaryimage\"},\"image\":{\"@id\":\"https:\/\/cientifique.com.br\/cursos\/product\/inscricao-profissional\/#primaryimage\"},\"thumbnailUrl\":\"https:\/\/cientifique.com.br\/cursos\/wp-content\/uploads\/2022\/12\/simposio-profissional1.png\",\"datePublished\":\"2022-12-18T15:52:57+00:00\",\"dateModified\":\"2023-03-20T10:56:10+00:00\",\"breadcrumb\":{\"@id\":\"https:\/\/cientifique.com.br\/cursos\/product\/inscricao-profissional\/#breadcrumb\"},\"inLanguage\":\"pt-BR\",\"potentialAction\":[{\"@type\":\"ReadAction\",\"target\":[\"https:\/\/cientifique.com.br\/cursos\/product\/inscricao-profissional\/\"]}]},{\"@type\":\"ImageObject\",\"inLanguage\":\"pt-BR\",\"@id\":\"https:\/\/cientifique.com.br\/cursos\/product\/inscricao-profissional\/#primaryimage\",\"url\":\"https:\/\/cientifique.com.br\/cursos\/wp-content\/uploads\/2022\/12\/simposio-profissional1.png\",\"contentUrl\":\"https:\/\/cientifique.com.br\/cursos\/wp-content\/uploads\/2022\/12\/simposio-profissional1.png\",\"width\":450,\"height\":450},{\"@type\":\"BreadcrumbList\",\"@id\":\"https:\/\/cientifique.com.br\/cursos\/product\/inscricao-profissional\/#breadcrumb\",\"itemListElement\":[{\"@type\":\"ListItem\",\"position\":1,\"name\":\"In\u00edcio\",\"item\":\"https:\/\/cientifique.com.br\/cursos\/\"},{\"@type\":\"ListItem\",\"position\":2,\"name\":\"Loja\",\"item\":\"https:\/\/cientifique.com.br\/cursos\/loja\/\"},{\"@type\":\"ListItem\",\"position\":3,\"name\":\"Inscri\u00e7\u00e3o Profissional\"}]},{\"@type\":\"WebSite\",\"@id\":\"https:\/\/cientifique.com.br\/cursos\/#website\",\"url\":\"https:\/\/cientifique.com.br\/cursos\/\",\"name\":\"Cientifique\",\"description\":\"Est\u00e9tica, sa\u00fade e bem estar\",\"publisher\":{\"@id\":\"https:\/\/cientifique.com.br\/cursos\/#organization\"},\"potentialAction\":[{\"@type\":\"SearchAction\",\"target\":{\"@type\":\"EntryPoint\",\"urlTemplate\":\"https:\/\/cientifique.com.br\/cursos\/?s={search_term_string}\"},\"query-input\":{\"@type\":\"PropertyValueSpecification\",\"valueRequired\":true,\"valueName\":\"search_term_string\"}}],\"inLanguage\":\"pt-BR\"},{\"@type\":\"Organization\",\"@id\":\"https:\/\/cientifique.com.br\/cursos\/#organization\",\"name\":\"Cientifique\",\"url\":\"https:\/\/cientifique.com.br\/cursos\/\",\"logo\":{\"@type\":\"ImageObject\",\"inLanguage\":\"pt-BR\",\"@id\":\"https:\/\/cientifique.com.br\/cursos\/#\/schema\/logo\/image\/\",\"url\":\"https:\/\/cientifique.com.br\/cursos\/wp-content\/uploads\/2020\/09\/cientifique_2020.png\",\"contentUrl\":\"https:\/\/cientifique.com.br\/cursos\/wp-content\/uploads\/2020\/09\/cientifique_2020.png\",\"width\":260,\"height\":58,\"caption\":\"Cientifique\"},\"image\":{\"@id\":\"https:\/\/cientifique.com.br\/cursos\/#\/schema\/logo\/image\/\"},\"sameAs\":[\"https:\/\/www.facebook.com\/cientifique\",\"https:\/\/x.com\/cientifiquemid\",\"https:\/\/instagram.com\/cientifique\",\"https:\/\/www.pinterest.com\/cientifique\/\"]}]}<\/script>\n<!-- \/ Yoast SEO plugin. -->","yoast_head_json":{"title":"Inscri\u00e7\u00e3o Profissional - Cientifique","robots":{"index":"index","follow":"follow","max-snippet":"max-snippet:-1","max-image-preview":"max-image-preview:large","max-video-preview":"max-video-preview:-1"},"canonical":"https:\/\/cientifique.com.br\/cursos\/product\/inscricao-profissional\/","og_locale":"pt_BR","og_type":"article","og_title":"Inscri\u00e7\u00e3o Profissional - Cientifique","og_description":"O 1.\u00ba SIMP\u00d3SIO EST\u00c9TICA INTEGRADA COM NUTRI\u00c7\u00c3O, AROMATERAPIA E NUTRAC\u00caUTICOS ser\u00e1 realizado no dia 15 de agosto de 2016 na APM \u2013 Associa\u00e7\u00e3o Paulista de Medicina Regional de Santo Andr\u00e9 no per\u00edodo das 8:00 \u00e0s 18:00.  O objetivo deste Simp\u00f3sio \u00e9 a capacita\u00e7\u00e3o do Profissional da \u00c1rea de Est\u00e9tica no desenvolvimento da aplica\u00e7\u00e3o pr\u00e1tica de recursos das Ci\u00eancias da Nutri\u00e7\u00e3o, dos Nutrac\u00eauticos, da Aromaterapia e Tecnologias Cosmec\u00eauticas, com base no conceito IN &amp; OUT em tratamentos Faciais e Corporais.   (Ap\u00f3s 01\/08 \u2013 R$ 150,00*)","og_url":"https:\/\/cientifique.com.br\/cursos\/product\/inscricao-profissional\/","og_site_name":"Cientifique","article_publisher":"https:\/\/www.facebook.com\/cientifique","article_modified_time":"2023-03-20T10:56:10+00:00","og_image":[{"width":450,"height":450,"url":"https:\/\/cientifique.com.br\/cursos\/wp-content\/uploads\/2022\/12\/simposio-profissional1.png","type":"image\/png"}],"twitter_card":"summary_large_image","twitter_site":"@cientifiquemid","twitter_misc":{"Est. tempo de leitura":"1 minuto"},"schema":{"@context":"https:\/\/schema.org","@graph":[{"@type":"WebPage","@id":"https:\/\/cientifique.com.br\/cursos\/product\/inscricao-profissional\/","url":"https:\/\/cientifique.com.br\/cursos\/product\/inscricao-profissional\/","name":"Inscri\u00e7\u00e3o Profissional - Cientifique","isPartOf":{"@id":"https:\/\/cientifique.com.br\/cursos\/#website"},"primaryImageOfPage":{"@id":"https:\/\/cientifique.com.br\/cursos\/product\/inscricao-profissional\/#primaryimage"},"image":{"@id":"https:\/\/cientifique.com.br\/cursos\/product\/inscricao-profissional\/#primaryimage"},"thumbnailUrl":"https:\/\/cientifique.com.br\/cursos\/wp-content\/uploads\/2022\/12\/simposio-profissional1.png","datePublished":"2022-12-18T15:52:57+00:00","dateModified":"2023-03-20T10:56:10+00:00","breadcrumb":{"@id":"https:\/\/cientifique.com.br\/cursos\/product\/inscricao-profissional\/#breadcrumb"},"inLanguage":"pt-BR","potentialAction":[{"@type":"ReadAction","target":["https:\/\/cientifique.com.br\/cursos\/product\/inscricao-profissional\/"]}]},{"@type":"ImageObject","inLanguage":"pt-BR","@id":"https:\/\/cientifique.com.br\/cursos\/product\/inscricao-profissional\/#primaryimage","url":"https:\/\/cientifique.com.br\/cursos\/wp-content\/uploads\/2022\/12\/simposio-profissional1.png","contentUrl":"https:\/\/cientifique.com.br\/cursos\/wp-content\/uploads\/2022\/12\/simposio-profissional1.png","width":450,"height":450},{"@type":"BreadcrumbList","@id":"https:\/\/cientifique.com.br\/cursos\/product\/inscricao-profissional\/#breadcrumb","itemListElement":[{"@type":"ListItem","position":1,"name":"In\u00edcio","item":"https:\/\/cientifique.com.br\/cursos\/"},{"@type":"ListItem","position":2,"name":"Loja","item":"https:\/\/cientifique.com.br\/cursos\/loja\/"},{"@type":"ListItem","position":3,"name":"Inscri\u00e7\u00e3o Profissional"}]},{"@type":"WebSite","@id":"https:\/\/cientifique.com.br\/cursos\/#website","url":"https:\/\/cientifique.com.br\/cursos\/","name":"Cientifique","description":"Est\u00e9tica, sa\u00fade e bem estar","publisher":{"@id":"https:\/\/cientifique.com.br\/cursos\/#organization"},"potentialAction":[{"@type":"SearchAction","target":{"@type":"EntryPoint","urlTemplate":"https:\/\/cientifique.com.br\/cursos\/?s={search_term_string}"},"query-input":{"@type":"PropertyValueSpecification","valueRequired":true,"valueName":"search_term_string"}}],"inLanguage":"pt-BR"},{"@type":"Organization","@id":"https:\/\/cientifique.com.br\/cursos\/#organization","name":"Cientifique","url":"https:\/\/cientifique.com.br\/cursos\/","logo":{"@type":"ImageObject","inLanguage":"pt-BR","@id":"https:\/\/cientifique.com.br\/cursos\/#\/schema\/logo\/image\/","url":"https:\/\/cientifique.com.br\/cursos\/wp-content\/uploads\/2020\/09\/cientifique_2020.png","contentUrl":"https:\/\/cientifique.com.br\/cursos\/wp-content\/uploads\/2020\/09\/cientifique_2020.png","width":260,"height":58,"caption":"Cientifique"},"image":{"@id":"https:\/\/cientifique.com.br\/cursos\/#\/schema\/logo\/image\/"},"sameAs":["https:\/\/www.facebook.com\/cientifique","https:\/\/x.com\/cientifiquemid","https:\/\/instagram.com\/cientifique","https:\/\/www.pinterest.com\/cientifique\/"]}]}},"jetpack_sharing_enabled":true,"_links":{"self":[{"href":"https:\/\/cientifique.com.br\/cursos\/wp-json\/wp\/v2\/product\/7863","targetHints":{"allow":["GET"]}}],"collection":[{"href":"https:\/\/cientifique.com.br\/cursos\/wp-json\/wp\/v2\/product"}],"about":[{"href":"https:\/\/cientifique.com.br\/cursos\/wp-json\/wp\/v2\/types\/product"}],"replies":[{"embeddable":true,"href":"https:\/\/cientifique.com.br\/cursos\/wp-json\/wp\/v2\/comments?post=7863"}],"wp:featuredmedia":[{"embeddable":true,"href":"https:\/\/cientifique.com.br\/cursos\/wp-json\/wp\/v2\/media\/7894"}],"wp:attachment":[{"href":"https:\/\/cientifique.com.br\/cursos\/wp-json\/wp\/v2\/media?parent=7863"}],"wp:term":[{"taxonomy":"product_brand","embeddable":true,"href":"https:\/\/cientifique.com.br\/cursos\/wp-json\/wp\/v2\/product_brand?post=7863"},{"taxonomy":"product_cat","embeddable":true,"href":"https:\/\/cientifique.com.br\/cursos\/wp-json\/wp\/v2\/product_cat?post=7863"},{"taxonomy":"product_tag","embeddable":true,"href":"https:\/\/cientifique.com.br\/cursos\/wp-json\/wp\/v2\/product_tag?post=7863"}],"curies":[{"name":"wp","href":"https:\/\/api.w.org\/{rel}","templated":true}]}}