{"id":7865,"date":"2022-12-18T12:52:57","date_gmt":"2022-12-18T15:52:57","guid":{"rendered":"https:\/\/cientifique.com\/cursos\/?post_type=product&#038;p=7865"},"modified":"2023-02-23T12:45:33","modified_gmt":"2023-02-23T15:45:33","slug":"inscricao-curso-pratico-de-peeling-avancado","status":"publish","type":"product","link":"https:\/\/cientifique.com.br\/cursos\/product\/inscricao-curso-pratico-de-peeling-avancado\/","title":{"rendered":"INSCRI\u00c7\u00c3O CURSO PR\u00c1TICO DE PEELING AVAN\u00c7ADO"},"content":{"rendered":"<p>Este ticket no valor de R$450,00 corresponde ao investimento de 01 inscri\u00e7\u00e3o para o Curso Pr\u00e1tico de Peeling Avan\u00e7ado para profissionais da \u00e1rea da sa\u00fade que desejam se aprimorar com a t\u00e9cnica.<\/p>\n<p>CONTE\u00daDO PROGRAM\u00c1TICO<br \/>\n\u2013 Conceito;<br \/>\n\u2013 Anatomia da pele;<br \/>\n\u2013 Mecanismos de Penetra\u00e7\u00e3o;<br \/>\n\u2013 \u00canfase em Peeling Est\u00e9tico e Peeling Magistrais<br \/>\n\u2013 Camadas Cut\u00e2neas<br \/>\n\u2013 Classifica\u00e7\u00e3o dos Peelings<br \/>\n\u2013 Aclimata\u00e7\u00e3o<br \/>\n\u2013 Indica\u00e7\u00e3o;<br \/>\n\u2013 Termo de consentimento;<br \/>\n\u2013 Contra-indica\u00e7\u00e3o;<br \/>\n\u2013 Aplica\u00e7\u00e3o pr\u00e1tica individual;<\/p>\n<p>Local: Rua Atenas, 30 casa 02 \u2013 Utinga \u2013 Santo Andr\u00e9 \u2013 SP<br \/>\nMAIS INFORMA\u00c7\u00c3O: (11) 9 9793-8460<\/p>\n","protected":false},"excerpt":{"rendered":"<p>Este ticket no valor de R$450,00 corresponde ao investimento de 01 inscri\u00e7\u00e3o para o Curso Pr\u00e1tico de Peeling Avan\u00e7ado para profissionais da \u00e1rea da sa\u00fade que desejam se aprimorar com a t\u00e9cnica. CONTE\u00daDO PROGRAM\u00c1TICO \u2013 Conceito; \u2013 Anatomia da pele; \u2013 Mecanismos de Penetra\u00e7\u00e3o; \u2013 \u00canfase em Peeling Est\u00e9tico e Peeling Magistrais \u2013 Camadas Cut\u00e2neas<\/p>\n","protected":false},"featured_media":7897,"comment_status":"open","ping_status":"closed","template":"","meta":[],"product_brand":[],"product_cat":[15,1222,1223,1212,1224,1213,1225,1226,1220],"product_tag":[1227,1228,1229,1230,1231],"class_list":{"0":"post-7865","1":"product","2":"type-product","3":"status-publish","4":"has-post-thumbnail","6":"product_cat-cursos","7":"product_cat-clareamento","8":"product_cat-corporal","9":"product_cat-ead","10":"product_cat-estrias","11":"product_cat-estudante","12":"product_cat-gordura-localizada","13":"product_cat-hidratacao","14":"product_cat-profissional","15":"product_tag-clareamento","16":"product_tag-colageno","17":"product_tag-descamacao","18":"product_tag-despigmentante","19":"product_tag-inducao-percutanea-de-colageno","21":"first","22":"instock","23":"virtual","24":"purchasable","25":"product-type-simple","26":"prodpage-style3"},"yoast_head":"<!-- This site is optimized with the Yoast SEO plugin v27.2 - https:\/\/yoast.com\/product\/yoast-seo-wordpress\/ -->\n<title>INSCRI\u00c7\u00c3O CURSO PR\u00c1TICO DE PEELING AVAN\u00c7ADO - Cientifique<\/title>\n<meta name=\"robots\" content=\"index, follow, max-snippet:-1, max-image-preview:large, max-video-preview:-1\" \/>\n<link rel=\"canonical\" href=\"https:\/\/cientifique.com.br\/cursos\/product\/inscricao-curso-pratico-de-peeling-avancado\/\" \/>\n<meta property=\"og:locale\" content=\"pt_BR\" \/>\n<meta property=\"og:type\" content=\"article\" \/>\n<meta property=\"og:title\" content=\"INSCRI\u00c7\u00c3O CURSO PR\u00c1TICO DE PEELING AVAN\u00c7ADO - Cientifique\" \/>\n<meta property=\"og:description\" content=\"Este ticket no valor de R$450,00 corresponde ao investimento de 01 inscri\u00e7\u00e3o para o Curso Pr\u00e1tico de Peeling Avan\u00e7ado para profissionais da \u00e1rea da sa\u00fade que desejam se aprimorar com a t\u00e9cnica. CONTE\u00daDO PROGRAM\u00c1TICO \u2013 Conceito; \u2013 Anatomia da pele; \u2013 Mecanismos de Penetra\u00e7\u00e3o; \u2013 \u00canfase em Peeling Est\u00e9tico e Peeling Magistrais \u2013 Camadas Cut\u00e2neas\" \/>\n<meta property=\"og:url\" content=\"https:\/\/cientifique.com.br\/cursos\/product\/inscricao-curso-pratico-de-peeling-avancado\/\" \/>\n<meta property=\"og:site_name\" content=\"Cientifique\" \/>\n<meta property=\"article:publisher\" content=\"https:\/\/www.facebook.com\/cientifique\" \/>\n<meta property=\"article:modified_time\" content=\"2023-02-23T15:45:33+00:00\" \/>\n<meta property=\"og:image\" content=\"https:\/\/cientifique.com.br\/cursos\/wp-content\/uploads\/2022\/12\/cursodepeeling-cd.png\" \/>\n\t<meta property=\"og:image:width\" content=\"1080\" \/>\n\t<meta property=\"og:image:height\" content=\"1080\" \/>\n\t<meta property=\"og:image:type\" content=\"image\/png\" \/>\n<meta name=\"twitter:card\" content=\"summary_large_image\" \/>\n<meta name=\"twitter:site\" content=\"@cientifiquemid\" \/>\n<script type=\"application\/ld+json\" class=\"yoast-schema-graph\">{\"@context\":\"https:\/\/schema.org\",\"@graph\":[{\"@type\":\"WebPage\",\"@id\":\"https:\/\/cientifique.com.br\/cursos\/product\/inscricao-curso-pratico-de-peeling-avancado\/\",\"url\":\"https:\/\/cientifique.com.br\/cursos\/product\/inscricao-curso-pratico-de-peeling-avancado\/\",\"name\":\"INSCRI\u00c7\u00c3O CURSO PR\u00c1TICO DE PEELING AVAN\u00c7ADO - Cientifique\",\"isPartOf\":{\"@id\":\"https:\/\/cientifique.com.br\/cursos\/#website\"},\"primaryImageOfPage\":{\"@id\":\"https:\/\/cientifique.com.br\/cursos\/product\/inscricao-curso-pratico-de-peeling-avancado\/#primaryimage\"},\"image\":{\"@id\":\"https:\/\/cientifique.com.br\/cursos\/product\/inscricao-curso-pratico-de-peeling-avancado\/#primaryimage\"},\"thumbnailUrl\":\"https:\/\/cientifique.com.br\/cursos\/wp-content\/uploads\/2022\/12\/cursodepeeling-cd.png\",\"datePublished\":\"2022-12-18T15:52:57+00:00\",\"dateModified\":\"2023-02-23T15:45:33+00:00\",\"breadcrumb\":{\"@id\":\"https:\/\/cientifique.com.br\/cursos\/product\/inscricao-curso-pratico-de-peeling-avancado\/#breadcrumb\"},\"inLanguage\":\"pt-BR\",\"potentialAction\":[{\"@type\":\"ReadAction\",\"target\":[\"https:\/\/cientifique.com.br\/cursos\/product\/inscricao-curso-pratico-de-peeling-avancado\/\"]}]},{\"@type\":\"ImageObject\",\"inLanguage\":\"pt-BR\",\"@id\":\"https:\/\/cientifique.com.br\/cursos\/product\/inscricao-curso-pratico-de-peeling-avancado\/#primaryimage\",\"url\":\"https:\/\/cientifique.com.br\/cursos\/wp-content\/uploads\/2022\/12\/cursodepeeling-cd.png\",\"contentUrl\":\"https:\/\/cientifique.com.br\/cursos\/wp-content\/uploads\/2022\/12\/cursodepeeling-cd.png\",\"width\":1080,\"height\":1080},{\"@type\":\"BreadcrumbList\",\"@id\":\"https:\/\/cientifique.com.br\/cursos\/product\/inscricao-curso-pratico-de-peeling-avancado\/#breadcrumb\",\"itemListElement\":[{\"@type\":\"ListItem\",\"position\":1,\"name\":\"In\u00edcio\",\"item\":\"https:\/\/cientifique.com.br\/cursos\/\"},{\"@type\":\"ListItem\",\"position\":2,\"name\":\"Loja\",\"item\":\"https:\/\/cientifique.com.br\/cursos\/loja\/\"},{\"@type\":\"ListItem\",\"position\":3,\"name\":\"INSCRI\u00c7\u00c3O CURSO PR\u00c1TICO DE PEELING AVAN\u00c7ADO\"}]},{\"@type\":\"WebSite\",\"@id\":\"https:\/\/cientifique.com.br\/cursos\/#website\",\"url\":\"https:\/\/cientifique.com.br\/cursos\/\",\"name\":\"Cientifique\",\"description\":\"Est\u00e9tica, sa\u00fade e bem estar\",\"publisher\":{\"@id\":\"https:\/\/cientifique.com.br\/cursos\/#organization\"},\"potentialAction\":[{\"@type\":\"SearchAction\",\"target\":{\"@type\":\"EntryPoint\",\"urlTemplate\":\"https:\/\/cientifique.com.br\/cursos\/?s={search_term_string}\"},\"query-input\":{\"@type\":\"PropertyValueSpecification\",\"valueRequired\":true,\"valueName\":\"search_term_string\"}}],\"inLanguage\":\"pt-BR\"},{\"@type\":\"Organization\",\"@id\":\"https:\/\/cientifique.com.br\/cursos\/#organization\",\"name\":\"Cientifique\",\"url\":\"https:\/\/cientifique.com.br\/cursos\/\",\"logo\":{\"@type\":\"ImageObject\",\"inLanguage\":\"pt-BR\",\"@id\":\"https:\/\/cientifique.com.br\/cursos\/#\/schema\/logo\/image\/\",\"url\":\"https:\/\/cientifique.com.br\/cursos\/wp-content\/uploads\/2020\/09\/cientifique_2020.png\",\"contentUrl\":\"https:\/\/cientifique.com.br\/cursos\/wp-content\/uploads\/2020\/09\/cientifique_2020.png\",\"width\":260,\"height\":58,\"caption\":\"Cientifique\"},\"image\":{\"@id\":\"https:\/\/cientifique.com.br\/cursos\/#\/schema\/logo\/image\/\"},\"sameAs\":[\"https:\/\/www.facebook.com\/cientifique\",\"https:\/\/x.com\/cientifiquemid\",\"https:\/\/instagram.com\/cientifique\",\"https:\/\/www.pinterest.com\/cientifique\/\"]}]}<\/script>\n<!-- \/ Yoast SEO plugin. -->","yoast_head_json":{"title":"INSCRI\u00c7\u00c3O CURSO PR\u00c1TICO DE PEELING AVAN\u00c7ADO - Cientifique","robots":{"index":"index","follow":"follow","max-snippet":"max-snippet:-1","max-image-preview":"max-image-preview:large","max-video-preview":"max-video-preview:-1"},"canonical":"https:\/\/cientifique.com.br\/cursos\/product\/inscricao-curso-pratico-de-peeling-avancado\/","og_locale":"pt_BR","og_type":"article","og_title":"INSCRI\u00c7\u00c3O CURSO PR\u00c1TICO DE PEELING AVAN\u00c7ADO - Cientifique","og_description":"Este ticket no valor de R$450,00 corresponde ao investimento de 01 inscri\u00e7\u00e3o para o Curso Pr\u00e1tico de Peeling Avan\u00e7ado para profissionais da \u00e1rea da sa\u00fade que desejam se aprimorar com a t\u00e9cnica. CONTE\u00daDO PROGRAM\u00c1TICO \u2013 Conceito; \u2013 Anatomia da pele; \u2013 Mecanismos de Penetra\u00e7\u00e3o; \u2013 \u00canfase em Peeling Est\u00e9tico e Peeling Magistrais \u2013 Camadas Cut\u00e2neas","og_url":"https:\/\/cientifique.com.br\/cursos\/product\/inscricao-curso-pratico-de-peeling-avancado\/","og_site_name":"Cientifique","article_publisher":"https:\/\/www.facebook.com\/cientifique","article_modified_time":"2023-02-23T15:45:33+00:00","og_image":[{"width":1080,"height":1080,"url":"https:\/\/cientifique.com.br\/cursos\/wp-content\/uploads\/2022\/12\/cursodepeeling-cd.png","type":"image\/png"}],"twitter_card":"summary_large_image","twitter_site":"@cientifiquemid","schema":{"@context":"https:\/\/schema.org","@graph":[{"@type":"WebPage","@id":"https:\/\/cientifique.com.br\/cursos\/product\/inscricao-curso-pratico-de-peeling-avancado\/","url":"https:\/\/cientifique.com.br\/cursos\/product\/inscricao-curso-pratico-de-peeling-avancado\/","name":"INSCRI\u00c7\u00c3O CURSO PR\u00c1TICO DE PEELING AVAN\u00c7ADO - Cientifique","isPartOf":{"@id":"https:\/\/cientifique.com.br\/cursos\/#website"},"primaryImageOfPage":{"@id":"https:\/\/cientifique.com.br\/cursos\/product\/inscricao-curso-pratico-de-peeling-avancado\/#primaryimage"},"image":{"@id":"https:\/\/cientifique.com.br\/cursos\/product\/inscricao-curso-pratico-de-peeling-avancado\/#primaryimage"},"thumbnailUrl":"https:\/\/cientifique.com.br\/cursos\/wp-content\/uploads\/2022\/12\/cursodepeeling-cd.png","datePublished":"2022-12-18T15:52:57+00:00","dateModified":"2023-02-23T15:45:33+00:00","breadcrumb":{"@id":"https:\/\/cientifique.com.br\/cursos\/product\/inscricao-curso-pratico-de-peeling-avancado\/#breadcrumb"},"inLanguage":"pt-BR","potentialAction":[{"@type":"ReadAction","target":["https:\/\/cientifique.com.br\/cursos\/product\/inscricao-curso-pratico-de-peeling-avancado\/"]}]},{"@type":"ImageObject","inLanguage":"pt-BR","@id":"https:\/\/cientifique.com.br\/cursos\/product\/inscricao-curso-pratico-de-peeling-avancado\/#primaryimage","url":"https:\/\/cientifique.com.br\/cursos\/wp-content\/uploads\/2022\/12\/cursodepeeling-cd.png","contentUrl":"https:\/\/cientifique.com.br\/cursos\/wp-content\/uploads\/2022\/12\/cursodepeeling-cd.png","width":1080,"height":1080},{"@type":"BreadcrumbList","@id":"https:\/\/cientifique.com.br\/cursos\/product\/inscricao-curso-pratico-de-peeling-avancado\/#breadcrumb","itemListElement":[{"@type":"ListItem","position":1,"name":"In\u00edcio","item":"https:\/\/cientifique.com.br\/cursos\/"},{"@type":"ListItem","position":2,"name":"Loja","item":"https:\/\/cientifique.com.br\/cursos\/loja\/"},{"@type":"ListItem","position":3,"name":"INSCRI\u00c7\u00c3O CURSO PR\u00c1TICO DE PEELING AVAN\u00c7ADO"}]},{"@type":"WebSite","@id":"https:\/\/cientifique.com.br\/cursos\/#website","url":"https:\/\/cientifique.com.br\/cursos\/","name":"Cientifique","description":"Est\u00e9tica, sa\u00fade e bem estar","publisher":{"@id":"https:\/\/cientifique.com.br\/cursos\/#organization"},"potentialAction":[{"@type":"SearchAction","target":{"@type":"EntryPoint","urlTemplate":"https:\/\/cientifique.com.br\/cursos\/?s={search_term_string}"},"query-input":{"@type":"PropertyValueSpecification","valueRequired":true,"valueName":"search_term_string"}}],"inLanguage":"pt-BR"},{"@type":"Organization","@id":"https:\/\/cientifique.com.br\/cursos\/#organization","name":"Cientifique","url":"https:\/\/cientifique.com.br\/cursos\/","logo":{"@type":"ImageObject","inLanguage":"pt-BR","@id":"https:\/\/cientifique.com.br\/cursos\/#\/schema\/logo\/image\/","url":"https:\/\/cientifique.com.br\/cursos\/wp-content\/uploads\/2020\/09\/cientifique_2020.png","contentUrl":"https:\/\/cientifique.com.br\/cursos\/wp-content\/uploads\/2020\/09\/cientifique_2020.png","width":260,"height":58,"caption":"Cientifique"},"image":{"@id":"https:\/\/cientifique.com.br\/cursos\/#\/schema\/logo\/image\/"},"sameAs":["https:\/\/www.facebook.com\/cientifique","https:\/\/x.com\/cientifiquemid","https:\/\/instagram.com\/cientifique","https:\/\/www.pinterest.com\/cientifique\/"]}]}},"jetpack_sharing_enabled":true,"_links":{"self":[{"href":"https:\/\/cientifique.com.br\/cursos\/wp-json\/wp\/v2\/product\/7865","targetHints":{"allow":["GET"]}}],"collection":[{"href":"https:\/\/cientifique.com.br\/cursos\/wp-json\/wp\/v2\/product"}],"about":[{"href":"https:\/\/cientifique.com.br\/cursos\/wp-json\/wp\/v2\/types\/product"}],"replies":[{"embeddable":true,"href":"https:\/\/cientifique.com.br\/cursos\/wp-json\/wp\/v2\/comments?post=7865"}],"wp:featuredmedia":[{"embeddable":true,"href":"https:\/\/cientifique.com.br\/cursos\/wp-json\/wp\/v2\/media\/7897"}],"wp:attachment":[{"href":"https:\/\/cientifique.com.br\/cursos\/wp-json\/wp\/v2\/media?parent=7865"}],"wp:term":[{"taxonomy":"product_brand","embeddable":true,"href":"https:\/\/cientifique.com.br\/cursos\/wp-json\/wp\/v2\/product_brand?post=7865"},{"taxonomy":"product_cat","embeddable":true,"href":"https:\/\/cientifique.com.br\/cursos\/wp-json\/wp\/v2\/product_cat?post=7865"},{"taxonomy":"product_tag","embeddable":true,"href":"https:\/\/cientifique.com.br\/cursos\/wp-json\/wp\/v2\/product_tag?post=7865"}],"curies":[{"name":"wp","href":"https:\/\/api.w.org\/{rel}","templated":true}]}}