{"id":7867,"date":"2022-12-18T12:52:58","date_gmt":"2022-12-18T15:52:58","guid":{"rendered":"https:\/\/cientifique.com\/cursos\/?post_type=product&#038;p=7867"},"modified":"2022-12-18T13:23:04","modified_gmt":"2022-12-18T16:23:04","slug":"inscricao-curso-body-fitness-detox","status":"publish","type":"product","link":"https:\/\/cientifique.com.br\/cursos\/product\/inscricao-curso-body-fitness-detox\/","title":{"rendered":"INSCRI\u00c7\u00c3O CURSO BODY FITNESS DETOX"},"content":{"rendered":"<p>Este ticket no valor de R$200,00 corresponde ao investimento de 01 inscri\u00e7\u00e3o para o CURSO BODY FITNESS DETOX para profissionais da \u00e1rea da sa\u00fade que desejam se aprimorar com a t\u00e9cnica.<br \/>\nO CURSO BODY FITNESS DETOX \u00e9 uma T\u00c9CNICA EXCLUSIVA da Cosmet\u00f3loga e Esteticista Prof.\u00aa SILVANA OLIVEIRA<\/p>\n <a href=\"\" class=\"btn   \" target=\"\">Saiba mais sobre a t\u00e9cnica<\/a>\n[space height=&#8221;20&#8243; ]\n<p>Incluso: Certificado e Material Did\u00e1tico Digitalizado.<\/p>\n<p>MAIS INFORMA\u00c7\u00c3O: (11) 9 9793-8460<\/p>\n","protected":false},"excerpt":{"rendered":"<p>O CURSO BODY FITNESS DETOX \u00e9 uma T\u00c9CNICA EXCLUSIVA da Cosmet\u00f3loga e Esteticista Prof.\u00aa SILVANA OLIVEIRA<br \/>\n[button href=\"https:\/\/cientifique.com.br\/lojacurso-body-fitness-detox\/\" icon_size=\"12\" animation_delay=\"0\" class=\"\" target=\"\" color=\"flat\" dimension=\"small\" icon=\"plus\" animation=\"\" animate=\"\" ]Saiba mais sobre a t\u00e9cnica[\/button]<\/p>\n","protected":false},"featured_media":7899,"comment_status":"open","ping_status":"closed","template":"","meta":[],"product_brand":[],"product_cat":[1222,1223,1212,1224,1213,1225,1226,1220],"product_tag":[1227,1228,1229,1230,1231],"class_list":{"0":"post-7867","1":"product","2":"type-product","3":"status-publish","4":"has-post-thumbnail","6":"product_cat-clareamento","7":"product_cat-corporal","8":"product_cat-ead","9":"product_cat-estrias","10":"product_cat-estudante","11":"product_cat-gordura-localizada","12":"product_cat-hidratacao","13":"product_cat-profissional","14":"product_tag-clareamento","15":"product_tag-colageno","16":"product_tag-descamacao","17":"product_tag-despigmentante","18":"product_tag-inducao-percutanea-de-colageno","20":"first","21":"instock","22":"virtual","23":"purchasable","24":"product-type-simple","25":"prodpage-style3"},"yoast_head":"<!-- This site is optimized with the Yoast SEO plugin v27.2 - https:\/\/yoast.com\/product\/yoast-seo-wordpress\/ -->\n<title>INSCRI\u00c7\u00c3O CURSO BODY FITNESS DETOX - Cientifique<\/title>\n<meta name=\"robots\" content=\"index, follow, max-snippet:-1, max-image-preview:large, max-video-preview:-1\" \/>\n<link rel=\"canonical\" href=\"https:\/\/cientifique.com.br\/cursos\/product\/inscricao-curso-body-fitness-detox\/\" \/>\n<meta property=\"og:locale\" content=\"pt_BR\" \/>\n<meta property=\"og:type\" content=\"article\" \/>\n<meta property=\"og:title\" content=\"INSCRI\u00c7\u00c3O CURSO BODY FITNESS DETOX - Cientifique\" \/>\n<meta property=\"og:description\" content=\"O CURSO BODY FITNESS DETOX \u00e9 uma T\u00c9CNICA EXCLUSIVA da Cosmet\u00f3loga e Esteticista Prof.\u00aa SILVANA OLIVEIRA\" \/>\n<meta property=\"og:url\" content=\"https:\/\/cientifique.com.br\/cursos\/product\/inscricao-curso-body-fitness-detox\/\" \/>\n<meta property=\"og:site_name\" content=\"Cientifique\" \/>\n<meta property=\"article:publisher\" content=\"https:\/\/www.facebook.com\/cientifique\" \/>\n<meta property=\"article:modified_time\" content=\"2022-12-18T16:23:04+00:00\" \/>\n<meta property=\"og:image\" content=\"https:\/\/cientifique.com.br\/cursos\/wp-content\/uploads\/2022\/12\/BodyFitness-atenas-14-03-2020.jpg\" \/>\n\t<meta property=\"og:image:width\" content=\"1080\" \/>\n\t<meta property=\"og:image:height\" content=\"1080\" \/>\n\t<meta property=\"og:image:type\" content=\"image\/jpeg\" \/>\n<meta name=\"twitter:card\" content=\"summary_large_image\" \/>\n<meta name=\"twitter:site\" content=\"@cientifiquemid\" \/>\n<script type=\"application\/ld+json\" class=\"yoast-schema-graph\">{\"@context\":\"https:\/\/schema.org\",\"@graph\":[{\"@type\":\"WebPage\",\"@id\":\"https:\/\/cientifique.com.br\/cursos\/product\/inscricao-curso-body-fitness-detox\/\",\"url\":\"https:\/\/cientifique.com.br\/cursos\/product\/inscricao-curso-body-fitness-detox\/\",\"name\":\"INSCRI\u00c7\u00c3O CURSO BODY FITNESS DETOX - Cientifique\",\"isPartOf\":{\"@id\":\"https:\/\/cientifique.com.br\/cursos\/#website\"},\"primaryImageOfPage\":{\"@id\":\"https:\/\/cientifique.com.br\/cursos\/product\/inscricao-curso-body-fitness-detox\/#primaryimage\"},\"image\":{\"@id\":\"https:\/\/cientifique.com.br\/cursos\/product\/inscricao-curso-body-fitness-detox\/#primaryimage\"},\"thumbnailUrl\":\"https:\/\/cientifique.com.br\/cursos\/wp-content\/uploads\/2022\/12\/BodyFitness-atenas-14-03-2020.jpg\",\"datePublished\":\"2022-12-18T15:52:58+00:00\",\"dateModified\":\"2022-12-18T16:23:04+00:00\",\"breadcrumb\":{\"@id\":\"https:\/\/cientifique.com.br\/cursos\/product\/inscricao-curso-body-fitness-detox\/#breadcrumb\"},\"inLanguage\":\"pt-BR\",\"potentialAction\":[{\"@type\":\"ReadAction\",\"target\":[\"https:\/\/cientifique.com.br\/cursos\/product\/inscricao-curso-body-fitness-detox\/\"]}]},{\"@type\":\"ImageObject\",\"inLanguage\":\"pt-BR\",\"@id\":\"https:\/\/cientifique.com.br\/cursos\/product\/inscricao-curso-body-fitness-detox\/#primaryimage\",\"url\":\"https:\/\/cientifique.com.br\/cursos\/wp-content\/uploads\/2022\/12\/BodyFitness-atenas-14-03-2020.jpg\",\"contentUrl\":\"https:\/\/cientifique.com.br\/cursos\/wp-content\/uploads\/2022\/12\/BodyFitness-atenas-14-03-2020.jpg\",\"width\":1080,\"height\":1080},{\"@type\":\"BreadcrumbList\",\"@id\":\"https:\/\/cientifique.com.br\/cursos\/product\/inscricao-curso-body-fitness-detox\/#breadcrumb\",\"itemListElement\":[{\"@type\":\"ListItem\",\"position\":1,\"name\":\"In\u00edcio\",\"item\":\"https:\/\/cientifique.com.br\/cursos\/\"},{\"@type\":\"ListItem\",\"position\":2,\"name\":\"Loja\",\"item\":\"https:\/\/cientifique.com.br\/cursos\/loja\/\"},{\"@type\":\"ListItem\",\"position\":3,\"name\":\"INSCRI\u00c7\u00c3O CURSO BODY FITNESS DETOX\"}]},{\"@type\":\"WebSite\",\"@id\":\"https:\/\/cientifique.com.br\/cursos\/#website\",\"url\":\"https:\/\/cientifique.com.br\/cursos\/\",\"name\":\"Cientifique\",\"description\":\"Est\u00e9tica, sa\u00fade e bem estar\",\"publisher\":{\"@id\":\"https:\/\/cientifique.com.br\/cursos\/#organization\"},\"potentialAction\":[{\"@type\":\"SearchAction\",\"target\":{\"@type\":\"EntryPoint\",\"urlTemplate\":\"https:\/\/cientifique.com.br\/cursos\/?s={search_term_string}\"},\"query-input\":{\"@type\":\"PropertyValueSpecification\",\"valueRequired\":true,\"valueName\":\"search_term_string\"}}],\"inLanguage\":\"pt-BR\"},{\"@type\":\"Organization\",\"@id\":\"https:\/\/cientifique.com.br\/cursos\/#organization\",\"name\":\"Cientifique\",\"url\":\"https:\/\/cientifique.com.br\/cursos\/\",\"logo\":{\"@type\":\"ImageObject\",\"inLanguage\":\"pt-BR\",\"@id\":\"https:\/\/cientifique.com.br\/cursos\/#\/schema\/logo\/image\/\",\"url\":\"https:\/\/cientifique.com.br\/cursos\/wp-content\/uploads\/2020\/09\/cientifique_2020.png\",\"contentUrl\":\"https:\/\/cientifique.com.br\/cursos\/wp-content\/uploads\/2020\/09\/cientifique_2020.png\",\"width\":260,\"height\":58,\"caption\":\"Cientifique\"},\"image\":{\"@id\":\"https:\/\/cientifique.com.br\/cursos\/#\/schema\/logo\/image\/\"},\"sameAs\":[\"https:\/\/www.facebook.com\/cientifique\",\"https:\/\/x.com\/cientifiquemid\",\"https:\/\/instagram.com\/cientifique\",\"https:\/\/www.pinterest.com\/cientifique\/\"]}]}<\/script>\n<!-- \/ Yoast SEO plugin. -->","yoast_head_json":{"title":"INSCRI\u00c7\u00c3O CURSO BODY FITNESS DETOX - Cientifique","robots":{"index":"index","follow":"follow","max-snippet":"max-snippet:-1","max-image-preview":"max-image-preview:large","max-video-preview":"max-video-preview:-1"},"canonical":"https:\/\/cientifique.com.br\/cursos\/product\/inscricao-curso-body-fitness-detox\/","og_locale":"pt_BR","og_type":"article","og_title":"INSCRI\u00c7\u00c3O CURSO BODY FITNESS DETOX - Cientifique","og_description":"O CURSO BODY FITNESS DETOX \u00e9 uma T\u00c9CNICA EXCLUSIVA da Cosmet\u00f3loga e Esteticista Prof.\u00aa SILVANA OLIVEIRA","og_url":"https:\/\/cientifique.com.br\/cursos\/product\/inscricao-curso-body-fitness-detox\/","og_site_name":"Cientifique","article_publisher":"https:\/\/www.facebook.com\/cientifique","article_modified_time":"2022-12-18T16:23:04+00:00","og_image":[{"width":1080,"height":1080,"url":"https:\/\/cientifique.com.br\/cursos\/wp-content\/uploads\/2022\/12\/BodyFitness-atenas-14-03-2020.jpg","type":"image\/jpeg"}],"twitter_card":"summary_large_image","twitter_site":"@cientifiquemid","schema":{"@context":"https:\/\/schema.org","@graph":[{"@type":"WebPage","@id":"https:\/\/cientifique.com.br\/cursos\/product\/inscricao-curso-body-fitness-detox\/","url":"https:\/\/cientifique.com.br\/cursos\/product\/inscricao-curso-body-fitness-detox\/","name":"INSCRI\u00c7\u00c3O CURSO BODY FITNESS DETOX - Cientifique","isPartOf":{"@id":"https:\/\/cientifique.com.br\/cursos\/#website"},"primaryImageOfPage":{"@id":"https:\/\/cientifique.com.br\/cursos\/product\/inscricao-curso-body-fitness-detox\/#primaryimage"},"image":{"@id":"https:\/\/cientifique.com.br\/cursos\/product\/inscricao-curso-body-fitness-detox\/#primaryimage"},"thumbnailUrl":"https:\/\/cientifique.com.br\/cursos\/wp-content\/uploads\/2022\/12\/BodyFitness-atenas-14-03-2020.jpg","datePublished":"2022-12-18T15:52:58+00:00","dateModified":"2022-12-18T16:23:04+00:00","breadcrumb":{"@id":"https:\/\/cientifique.com.br\/cursos\/product\/inscricao-curso-body-fitness-detox\/#breadcrumb"},"inLanguage":"pt-BR","potentialAction":[{"@type":"ReadAction","target":["https:\/\/cientifique.com.br\/cursos\/product\/inscricao-curso-body-fitness-detox\/"]}]},{"@type":"ImageObject","inLanguage":"pt-BR","@id":"https:\/\/cientifique.com.br\/cursos\/product\/inscricao-curso-body-fitness-detox\/#primaryimage","url":"https:\/\/cientifique.com.br\/cursos\/wp-content\/uploads\/2022\/12\/BodyFitness-atenas-14-03-2020.jpg","contentUrl":"https:\/\/cientifique.com.br\/cursos\/wp-content\/uploads\/2022\/12\/BodyFitness-atenas-14-03-2020.jpg","width":1080,"height":1080},{"@type":"BreadcrumbList","@id":"https:\/\/cientifique.com.br\/cursos\/product\/inscricao-curso-body-fitness-detox\/#breadcrumb","itemListElement":[{"@type":"ListItem","position":1,"name":"In\u00edcio","item":"https:\/\/cientifique.com.br\/cursos\/"},{"@type":"ListItem","position":2,"name":"Loja","item":"https:\/\/cientifique.com.br\/cursos\/loja\/"},{"@type":"ListItem","position":3,"name":"INSCRI\u00c7\u00c3O CURSO BODY FITNESS DETOX"}]},{"@type":"WebSite","@id":"https:\/\/cientifique.com.br\/cursos\/#website","url":"https:\/\/cientifique.com.br\/cursos\/","name":"Cientifique","description":"Est\u00e9tica, sa\u00fade e bem estar","publisher":{"@id":"https:\/\/cientifique.com.br\/cursos\/#organization"},"potentialAction":[{"@type":"SearchAction","target":{"@type":"EntryPoint","urlTemplate":"https:\/\/cientifique.com.br\/cursos\/?s={search_term_string}"},"query-input":{"@type":"PropertyValueSpecification","valueRequired":true,"valueName":"search_term_string"}}],"inLanguage":"pt-BR"},{"@type":"Organization","@id":"https:\/\/cientifique.com.br\/cursos\/#organization","name":"Cientifique","url":"https:\/\/cientifique.com.br\/cursos\/","logo":{"@type":"ImageObject","inLanguage":"pt-BR","@id":"https:\/\/cientifique.com.br\/cursos\/#\/schema\/logo\/image\/","url":"https:\/\/cientifique.com.br\/cursos\/wp-content\/uploads\/2020\/09\/cientifique_2020.png","contentUrl":"https:\/\/cientifique.com.br\/cursos\/wp-content\/uploads\/2020\/09\/cientifique_2020.png","width":260,"height":58,"caption":"Cientifique"},"image":{"@id":"https:\/\/cientifique.com.br\/cursos\/#\/schema\/logo\/image\/"},"sameAs":["https:\/\/www.facebook.com\/cientifique","https:\/\/x.com\/cientifiquemid","https:\/\/instagram.com\/cientifique","https:\/\/www.pinterest.com\/cientifique\/"]}]}},"jetpack_sharing_enabled":true,"_links":{"self":[{"href":"https:\/\/cientifique.com.br\/cursos\/wp-json\/wp\/v2\/product\/7867","targetHints":{"allow":["GET"]}}],"collection":[{"href":"https:\/\/cientifique.com.br\/cursos\/wp-json\/wp\/v2\/product"}],"about":[{"href":"https:\/\/cientifique.com.br\/cursos\/wp-json\/wp\/v2\/types\/product"}],"replies":[{"embeddable":true,"href":"https:\/\/cientifique.com.br\/cursos\/wp-json\/wp\/v2\/comments?post=7867"}],"wp:featuredmedia":[{"embeddable":true,"href":"https:\/\/cientifique.com.br\/cursos\/wp-json\/wp\/v2\/media\/7899"}],"wp:attachment":[{"href":"https:\/\/cientifique.com.br\/cursos\/wp-json\/wp\/v2\/media?parent=7867"}],"wp:term":[{"taxonomy":"product_brand","embeddable":true,"href":"https:\/\/cientifique.com.br\/cursos\/wp-json\/wp\/v2\/product_brand?post=7867"},{"taxonomy":"product_cat","embeddable":true,"href":"https:\/\/cientifique.com.br\/cursos\/wp-json\/wp\/v2\/product_cat?post=7867"},{"taxonomy":"product_tag","embeddable":true,"href":"https:\/\/cientifique.com.br\/cursos\/wp-json\/wp\/v2\/product_tag?post=7867"}],"curies":[{"name":"wp","href":"https:\/\/api.w.org\/{rel}","templated":true}]}}