{"id":7868,"date":"2022-12-18T12:52:58","date_gmt":"2022-12-18T15:52:58","guid":{"rendered":"https:\/\/cientifique.com\/cursos\/?post_type=product&#038;p=7868"},"modified":"2022-12-18T13:23:10","modified_gmt":"2022-12-18T16:23:10","slug":"inscricao-cursos-body-fitness-detox-pratico-spa-vegano","status":"publish","type":"product","link":"https:\/\/cientifique.com.br\/cursos\/product\/inscricao-cursos-body-fitness-detox-pratico-spa-vegano\/","title":{"rendered":"INSCRI\u00c7\u00c3O CURSOS: BODY FITNESS DETOX + Pr\u00e1tico SPA VEGANO"},"content":{"rendered":"<p>Este ticket no valor de R$400,00 corresponde ao investimento de dois Cursos: 01 inscri\u00e7\u00e3o para o CURSO BODY FITNESS DETOX para profissionais da \u00e1rea da sa\u00fade que desejam se aprimorar com a t\u00e9cnica. O curso estar\u00e1 acontecendo no dia 14\/01\/2019 em Santo Andr\u00e9 &#8211; SP &#8211; valor R$ 150,00 + 01 inscri\u00e7\u00e3o para o CURSO PR\u00c1TICO SPA VEGANO com Fundamenta\u00e7\u00e3o Org\u00e2nica que estar\u00e1 acontecendo no dia 20\/01.<\/p>\n","protected":false},"excerpt":{"rendered":"<p>Este ticket no valor de R$400,00 corresponde ao investimento de dois Cursos: 01 inscri\u00e7\u00e3o para o CURSO BODY FITNESS DETOX para profissionais da \u00e1rea da sa\u00fade que desejam se aprimorar com a t\u00e9cnica. O curso estar\u00e1 acontecendo no dia 14\/01\/2019 em Santo Andr\u00e9 &#8211; SP &#8211; valor R$ 150,00 + 01 inscri\u00e7\u00e3o para o CURSO<\/p>\n","protected":false},"featured_media":7901,"comment_status":"open","ping_status":"closed","template":"","meta":[],"product_brand":[],"product_cat":[1212,1232],"product_tag":[],"class_list":{"0":"post-7868","1":"product","2":"type-product","3":"status-publish","4":"has-post-thumbnail","6":"product_cat-ead","7":"product_cat-sem-categoria","9":"first","10":"outofstock","11":"virtual","12":"purchasable","13":"product-type-simple","14":"prodpage-style3"},"yoast_head":"<!-- This site is optimized with the Yoast SEO plugin v27.2 - https:\/\/yoast.com\/product\/yoast-seo-wordpress\/ -->\n<title>INSCRI\u00c7\u00c3O CURSOS: BODY FITNESS DETOX + Pr\u00e1tico SPA VEGANO - Cientifique<\/title>\n<meta name=\"robots\" content=\"index, follow, max-snippet:-1, max-image-preview:large, max-video-preview:-1\" \/>\n<link rel=\"canonical\" href=\"https:\/\/cientifique.com.br\/cursos\/product\/inscricao-cursos-body-fitness-detox-pratico-spa-vegano\/\" \/>\n<meta property=\"og:locale\" content=\"pt_BR\" \/>\n<meta property=\"og:type\" content=\"article\" \/>\n<meta property=\"og:title\" content=\"INSCRI\u00c7\u00c3O CURSOS: BODY FITNESS DETOX + Pr\u00e1tico SPA VEGANO - Cientifique\" \/>\n<meta property=\"og:description\" content=\"Este ticket no valor de R$400,00 corresponde ao investimento de dois Cursos: 01 inscri\u00e7\u00e3o para o CURSO BODY FITNESS DETOX para profissionais da \u00e1rea da sa\u00fade que desejam se aprimorar com a t\u00e9cnica. O curso estar\u00e1 acontecendo no dia 14\/01\/2019 em Santo Andr\u00e9 &#8211; SP &#8211; valor R$ 150,00 + 01 inscri\u00e7\u00e3o para o CURSO\" \/>\n<meta property=\"og:url\" content=\"https:\/\/cientifique.com.br\/cursos\/product\/inscricao-cursos-body-fitness-detox-pratico-spa-vegano\/\" \/>\n<meta property=\"og:site_name\" content=\"Cientifique\" \/>\n<meta property=\"article:publisher\" content=\"https:\/\/www.facebook.com\/cientifique\" \/>\n<meta property=\"article:modified_time\" content=\"2022-12-18T16:23:10+00:00\" \/>\n<meta property=\"og:image\" content=\"https:\/\/cientifique.com.br\/cursos\/wp-content\/uploads\/2022\/12\/2cursos.png\" \/>\n\t<meta property=\"og:image:width\" content=\"1080\" \/>\n\t<meta property=\"og:image:height\" content=\"1080\" \/>\n\t<meta property=\"og:image:type\" content=\"image\/png\" \/>\n<meta name=\"twitter:card\" content=\"summary_large_image\" \/>\n<meta name=\"twitter:site\" content=\"@cientifiquemid\" \/>\n<script type=\"application\/ld+json\" class=\"yoast-schema-graph\">{\"@context\":\"https:\/\/schema.org\",\"@graph\":[{\"@type\":\"WebPage\",\"@id\":\"https:\/\/cientifique.com.br\/cursos\/product\/inscricao-cursos-body-fitness-detox-pratico-spa-vegano\/\",\"url\":\"https:\/\/cientifique.com.br\/cursos\/product\/inscricao-cursos-body-fitness-detox-pratico-spa-vegano\/\",\"name\":\"INSCRI\u00c7\u00c3O CURSOS: BODY FITNESS DETOX + Pr\u00e1tico SPA VEGANO - Cientifique\",\"isPartOf\":{\"@id\":\"https:\/\/cientifique.com.br\/cursos\/#website\"},\"primaryImageOfPage\":{\"@id\":\"https:\/\/cientifique.com.br\/cursos\/product\/inscricao-cursos-body-fitness-detox-pratico-spa-vegano\/#primaryimage\"},\"image\":{\"@id\":\"https:\/\/cientifique.com.br\/cursos\/product\/inscricao-cursos-body-fitness-detox-pratico-spa-vegano\/#primaryimage\"},\"thumbnailUrl\":\"https:\/\/cientifique.com.br\/cursos\/wp-content\/uploads\/2022\/12\/2cursos.png\",\"datePublished\":\"2022-12-18T15:52:58+00:00\",\"dateModified\":\"2022-12-18T16:23:10+00:00\",\"breadcrumb\":{\"@id\":\"https:\/\/cientifique.com.br\/cursos\/product\/inscricao-cursos-body-fitness-detox-pratico-spa-vegano\/#breadcrumb\"},\"inLanguage\":\"pt-BR\",\"potentialAction\":[{\"@type\":\"ReadAction\",\"target\":[\"https:\/\/cientifique.com.br\/cursos\/product\/inscricao-cursos-body-fitness-detox-pratico-spa-vegano\/\"]}]},{\"@type\":\"ImageObject\",\"inLanguage\":\"pt-BR\",\"@id\":\"https:\/\/cientifique.com.br\/cursos\/product\/inscricao-cursos-body-fitness-detox-pratico-spa-vegano\/#primaryimage\",\"url\":\"https:\/\/cientifique.com.br\/cursos\/wp-content\/uploads\/2022\/12\/2cursos.png\",\"contentUrl\":\"https:\/\/cientifique.com.br\/cursos\/wp-content\/uploads\/2022\/12\/2cursos.png\",\"width\":1080,\"height\":1080},{\"@type\":\"BreadcrumbList\",\"@id\":\"https:\/\/cientifique.com.br\/cursos\/product\/inscricao-cursos-body-fitness-detox-pratico-spa-vegano\/#breadcrumb\",\"itemListElement\":[{\"@type\":\"ListItem\",\"position\":1,\"name\":\"In\u00edcio\",\"item\":\"https:\/\/cientifique.com.br\/cursos\/\"},{\"@type\":\"ListItem\",\"position\":2,\"name\":\"Loja\",\"item\":\"https:\/\/cientifique.com.br\/cursos\/loja\/\"},{\"@type\":\"ListItem\",\"position\":3,\"name\":\"INSCRI\u00c7\u00c3O CURSOS: BODY FITNESS DETOX + Pr\u00e1tico SPA VEGANO\"}]},{\"@type\":\"WebSite\",\"@id\":\"https:\/\/cientifique.com.br\/cursos\/#website\",\"url\":\"https:\/\/cientifique.com.br\/cursos\/\",\"name\":\"Cientifique\",\"description\":\"Est\u00e9tica, sa\u00fade e bem estar\",\"publisher\":{\"@id\":\"https:\/\/cientifique.com.br\/cursos\/#organization\"},\"potentialAction\":[{\"@type\":\"SearchAction\",\"target\":{\"@type\":\"EntryPoint\",\"urlTemplate\":\"https:\/\/cientifique.com.br\/cursos\/?s={search_term_string}\"},\"query-input\":{\"@type\":\"PropertyValueSpecification\",\"valueRequired\":true,\"valueName\":\"search_term_string\"}}],\"inLanguage\":\"pt-BR\"},{\"@type\":\"Organization\",\"@id\":\"https:\/\/cientifique.com.br\/cursos\/#organization\",\"name\":\"Cientifique\",\"url\":\"https:\/\/cientifique.com.br\/cursos\/\",\"logo\":{\"@type\":\"ImageObject\",\"inLanguage\":\"pt-BR\",\"@id\":\"https:\/\/cientifique.com.br\/cursos\/#\/schema\/logo\/image\/\",\"url\":\"https:\/\/cientifique.com.br\/cursos\/wp-content\/uploads\/2020\/09\/cientifique_2020.png\",\"contentUrl\":\"https:\/\/cientifique.com.br\/cursos\/wp-content\/uploads\/2020\/09\/cientifique_2020.png\",\"width\":260,\"height\":58,\"caption\":\"Cientifique\"},\"image\":{\"@id\":\"https:\/\/cientifique.com.br\/cursos\/#\/schema\/logo\/image\/\"},\"sameAs\":[\"https:\/\/www.facebook.com\/cientifique\",\"https:\/\/x.com\/cientifiquemid\",\"https:\/\/instagram.com\/cientifique\",\"https:\/\/www.pinterest.com\/cientifique\/\"]}]}<\/script>\n<!-- \/ Yoast SEO plugin. -->","yoast_head_json":{"title":"INSCRI\u00c7\u00c3O CURSOS: BODY FITNESS DETOX + Pr\u00e1tico SPA VEGANO - Cientifique","robots":{"index":"index","follow":"follow","max-snippet":"max-snippet:-1","max-image-preview":"max-image-preview:large","max-video-preview":"max-video-preview:-1"},"canonical":"https:\/\/cientifique.com.br\/cursos\/product\/inscricao-cursos-body-fitness-detox-pratico-spa-vegano\/","og_locale":"pt_BR","og_type":"article","og_title":"INSCRI\u00c7\u00c3O CURSOS: BODY FITNESS DETOX + Pr\u00e1tico SPA VEGANO - Cientifique","og_description":"Este ticket no valor de R$400,00 corresponde ao investimento de dois Cursos: 01 inscri\u00e7\u00e3o para o CURSO BODY FITNESS DETOX para profissionais da \u00e1rea da sa\u00fade que desejam se aprimorar com a t\u00e9cnica. O curso estar\u00e1 acontecendo no dia 14\/01\/2019 em Santo Andr\u00e9 &#8211; SP &#8211; valor R$ 150,00 + 01 inscri\u00e7\u00e3o para o CURSO","og_url":"https:\/\/cientifique.com.br\/cursos\/product\/inscricao-cursos-body-fitness-detox-pratico-spa-vegano\/","og_site_name":"Cientifique","article_publisher":"https:\/\/www.facebook.com\/cientifique","article_modified_time":"2022-12-18T16:23:10+00:00","og_image":[{"width":1080,"height":1080,"url":"https:\/\/cientifique.com.br\/cursos\/wp-content\/uploads\/2022\/12\/2cursos.png","type":"image\/png"}],"twitter_card":"summary_large_image","twitter_site":"@cientifiquemid","schema":{"@context":"https:\/\/schema.org","@graph":[{"@type":"WebPage","@id":"https:\/\/cientifique.com.br\/cursos\/product\/inscricao-cursos-body-fitness-detox-pratico-spa-vegano\/","url":"https:\/\/cientifique.com.br\/cursos\/product\/inscricao-cursos-body-fitness-detox-pratico-spa-vegano\/","name":"INSCRI\u00c7\u00c3O CURSOS: BODY FITNESS DETOX + Pr\u00e1tico SPA VEGANO - Cientifique","isPartOf":{"@id":"https:\/\/cientifique.com.br\/cursos\/#website"},"primaryImageOfPage":{"@id":"https:\/\/cientifique.com.br\/cursos\/product\/inscricao-cursos-body-fitness-detox-pratico-spa-vegano\/#primaryimage"},"image":{"@id":"https:\/\/cientifique.com.br\/cursos\/product\/inscricao-cursos-body-fitness-detox-pratico-spa-vegano\/#primaryimage"},"thumbnailUrl":"https:\/\/cientifique.com.br\/cursos\/wp-content\/uploads\/2022\/12\/2cursos.png","datePublished":"2022-12-18T15:52:58+00:00","dateModified":"2022-12-18T16:23:10+00:00","breadcrumb":{"@id":"https:\/\/cientifique.com.br\/cursos\/product\/inscricao-cursos-body-fitness-detox-pratico-spa-vegano\/#breadcrumb"},"inLanguage":"pt-BR","potentialAction":[{"@type":"ReadAction","target":["https:\/\/cientifique.com.br\/cursos\/product\/inscricao-cursos-body-fitness-detox-pratico-spa-vegano\/"]}]},{"@type":"ImageObject","inLanguage":"pt-BR","@id":"https:\/\/cientifique.com.br\/cursos\/product\/inscricao-cursos-body-fitness-detox-pratico-spa-vegano\/#primaryimage","url":"https:\/\/cientifique.com.br\/cursos\/wp-content\/uploads\/2022\/12\/2cursos.png","contentUrl":"https:\/\/cientifique.com.br\/cursos\/wp-content\/uploads\/2022\/12\/2cursos.png","width":1080,"height":1080},{"@type":"BreadcrumbList","@id":"https:\/\/cientifique.com.br\/cursos\/product\/inscricao-cursos-body-fitness-detox-pratico-spa-vegano\/#breadcrumb","itemListElement":[{"@type":"ListItem","position":1,"name":"In\u00edcio","item":"https:\/\/cientifique.com.br\/cursos\/"},{"@type":"ListItem","position":2,"name":"Loja","item":"https:\/\/cientifique.com.br\/cursos\/loja\/"},{"@type":"ListItem","position":3,"name":"INSCRI\u00c7\u00c3O CURSOS: BODY FITNESS DETOX + Pr\u00e1tico SPA VEGANO"}]},{"@type":"WebSite","@id":"https:\/\/cientifique.com.br\/cursos\/#website","url":"https:\/\/cientifique.com.br\/cursos\/","name":"Cientifique","description":"Est\u00e9tica, sa\u00fade e bem estar","publisher":{"@id":"https:\/\/cientifique.com.br\/cursos\/#organization"},"potentialAction":[{"@type":"SearchAction","target":{"@type":"EntryPoint","urlTemplate":"https:\/\/cientifique.com.br\/cursos\/?s={search_term_string}"},"query-input":{"@type":"PropertyValueSpecification","valueRequired":true,"valueName":"search_term_string"}}],"inLanguage":"pt-BR"},{"@type":"Organization","@id":"https:\/\/cientifique.com.br\/cursos\/#organization","name":"Cientifique","url":"https:\/\/cientifique.com.br\/cursos\/","logo":{"@type":"ImageObject","inLanguage":"pt-BR","@id":"https:\/\/cientifique.com.br\/cursos\/#\/schema\/logo\/image\/","url":"https:\/\/cientifique.com.br\/cursos\/wp-content\/uploads\/2020\/09\/cientifique_2020.png","contentUrl":"https:\/\/cientifique.com.br\/cursos\/wp-content\/uploads\/2020\/09\/cientifique_2020.png","width":260,"height":58,"caption":"Cientifique"},"image":{"@id":"https:\/\/cientifique.com.br\/cursos\/#\/schema\/logo\/image\/"},"sameAs":["https:\/\/www.facebook.com\/cientifique","https:\/\/x.com\/cientifiquemid","https:\/\/instagram.com\/cientifique","https:\/\/www.pinterest.com\/cientifique\/"]}]}},"jetpack_sharing_enabled":true,"_links":{"self":[{"href":"https:\/\/cientifique.com.br\/cursos\/wp-json\/wp\/v2\/product\/7868","targetHints":{"allow":["GET"]}}],"collection":[{"href":"https:\/\/cientifique.com.br\/cursos\/wp-json\/wp\/v2\/product"}],"about":[{"href":"https:\/\/cientifique.com.br\/cursos\/wp-json\/wp\/v2\/types\/product"}],"replies":[{"embeddable":true,"href":"https:\/\/cientifique.com.br\/cursos\/wp-json\/wp\/v2\/comments?post=7868"}],"wp:featuredmedia":[{"embeddable":true,"href":"https:\/\/cientifique.com.br\/cursos\/wp-json\/wp\/v2\/media\/7901"}],"wp:attachment":[{"href":"https:\/\/cientifique.com.br\/cursos\/wp-json\/wp\/v2\/media?parent=7868"}],"wp:term":[{"taxonomy":"product_brand","embeddable":true,"href":"https:\/\/cientifique.com.br\/cursos\/wp-json\/wp\/v2\/product_brand?post=7868"},{"taxonomy":"product_cat","embeddable":true,"href":"https:\/\/cientifique.com.br\/cursos\/wp-json\/wp\/v2\/product_cat?post=7868"},{"taxonomy":"product_tag","embeddable":true,"href":"https:\/\/cientifique.com.br\/cursos\/wp-json\/wp\/v2\/product_tag?post=7868"}],"curies":[{"name":"wp","href":"https:\/\/api.w.org\/{rel}","templated":true}]}}