{"id":7869,"date":"2022-12-18T12:52:58","date_gmt":"2022-12-18T15:52:58","guid":{"rendered":"https:\/\/cientifique.com\/cursos\/?post_type=product&#038;p=7869"},"modified":"2023-01-10T13:11:36","modified_gmt":"2023-01-10T16:11:36","slug":"curso-de-jato-de-plasma-eletrocauterio","status":"publish","type":"product","link":"https:\/\/cientifique.com.br\/cursos\/product\/curso-de-jato-de-plasma-eletrocauterio\/","title":{"rendered":"Curso de Jato de Plasma &#038; Eletrocaut\u00e9rio"},"content":{"rendered":"<p>Este ticket corresponde ao pagamento do CURSO JATO DE PLASMA &amp; ELETROCAUT\u00c9RIO que estar\u00e1 acontecendo nos dias:<\/p>\n<p>Campina Grande &#8211; PB<br \/>\n07\/03 \u2013 8:00-17:00 \u2013 teoria e pr\u00e1tica <strong>(CONCLU\u00cdDO)<\/strong><\/p>\n<p>Santo Andr\u00e9 &#8211; SP<br \/>\n29\/03 &#8211; 8:00-17:00 &#8211; teoria e pr\u00e1tica <strong>(CONCLU\u00cdDO)<\/strong><\/p>\n<p>&gt;&gt; Incluso: Certificado, coffee break e material did\u00e1tico digitalizado.<\/p>\n<p><strong>JATO DE PLASMA ou ELETROCAUT\u00c9RIO<\/strong> \u00e9 uma t\u00e9cnica aplicada atrav\u00e9s do uso de um bisturi m\u00e9dico que passou por uma readequa\u00e7\u00e3o para ser inserido no \u00e2mbito da est\u00e9tica. \u00c9 fundamentada pela indu\u00e7\u00e3o de descarga el\u00e9trica que \u00e9 poss\u00edvel levar a um controle do dep\u00f3sito de energia do tecido alvo com energia de baixa intensidade, promovendo est\u00edmulo de renova\u00e7\u00e3o e baixa agress\u00e3o em camadas superficiais da pele. Essa tecnologia deve ser aplicada por profissionais da \u00e1rea est\u00e9tica habilidados.<\/p>\n<p>Esta tecnologia pode ser utilizada para tratamentos como:<br \/>\n1. Despigmenta\u00e7\u00e3o da pele (remo\u00e7\u00e3o de manchas superficiais como senis e melanoses solares.<br \/>\n2. Remo\u00e7\u00e3o de pigmentos provenientes da micropigmenta\u00e7\u00e3o;<br \/>\n3. Leucodermias solares (manchas brancas da pele decorrente do excesso de exposi\u00e7\u00e3o solar);<br \/>\n4. Curetagem &#8211; Peeling (remo\u00e7\u00e3o superficial de pele) em procedimentos est\u00e9ticos para limpeza superficial da pele;<br \/>\n5. Rejuvenescimento Facial (tratamento de rugas e linhas) atrav\u00e9s da indu\u00e7\u00e3o do processo inflamat\u00f3rio e cicatricial, gerando aumento de col\u00e1geno na pele;<br \/>\n6. Tratamento de estrias e cicatrizes: indu\u00e7\u00e3o do processo inflamat\u00f3rio e cicatricial com consequente restrutura\u00e7\u00e3o das fibras de col\u00e1geno na pele.<\/p>\n<style type=\"text\/css\">\n\t\t\t\t#gallery-1 {\n\t\t\t\t\tmargin: auto;\n\t\t\t\t}\n\t\t\t\t#gallery-1 .gallery-item {\n\t\t\t\t\tfloat: left;\n\t\t\t\t\tmargin-top: 10px;\n\t\t\t\t\ttext-align: center;\n\t\t\t\t\twidth: 33%;\n\t\t\t\t}\n\t\t\t\t#gallery-1 .gallery-caption {\n\t\t\t\t\tmargin-left: 0;\n\t\t\t\t}\n\t\t\t<\/style><!-- see gallery_shortcode() in wp-includes\/media.php -->\n\t\t\t\n\t\t<div id=\"gallery-1\" class=\"gallery galleryid-7869 mfp-gallery mfp-gallery--images gallery-columns-3 gallery-size-thumbnail\"><div class=\"row zn_image_gallery \"><div class=\"col-sm-6 col-md-4 col-lg-4\"><a href=\"https:\/\/cientifique.com.br\/cursos\/wp-content\/uploads\/2022\/12\/IMG-20200308-WA0034.jpg\" title=\"Resultado | T\u00e9cnica de Fugura\u00e7\u00e3o \" class=\"hoverBorder\"><img loading=\"lazy\" decoding=\"async\" width=\"150\" height=\"150\" src=\"https:\/\/cientifique.com.br\/cursos\/wp-content\/uploads\/2022\/12\/IMG-20200308-WA0034-150x150.jpg\" class=\"attachment-thumbnail size-thumbnail\" alt=\"\" ids=\"8043,8044,8045,8046,8047\" orderby=\"post__in\" include=\"8043,8044,8045,8046,8047\" srcset=\"https:\/\/cientifique.com.br\/cursos\/wp-content\/uploads\/2022\/12\/IMG-20200308-WA0034-150x150.jpg 150w, https:\/\/cientifique.com.br\/cursos\/wp-content\/uploads\/2022\/12\/IMG-20200308-WA0034-300x300.jpg 300w, https:\/\/cientifique.com.br\/cursos\/wp-content\/uploads\/2022\/12\/IMG-20200308-WA0034-100x100.jpg 100w, https:\/\/cientifique.com.br\/cursos\/wp-content\/uploads\/2022\/12\/IMG-20200308-WA0034-50x50.jpg 50w\" sizes=\"auto, (max-width: 150px) 100vw, 150px\" \/><span class=\"gallery_caption\">Resultado | T\u00e9cnica de Fugura\u00e7\u00e3o <\/span><\/a><\/div><div class=\"col-sm-6 col-md-4 col-lg-4\"><a href=\"https:\/\/cientifique.com.br\/cursos\/wp-content\/uploads\/2022\/12\/IMG-20200311-WA0063.jpg\" title=\"Aplia\u00e7\u00e3o pr\u00e1tica entre alunos\" class=\"hoverBorder\"><img loading=\"lazy\" decoding=\"async\" width=\"150\" height=\"150\" src=\"https:\/\/cientifique.com.br\/cursos\/wp-content\/uploads\/2022\/12\/IMG-20200311-WA0063-150x150.jpg\" class=\"attachment-thumbnail size-thumbnail\" alt=\"Curso Jato de Plasma Para\u00edba, Cientifique\" ids=\"8043,8044,8045,8046,8047\" orderby=\"post__in\" include=\"8043,8044,8045,8046,8047\" srcset=\"https:\/\/cientifique.com.br\/cursos\/wp-content\/uploads\/2022\/12\/IMG-20200311-WA0063-150x150.jpg 150w, https:\/\/cientifique.com.br\/cursos\/wp-content\/uploads\/2022\/12\/IMG-20200311-WA0063-300x300.jpg 300w, https:\/\/cientifique.com.br\/cursos\/wp-content\/uploads\/2022\/12\/IMG-20200311-WA0063-1080x1080.jpg 1080w, https:\/\/cientifique.com.br\/cursos\/wp-content\/uploads\/2022\/12\/IMG-20200311-WA0063-768x768.jpg 768w, https:\/\/cientifique.com.br\/cursos\/wp-content\/uploads\/2022\/12\/IMG-20200311-WA0063-187x187.jpg 187w, https:\/\/cientifique.com.br\/cursos\/wp-content\/uploads\/2022\/12\/IMG-20200311-WA0063-600x600.jpg 600w, https:\/\/cientifique.com.br\/cursos\/wp-content\/uploads\/2022\/12\/IMG-20200311-WA0063-100x100.jpg 100w, https:\/\/cientifique.com.br\/cursos\/wp-content\/uploads\/2022\/12\/IMG-20200311-WA0063-50x50.jpg 50w, https:\/\/cientifique.com.br\/cursos\/wp-content\/uploads\/2022\/12\/IMG-20200311-WA0063.jpg 1280w\" sizes=\"auto, (max-width: 150px) 100vw, 150px\" \/><span class=\"gallery_caption\">Aplia\u00e7\u00e3o pr\u00e1tica entre alunos<\/span><\/a><\/div><div class=\"col-sm-6 col-md-4 col-lg-4\"><a href=\"https:\/\/cientifique.com.br\/cursos\/wp-content\/uploads\/2022\/12\/IMG-20200311-WA0062.jpg\" title=\"Pr\u00e1tica assistida\" class=\"hoverBorder\"><img loading=\"lazy\" decoding=\"async\" width=\"150\" height=\"150\" src=\"https:\/\/cientifique.com.br\/cursos\/wp-content\/uploads\/2022\/12\/IMG-20200311-WA0062-150x150.jpg\" class=\"attachment-thumbnail size-thumbnail\" alt=\"\" ids=\"8043,8044,8045,8046,8047\" orderby=\"post__in\" include=\"8043,8044,8045,8046,8047\" srcset=\"https:\/\/cientifique.com.br\/cursos\/wp-content\/uploads\/2022\/12\/IMG-20200311-WA0062-150x150.jpg 150w, https:\/\/cientifique.com.br\/cursos\/wp-content\/uploads\/2022\/12\/IMG-20200311-WA0062-300x300.jpg 300w, https:\/\/cientifique.com.br\/cursos\/wp-content\/uploads\/2022\/12\/IMG-20200311-WA0062-100x100.jpg 100w, https:\/\/cientifique.com.br\/cursos\/wp-content\/uploads\/2022\/12\/IMG-20200311-WA0062-50x50.jpg 50w\" sizes=\"auto, (max-width: 150px) 100vw, 150px\" \/><span class=\"gallery_caption\">Pr\u00e1tica assistida<\/span><\/a><\/div><\/div><div class=\"row zn_image_gallery \"><div class=\"col-sm-6 col-md-4 col-lg-4\"><a href=\"https:\/\/cientifique.com.br\/cursos\/wp-content\/uploads\/2022\/12\/IMG-20200311-WA0059.jpg\" title=\"Aplica\u00e7\u00e3o do LED vermelho \" class=\"hoverBorder\"><img loading=\"lazy\" decoding=\"async\" width=\"150\" height=\"150\" src=\"https:\/\/cientifique.com.br\/cursos\/wp-content\/uploads\/2022\/12\/IMG-20200311-WA0059-150x150.jpg\" class=\"attachment-thumbnail size-thumbnail\" alt=\"\" ids=\"8043,8044,8045,8046,8047\" orderby=\"post__in\" include=\"8043,8044,8045,8046,8047\" srcset=\"https:\/\/cientifique.com.br\/cursos\/wp-content\/uploads\/2022\/12\/IMG-20200311-WA0059-150x150.jpg 150w, https:\/\/cientifique.com.br\/cursos\/wp-content\/uploads\/2022\/12\/IMG-20200311-WA0059-300x300.jpg 300w, https:\/\/cientifique.com.br\/cursos\/wp-content\/uploads\/2022\/12\/IMG-20200311-WA0059-100x100.jpg 100w, https:\/\/cientifique.com.br\/cursos\/wp-content\/uploads\/2022\/12\/IMG-20200311-WA0059-50x50.jpg 50w\" sizes=\"auto, (max-width: 150px) 100vw, 150px\" \/><span class=\"gallery_caption\">Aplica\u00e7\u00e3o do LED vermelho <\/span><\/a><\/div><div class=\"col-sm-6 col-md-4 col-lg-4\"><a href=\"https:\/\/cientifique.com.br\/cursos\/wp-content\/uploads\/2022\/12\/IMG-20200308-WA0019.jpg\" title=\"Finalizando | Certificado\" class=\"hoverBorder\"><img loading=\"lazy\" decoding=\"async\" width=\"150\" height=\"150\" src=\"https:\/\/cientifique.com.br\/cursos\/wp-content\/uploads\/2022\/12\/IMG-20200308-WA0019-150x150.jpg\" class=\"attachment-thumbnail size-thumbnail\" alt=\"Finalizando com o Certificado\" ids=\"8043,8044,8045,8046,8047\" orderby=\"post__in\" include=\"8043,8044,8045,8046,8047\" srcset=\"https:\/\/cientifique.com.br\/cursos\/wp-content\/uploads\/2022\/12\/IMG-20200308-WA0019-150x150.jpg 150w, https:\/\/cientifique.com.br\/cursos\/wp-content\/uploads\/2022\/12\/IMG-20200308-WA0019-300x300.jpg 300w, https:\/\/cientifique.com.br\/cursos\/wp-content\/uploads\/2022\/12\/IMG-20200308-WA0019-100x100.jpg 100w, https:\/\/cientifique.com.br\/cursos\/wp-content\/uploads\/2022\/12\/IMG-20200308-WA0019-50x50.jpg 50w\" sizes=\"auto, (max-width: 150px) 100vw, 150px\" \/><span class=\"gallery_caption\">Finalizando | Certificado<\/span><\/a><\/div><\/div><\/div>\n","protected":false},"excerpt":{"rendered":"<p>Este ticket corresponde ao pagamento do CURSO JATO DE PLASMA &amp; ELETROCAUT\u00c9RIO que estar\u00e1 acontecendo nos dias: Campina Grande &#8211; PB 07\/03 \u2013 8:00-17:00 \u2013 teoria e pr\u00e1tica (CONCLU\u00cdDO) Santo Andr\u00e9 &#8211; SP 29\/03 &#8211; 8:00-17:00 &#8211; teoria e pr\u00e1tica (CONCLU\u00cdDO) &gt;&gt; Incluso: Certificado, coffee break e material did\u00e1tico digitalizado. JATO DE PLASMA ou ELETROCAUT\u00c9RIO<\/p>\n","protected":false},"featured_media":7902,"comment_status":"open","ping_status":"closed","template":"","meta":[],"product_brand":[],"product_cat":[1212],"product_tag":[1263,1233,1234],"class_list":{"0":"post-7869","1":"product","2":"type-product","3":"status-publish","4":"has-post-thumbnail","6":"product_cat-ead","7":"product_tag-cursos-cientifique","8":"product_tag-eletrocauterio","9":"product_tag-jato-de-plasma","11":"first","12":"onbackorder","13":"virtual","14":"purchasable","15":"product-type-simple","16":"prodpage-style3"},"yoast_head":"<!-- This site is optimized with the Yoast SEO plugin v27.2 - https:\/\/yoast.com\/product\/yoast-seo-wordpress\/ -->\n<title>Curso de Jato de Plasma &amp; Eletrocaut\u00e9rio - Cientifique<\/title>\n<meta name=\"robots\" content=\"index, follow, max-snippet:-1, max-image-preview:large, max-video-preview:-1\" \/>\n<link rel=\"canonical\" href=\"https:\/\/cientifique.com.br\/cursos\/product\/curso-de-jato-de-plasma-eletrocauterio\/\" \/>\n<meta property=\"og:locale\" content=\"pt_BR\" \/>\n<meta property=\"og:type\" content=\"article\" \/>\n<meta property=\"og:title\" content=\"Curso de Jato de Plasma &amp; Eletrocaut\u00e9rio - Cientifique\" \/>\n<meta property=\"og:description\" content=\"Este ticket corresponde ao pagamento do CURSO JATO DE PLASMA &amp; ELETROCAUT\u00c9RIO que estar\u00e1 acontecendo nos dias: Campina Grande &#8211; PB 07\/03 \u2013 8:00-17:00 \u2013 teoria e pr\u00e1tica (CONCLU\u00cdDO) Santo Andr\u00e9 &#8211; SP 29\/03 &#8211; 8:00-17:00 &#8211; teoria e pr\u00e1tica (CONCLU\u00cdDO) &gt;&gt; Incluso: Certificado, coffee break e material did\u00e1tico digitalizado. JATO DE PLASMA ou ELETROCAUT\u00c9RIO\" \/>\n<meta property=\"og:url\" content=\"https:\/\/cientifique.com.br\/cursos\/product\/curso-de-jato-de-plasma-eletrocauterio\/\" \/>\n<meta property=\"og:site_name\" content=\"Cientifique\" \/>\n<meta property=\"article:publisher\" content=\"https:\/\/www.facebook.com\/cientifique\" \/>\n<meta property=\"article:modified_time\" content=\"2023-01-10T16:11:36+00:00\" \/>\n<meta property=\"og:image\" content=\"https:\/\/cientifique.com.br\/cursos\/wp-content\/uploads\/2022\/12\/jatoplasma-10-02.png\" \/>\n\t<meta property=\"og:image:width\" content=\"1080\" \/>\n\t<meta property=\"og:image:height\" content=\"1080\" \/>\n\t<meta property=\"og:image:type\" content=\"image\/png\" \/>\n<meta name=\"twitter:card\" content=\"summary_large_image\" \/>\n<meta name=\"twitter:site\" content=\"@cientifiquemid\" \/>\n<meta name=\"twitter:label1\" content=\"Est. tempo de leitura\" \/>\n\t<meta name=\"twitter:data1\" content=\"1 minuto\" \/>\n<script type=\"application\/ld+json\" class=\"yoast-schema-graph\">{\"@context\":\"https:\/\/schema.org\",\"@graph\":[{\"@type\":\"WebPage\",\"@id\":\"https:\/\/cientifique.com.br\/cursos\/product\/curso-de-jato-de-plasma-eletrocauterio\/\",\"url\":\"https:\/\/cientifique.com.br\/cursos\/product\/curso-de-jato-de-plasma-eletrocauterio\/\",\"name\":\"Curso de Jato de Plasma & Eletrocaut\u00e9rio - Cientifique\",\"isPartOf\":{\"@id\":\"https:\/\/cientifique.com.br\/cursos\/#website\"},\"primaryImageOfPage\":{\"@id\":\"https:\/\/cientifique.com.br\/cursos\/product\/curso-de-jato-de-plasma-eletrocauterio\/#primaryimage\"},\"image\":{\"@id\":\"https:\/\/cientifique.com.br\/cursos\/product\/curso-de-jato-de-plasma-eletrocauterio\/#primaryimage\"},\"thumbnailUrl\":\"https:\/\/cientifique.com.br\/cursos\/wp-content\/uploads\/2022\/12\/jatoplasma-10-02.png\",\"datePublished\":\"2022-12-18T15:52:58+00:00\",\"dateModified\":\"2023-01-10T16:11:36+00:00\",\"breadcrumb\":{\"@id\":\"https:\/\/cientifique.com.br\/cursos\/product\/curso-de-jato-de-plasma-eletrocauterio\/#breadcrumb\"},\"inLanguage\":\"pt-BR\",\"potentialAction\":[{\"@type\":\"ReadAction\",\"target\":[\"https:\/\/cientifique.com.br\/cursos\/product\/curso-de-jato-de-plasma-eletrocauterio\/\"]}]},{\"@type\":\"ImageObject\",\"inLanguage\":\"pt-BR\",\"@id\":\"https:\/\/cientifique.com.br\/cursos\/product\/curso-de-jato-de-plasma-eletrocauterio\/#primaryimage\",\"url\":\"https:\/\/cientifique.com.br\/cursos\/wp-content\/uploads\/2022\/12\/jatoplasma-10-02.png\",\"contentUrl\":\"https:\/\/cientifique.com.br\/cursos\/wp-content\/uploads\/2022\/12\/jatoplasma-10-02.png\",\"width\":1080,\"height\":1080},{\"@type\":\"BreadcrumbList\",\"@id\":\"https:\/\/cientifique.com.br\/cursos\/product\/curso-de-jato-de-plasma-eletrocauterio\/#breadcrumb\",\"itemListElement\":[{\"@type\":\"ListItem\",\"position\":1,\"name\":\"In\u00edcio\",\"item\":\"https:\/\/cientifique.com.br\/cursos\/\"},{\"@type\":\"ListItem\",\"position\":2,\"name\":\"Loja\",\"item\":\"https:\/\/cientifique.com.br\/cursos\/loja\/\"},{\"@type\":\"ListItem\",\"position\":3,\"name\":\"Curso de Jato de Plasma &#038; Eletrocaut\u00e9rio\"}]},{\"@type\":\"WebSite\",\"@id\":\"https:\/\/cientifique.com.br\/cursos\/#website\",\"url\":\"https:\/\/cientifique.com.br\/cursos\/\",\"name\":\"Cientifique\",\"description\":\"Est\u00e9tica, sa\u00fade e bem estar\",\"publisher\":{\"@id\":\"https:\/\/cientifique.com.br\/cursos\/#organization\"},\"potentialAction\":[{\"@type\":\"SearchAction\",\"target\":{\"@type\":\"EntryPoint\",\"urlTemplate\":\"https:\/\/cientifique.com.br\/cursos\/?s={search_term_string}\"},\"query-input\":{\"@type\":\"PropertyValueSpecification\",\"valueRequired\":true,\"valueName\":\"search_term_string\"}}],\"inLanguage\":\"pt-BR\"},{\"@type\":\"Organization\",\"@id\":\"https:\/\/cientifique.com.br\/cursos\/#organization\",\"name\":\"Cientifique\",\"url\":\"https:\/\/cientifique.com.br\/cursos\/\",\"logo\":{\"@type\":\"ImageObject\",\"inLanguage\":\"pt-BR\",\"@id\":\"https:\/\/cientifique.com.br\/cursos\/#\/schema\/logo\/image\/\",\"url\":\"https:\/\/cientifique.com.br\/cursos\/wp-content\/uploads\/2020\/09\/cientifique_2020.png\",\"contentUrl\":\"https:\/\/cientifique.com.br\/cursos\/wp-content\/uploads\/2020\/09\/cientifique_2020.png\",\"width\":260,\"height\":58,\"caption\":\"Cientifique\"},\"image\":{\"@id\":\"https:\/\/cientifique.com.br\/cursos\/#\/schema\/logo\/image\/\"},\"sameAs\":[\"https:\/\/www.facebook.com\/cientifique\",\"https:\/\/x.com\/cientifiquemid\",\"https:\/\/instagram.com\/cientifique\",\"https:\/\/www.pinterest.com\/cientifique\/\"]}]}<\/script>\n<!-- \/ Yoast SEO plugin. -->","yoast_head_json":{"title":"Curso de Jato de Plasma & Eletrocaut\u00e9rio - Cientifique","robots":{"index":"index","follow":"follow","max-snippet":"max-snippet:-1","max-image-preview":"max-image-preview:large","max-video-preview":"max-video-preview:-1"},"canonical":"https:\/\/cientifique.com.br\/cursos\/product\/curso-de-jato-de-plasma-eletrocauterio\/","og_locale":"pt_BR","og_type":"article","og_title":"Curso de Jato de Plasma & Eletrocaut\u00e9rio - Cientifique","og_description":"Este ticket corresponde ao pagamento do CURSO JATO DE PLASMA &amp; ELETROCAUT\u00c9RIO que estar\u00e1 acontecendo nos dias: Campina Grande &#8211; PB 07\/03 \u2013 8:00-17:00 \u2013 teoria e pr\u00e1tica (CONCLU\u00cdDO) Santo Andr\u00e9 &#8211; SP 29\/03 &#8211; 8:00-17:00 &#8211; teoria e pr\u00e1tica (CONCLU\u00cdDO) &gt;&gt; Incluso: Certificado, coffee break e material did\u00e1tico digitalizado. JATO DE PLASMA ou ELETROCAUT\u00c9RIO","og_url":"https:\/\/cientifique.com.br\/cursos\/product\/curso-de-jato-de-plasma-eletrocauterio\/","og_site_name":"Cientifique","article_publisher":"https:\/\/www.facebook.com\/cientifique","article_modified_time":"2023-01-10T16:11:36+00:00","og_image":[{"width":1080,"height":1080,"url":"https:\/\/cientifique.com.br\/cursos\/wp-content\/uploads\/2022\/12\/jatoplasma-10-02.png","type":"image\/png"}],"twitter_card":"summary_large_image","twitter_site":"@cientifiquemid","twitter_misc":{"Est. tempo de leitura":"1 minuto"},"schema":{"@context":"https:\/\/schema.org","@graph":[{"@type":"WebPage","@id":"https:\/\/cientifique.com.br\/cursos\/product\/curso-de-jato-de-plasma-eletrocauterio\/","url":"https:\/\/cientifique.com.br\/cursos\/product\/curso-de-jato-de-plasma-eletrocauterio\/","name":"Curso de Jato de Plasma & Eletrocaut\u00e9rio - Cientifique","isPartOf":{"@id":"https:\/\/cientifique.com.br\/cursos\/#website"},"primaryImageOfPage":{"@id":"https:\/\/cientifique.com.br\/cursos\/product\/curso-de-jato-de-plasma-eletrocauterio\/#primaryimage"},"image":{"@id":"https:\/\/cientifique.com.br\/cursos\/product\/curso-de-jato-de-plasma-eletrocauterio\/#primaryimage"},"thumbnailUrl":"https:\/\/cientifique.com.br\/cursos\/wp-content\/uploads\/2022\/12\/jatoplasma-10-02.png","datePublished":"2022-12-18T15:52:58+00:00","dateModified":"2023-01-10T16:11:36+00:00","breadcrumb":{"@id":"https:\/\/cientifique.com.br\/cursos\/product\/curso-de-jato-de-plasma-eletrocauterio\/#breadcrumb"},"inLanguage":"pt-BR","potentialAction":[{"@type":"ReadAction","target":["https:\/\/cientifique.com.br\/cursos\/product\/curso-de-jato-de-plasma-eletrocauterio\/"]}]},{"@type":"ImageObject","inLanguage":"pt-BR","@id":"https:\/\/cientifique.com.br\/cursos\/product\/curso-de-jato-de-plasma-eletrocauterio\/#primaryimage","url":"https:\/\/cientifique.com.br\/cursos\/wp-content\/uploads\/2022\/12\/jatoplasma-10-02.png","contentUrl":"https:\/\/cientifique.com.br\/cursos\/wp-content\/uploads\/2022\/12\/jatoplasma-10-02.png","width":1080,"height":1080},{"@type":"BreadcrumbList","@id":"https:\/\/cientifique.com.br\/cursos\/product\/curso-de-jato-de-plasma-eletrocauterio\/#breadcrumb","itemListElement":[{"@type":"ListItem","position":1,"name":"In\u00edcio","item":"https:\/\/cientifique.com.br\/cursos\/"},{"@type":"ListItem","position":2,"name":"Loja","item":"https:\/\/cientifique.com.br\/cursos\/loja\/"},{"@type":"ListItem","position":3,"name":"Curso de Jato de Plasma &#038; Eletrocaut\u00e9rio"}]},{"@type":"WebSite","@id":"https:\/\/cientifique.com.br\/cursos\/#website","url":"https:\/\/cientifique.com.br\/cursos\/","name":"Cientifique","description":"Est\u00e9tica, sa\u00fade e bem estar","publisher":{"@id":"https:\/\/cientifique.com.br\/cursos\/#organization"},"potentialAction":[{"@type":"SearchAction","target":{"@type":"EntryPoint","urlTemplate":"https:\/\/cientifique.com.br\/cursos\/?s={search_term_string}"},"query-input":{"@type":"PropertyValueSpecification","valueRequired":true,"valueName":"search_term_string"}}],"inLanguage":"pt-BR"},{"@type":"Organization","@id":"https:\/\/cientifique.com.br\/cursos\/#organization","name":"Cientifique","url":"https:\/\/cientifique.com.br\/cursos\/","logo":{"@type":"ImageObject","inLanguage":"pt-BR","@id":"https:\/\/cientifique.com.br\/cursos\/#\/schema\/logo\/image\/","url":"https:\/\/cientifique.com.br\/cursos\/wp-content\/uploads\/2020\/09\/cientifique_2020.png","contentUrl":"https:\/\/cientifique.com.br\/cursos\/wp-content\/uploads\/2020\/09\/cientifique_2020.png","width":260,"height":58,"caption":"Cientifique"},"image":{"@id":"https:\/\/cientifique.com.br\/cursos\/#\/schema\/logo\/image\/"},"sameAs":["https:\/\/www.facebook.com\/cientifique","https:\/\/x.com\/cientifiquemid","https:\/\/instagram.com\/cientifique","https:\/\/www.pinterest.com\/cientifique\/"]}]}},"jetpack_sharing_enabled":true,"_links":{"self":[{"href":"https:\/\/cientifique.com.br\/cursos\/wp-json\/wp\/v2\/product\/7869","targetHints":{"allow":["GET"]}}],"collection":[{"href":"https:\/\/cientifique.com.br\/cursos\/wp-json\/wp\/v2\/product"}],"about":[{"href":"https:\/\/cientifique.com.br\/cursos\/wp-json\/wp\/v2\/types\/product"}],"replies":[{"embeddable":true,"href":"https:\/\/cientifique.com.br\/cursos\/wp-json\/wp\/v2\/comments?post=7869"}],"wp:featuredmedia":[{"embeddable":true,"href":"https:\/\/cientifique.com.br\/cursos\/wp-json\/wp\/v2\/media\/7902"}],"wp:attachment":[{"href":"https:\/\/cientifique.com.br\/cursos\/wp-json\/wp\/v2\/media?parent=7869"}],"wp:term":[{"taxonomy":"product_brand","embeddable":true,"href":"https:\/\/cientifique.com.br\/cursos\/wp-json\/wp\/v2\/product_brand?post=7869"},{"taxonomy":"product_cat","embeddable":true,"href":"https:\/\/cientifique.com.br\/cursos\/wp-json\/wp\/v2\/product_cat?post=7869"},{"taxonomy":"product_tag","embeddable":true,"href":"https:\/\/cientifique.com.br\/cursos\/wp-json\/wp\/v2\/product_tag?post=7869"}],"curies":[{"name":"wp","href":"https:\/\/api.w.org\/{rel}","templated":true}]}}