{"id":7872,"date":"2022-12-18T12:52:58","date_gmt":"2022-12-18T15:52:58","guid":{"rendered":"https:\/\/cientifique.com\/cursos\/?post_type=product&#038;p=7872"},"modified":"2023-01-09T15:11:29","modified_gmt":"2023-01-09T18:11:29","slug":"curso-de-silicioterapia-nas-disfuncoes-esteticas","status":"publish","type":"product","link":"https:\/\/cientifique.com.br\/cursos\/product\/curso-de-silicioterapia-nas-disfuncoes-esteticas\/","title":{"rendered":"Curso de Silicioterapia nas Disfun\u00e7\u00f5es Est\u00e9ticas &#8211; PARA\u00cdBA"},"content":{"rendered":"<p>Curso de Silicioterapia nas disfun\u00e7\u00f5es Est\u00e9ticas se baseia aplica\u00e7\u00e3o de pastilhas produzidas com sil\u00edcio cristalizado (SiO2) e aglutinado com celulose vegetal, dois elementos naturais compat\u00edveis com a pele humana.<\/p>\n<p>O sil\u00edcio \u00e9 um mineral muito importante para o bom funcionamento do organismo, podendo ser obtido atrav\u00e9s da alimenta\u00e7\u00e3o\u00a0rica em frutas, legumes e cereais. Al\u00e9m disso,\u00a0tamb\u00e9m pode ser obtido atrav\u00e9s da toma de suplementos de sil\u00edcio org\u00e2nico, em c\u00e1psulas ou em solu\u00e7\u00e3o.<\/p>\n<p>A estrutura cristalina de tetraedros propicia a gera\u00e7\u00e3o de correntes el\u00e9tricas por efeito piezoel\u00e9trico gerando por indu\u00e7\u00e3o um campo eletromagn\u00e9tico \u00e0 90 graus, interagindo com as camadas da pele atrav\u00e9s da troca de \u00edons que promovem o desarmamento das toxinas existentes, rearranjando a camada de el\u00e9trons. O resultado \u00e9 uma pele com menos toxinas.<\/p>\n<p><strong>19\/09 &#8211; Campina Grande \u2013 14:00-17:00 &#8211; (CONCLU\u00cdDO)<\/strong><\/p>\n<style type=\"text\/css\">\n\t\t\t\t#gallery-1 {\n\t\t\t\t\tmargin: auto;\n\t\t\t\t}\n\t\t\t\t#gallery-1 .gallery-item {\n\t\t\t\t\tfloat: left;\n\t\t\t\t\tmargin-top: 10px;\n\t\t\t\t\ttext-align: center;\n\t\t\t\t\twidth: 33%;\n\t\t\t\t}\n\t\t\t\t#gallery-1 .gallery-caption {\n\t\t\t\t\tmargin-left: 0;\n\t\t\t\t}\n\t\t\t<\/style><!-- see gallery_shortcode() in wp-includes\/media.php -->\n\t\t\t\n\t\t<div id=\"gallery-1\" class=\"gallery galleryid-7872 mfp-gallery mfp-gallery--images gallery-columns-3 gallery-size-thumbnail\"><div class=\"row zn_image_gallery \"><div class=\"col-sm-6 col-md-4 col-lg-4\"><a href=\"https:\/\/cientifique.com.br\/cursos\/wp-content\/uploads\/2022\/12\/IMG_20190919_152731164_HDR-scaled.jpg\" title=\"Aplica\u00e7\u00e3o da pr\u00e1tica de SILICIOTERAPIA CORPORAL\" class=\"hoverBorder\"><img loading=\"lazy\" decoding=\"async\" width=\"150\" height=\"150\" src=\"https:\/\/cientifique.com.br\/cursos\/wp-content\/uploads\/2022\/12\/IMG_20190919_152731164_HDR-150x150.jpg\" class=\"attachment-thumbnail size-thumbnail\" alt=\"Curso de Silicioterapia Para\u00edba, Cientifique\" ids=\"8068,8069,8070\" orderby=\"post__in\" include=\"8068,8069,8070\" srcset=\"https:\/\/cientifique.com.br\/cursos\/wp-content\/uploads\/2022\/12\/IMG_20190919_152731164_HDR-150x150.jpg 150w, https:\/\/cientifique.com.br\/cursos\/wp-content\/uploads\/2022\/12\/IMG_20190919_152731164_HDR-300x300.jpg 300w, https:\/\/cientifique.com.br\/cursos\/wp-content\/uploads\/2022\/12\/IMG_20190919_152731164_HDR-100x100.jpg 100w, https:\/\/cientifique.com.br\/cursos\/wp-content\/uploads\/2022\/12\/IMG_20190919_152731164_HDR-50x50.jpg 50w\" sizes=\"auto, (max-width: 150px) 100vw, 150px\" \/><span class=\"gallery_caption\">Aplica\u00e7\u00e3o da pr\u00e1tica de SILICIOTERAPIA CORPORAL<\/span><\/a><\/div><div class=\"col-sm-6 col-md-4 col-lg-4\"><a href=\"https:\/\/cientifique.com.br\/cursos\/wp-content\/uploads\/2022\/12\/IMG_20190919_162511054_HDR-scaled.jpg\" title=\"entrega do CERTIFICADOS\" class=\"hoverBorder\"><img loading=\"lazy\" decoding=\"async\" width=\"150\" height=\"150\" src=\"https:\/\/cientifique.com.br\/cursos\/wp-content\/uploads\/2022\/12\/IMG_20190919_162511054_HDR-150x150.jpg\" class=\"attachment-thumbnail size-thumbnail\" alt=\"\" ids=\"8068,8069,8070\" orderby=\"post__in\" include=\"8068,8069,8070\" srcset=\"https:\/\/cientifique.com.br\/cursos\/wp-content\/uploads\/2022\/12\/IMG_20190919_162511054_HDR-150x150.jpg 150w, https:\/\/cientifique.com.br\/cursos\/wp-content\/uploads\/2022\/12\/IMG_20190919_162511054_HDR-300x300.jpg 300w, https:\/\/cientifique.com.br\/cursos\/wp-content\/uploads\/2022\/12\/IMG_20190919_162511054_HDR-100x100.jpg 100w, https:\/\/cientifique.com.br\/cursos\/wp-content\/uploads\/2022\/12\/IMG_20190919_162511054_HDR-50x50.jpg 50w\" sizes=\"auto, (max-width: 150px) 100vw, 150px\" \/><span class=\"gallery_caption\">entrega do CERTIFICADOS<\/span><\/a><\/div><div class=\"col-sm-6 col-md-4 col-lg-4\"><a href=\"https:\/\/cientifique.com.br\/cursos\/wp-content\/uploads\/2022\/12\/IMG-20190919-WA0014.jpg\" title=\"aplica\u00e7\u00e3o pr\u00e1tica SILICIOTERAPIA FACIAL\" class=\"hoverBorder\"><img loading=\"lazy\" decoding=\"async\" width=\"150\" height=\"150\" src=\"https:\/\/cientifique.com.br\/cursos\/wp-content\/uploads\/2022\/12\/IMG-20190919-WA0014-150x150.jpg\" class=\"attachment-thumbnail size-thumbnail\" alt=\"Curso de Silicioterapia Para\u00edba, Cientifique\" ids=\"8068,8069,8070\" orderby=\"post__in\" include=\"8068,8069,8070\" srcset=\"https:\/\/cientifique.com.br\/cursos\/wp-content\/uploads\/2022\/12\/IMG-20190919-WA0014-150x150.jpg 150w, https:\/\/cientifique.com.br\/cursos\/wp-content\/uploads\/2022\/12\/IMG-20190919-WA0014-300x300.jpg 300w, https:\/\/cientifique.com.br\/cursos\/wp-content\/uploads\/2022\/12\/IMG-20190919-WA0014-100x100.jpg 100w, https:\/\/cientifique.com.br\/cursos\/wp-content\/uploads\/2022\/12\/IMG-20190919-WA0014-50x50.jpg 50w\" sizes=\"auto, (max-width: 150px) 100vw, 150px\" \/><span class=\"gallery_caption\">aplica\u00e7\u00e3o pr\u00e1tica SILICIOTERAPIA FACIAL<\/span><\/a><\/div><\/div><\/div>\n","protected":false},"excerpt":{"rendered":"<p>Curso de Silicioterapia nas disfun\u00e7\u00f5es Est\u00e9ticas se baseia aplica\u00e7\u00e3o de pastilhas produzidas com sil\u00edcio cristalizado (SiO2) e aglutinado com celulose vegetal, dois elementos naturais compat\u00edveis com a pele humana. O sil\u00edcio \u00e9 um mineral muito importante para o bom funcionamento do organismo, podendo ser obtido atrav\u00e9s da alimenta\u00e7\u00e3o\u00a0rica em frutas, legumes e cereais. Al\u00e9m disso,\u00a0tamb\u00e9m<\/p>\n","protected":false},"featured_media":7908,"comment_status":"open","ping_status":"closed","template":"","meta":[],"product_brand":[],"product_cat":[1212,1206,1220],"product_tag":[],"class_list":{"0":"post-7872","1":"product","2":"type-product","3":"status-publish","4":"has-post-thumbnail","6":"product_cat-ead","7":"product_cat-facial","8":"product_cat-profissional","10":"first","11":"instock","12":"virtual","13":"purchasable","14":"product-type-simple","15":"prodpage-style3"},"yoast_head":"<!-- This site is optimized with the Yoast SEO plugin v27.2 - https:\/\/yoast.com\/product\/yoast-seo-wordpress\/ -->\n<title>Curso de Silicioterapia nas Disfun\u00e7\u00f5es Est\u00e9ticas - PARA\u00cdBA - Cientifique<\/title>\n<meta name=\"robots\" content=\"index, follow, max-snippet:-1, max-image-preview:large, max-video-preview:-1\" \/>\n<link rel=\"canonical\" href=\"https:\/\/cientifique.com.br\/cursos\/product\/curso-de-silicioterapia-nas-disfuncoes-esteticas\/\" \/>\n<meta property=\"og:locale\" content=\"pt_BR\" \/>\n<meta property=\"og:type\" content=\"article\" \/>\n<meta property=\"og:title\" content=\"Curso de Silicioterapia nas Disfun\u00e7\u00f5es Est\u00e9ticas - PARA\u00cdBA - Cientifique\" \/>\n<meta property=\"og:description\" content=\"Curso de Silicioterapia nas disfun\u00e7\u00f5es Est\u00e9ticas se baseia aplica\u00e7\u00e3o de pastilhas produzidas com sil\u00edcio cristalizado (SiO2) e aglutinado com celulose vegetal, dois elementos naturais compat\u00edveis com a pele humana. O sil\u00edcio \u00e9 um mineral muito importante para o bom funcionamento do organismo, podendo ser obtido atrav\u00e9s da alimenta\u00e7\u00e3o\u00a0rica em frutas, legumes e cereais. Al\u00e9m disso,\u00a0tamb\u00e9m\" \/>\n<meta property=\"og:url\" content=\"https:\/\/cientifique.com.br\/cursos\/product\/curso-de-silicioterapia-nas-disfuncoes-esteticas\/\" \/>\n<meta property=\"og:site_name\" content=\"Cientifique\" \/>\n<meta property=\"article:publisher\" content=\"https:\/\/www.facebook.com\/cientifique\" \/>\n<meta property=\"article:modified_time\" content=\"2023-01-09T18:11:29+00:00\" \/>\n<meta property=\"og:image\" content=\"https:\/\/cientifique.com.br\/cursos\/wp-content\/uploads\/2022\/12\/imersao-agosto-24-07-1.png\" \/>\n\t<meta property=\"og:image:width\" content=\"1080\" \/>\n\t<meta property=\"og:image:height\" content=\"1080\" \/>\n\t<meta property=\"og:image:type\" content=\"image\/png\" \/>\n<meta name=\"twitter:card\" content=\"summary_large_image\" \/>\n<meta name=\"twitter:site\" content=\"@cientifiquemid\" \/>\n<meta name=\"twitter:label1\" content=\"Est. tempo de leitura\" \/>\n\t<meta name=\"twitter:data1\" content=\"1 minuto\" \/>\n<script type=\"application\/ld+json\" class=\"yoast-schema-graph\">{\"@context\":\"https:\/\/schema.org\",\"@graph\":[{\"@type\":\"WebPage\",\"@id\":\"https:\/\/cientifique.com.br\/cursos\/product\/curso-de-silicioterapia-nas-disfuncoes-esteticas\/\",\"url\":\"https:\/\/cientifique.com.br\/cursos\/product\/curso-de-silicioterapia-nas-disfuncoes-esteticas\/\",\"name\":\"Curso de Silicioterapia nas Disfun\u00e7\u00f5es Est\u00e9ticas - PARA\u00cdBA - Cientifique\",\"isPartOf\":{\"@id\":\"https:\/\/cientifique.com.br\/cursos\/#website\"},\"primaryImageOfPage\":{\"@id\":\"https:\/\/cientifique.com.br\/cursos\/product\/curso-de-silicioterapia-nas-disfuncoes-esteticas\/#primaryimage\"},\"image\":{\"@id\":\"https:\/\/cientifique.com.br\/cursos\/product\/curso-de-silicioterapia-nas-disfuncoes-esteticas\/#primaryimage\"},\"thumbnailUrl\":\"https:\/\/cientifique.com.br\/cursos\/wp-content\/uploads\/2022\/12\/imersao-agosto-24-07-1.png\",\"datePublished\":\"2022-12-18T15:52:58+00:00\",\"dateModified\":\"2023-01-09T18:11:29+00:00\",\"breadcrumb\":{\"@id\":\"https:\/\/cientifique.com.br\/cursos\/product\/curso-de-silicioterapia-nas-disfuncoes-esteticas\/#breadcrumb\"},\"inLanguage\":\"pt-BR\",\"potentialAction\":[{\"@type\":\"ReadAction\",\"target\":[\"https:\/\/cientifique.com.br\/cursos\/product\/curso-de-silicioterapia-nas-disfuncoes-esteticas\/\"]}]},{\"@type\":\"ImageObject\",\"inLanguage\":\"pt-BR\",\"@id\":\"https:\/\/cientifique.com.br\/cursos\/product\/curso-de-silicioterapia-nas-disfuncoes-esteticas\/#primaryimage\",\"url\":\"https:\/\/cientifique.com.br\/cursos\/wp-content\/uploads\/2022\/12\/imersao-agosto-24-07-1.png\",\"contentUrl\":\"https:\/\/cientifique.com.br\/cursos\/wp-content\/uploads\/2022\/12\/imersao-agosto-24-07-1.png\",\"width\":1080,\"height\":1080},{\"@type\":\"BreadcrumbList\",\"@id\":\"https:\/\/cientifique.com.br\/cursos\/product\/curso-de-silicioterapia-nas-disfuncoes-esteticas\/#breadcrumb\",\"itemListElement\":[{\"@type\":\"ListItem\",\"position\":1,\"name\":\"In\u00edcio\",\"item\":\"https:\/\/cientifique.com.br\/cursos\/\"},{\"@type\":\"ListItem\",\"position\":2,\"name\":\"Loja\",\"item\":\"https:\/\/cientifique.com.br\/cursos\/loja\/\"},{\"@type\":\"ListItem\",\"position\":3,\"name\":\"Curso de Silicioterapia nas Disfun\u00e7\u00f5es Est\u00e9ticas &#8211; PARA\u00cdBA\"}]},{\"@type\":\"WebSite\",\"@id\":\"https:\/\/cientifique.com.br\/cursos\/#website\",\"url\":\"https:\/\/cientifique.com.br\/cursos\/\",\"name\":\"Cientifique\",\"description\":\"Est\u00e9tica, sa\u00fade e bem estar\",\"publisher\":{\"@id\":\"https:\/\/cientifique.com.br\/cursos\/#organization\"},\"potentialAction\":[{\"@type\":\"SearchAction\",\"target\":{\"@type\":\"EntryPoint\",\"urlTemplate\":\"https:\/\/cientifique.com.br\/cursos\/?s={search_term_string}\"},\"query-input\":{\"@type\":\"PropertyValueSpecification\",\"valueRequired\":true,\"valueName\":\"search_term_string\"}}],\"inLanguage\":\"pt-BR\"},{\"@type\":\"Organization\",\"@id\":\"https:\/\/cientifique.com.br\/cursos\/#organization\",\"name\":\"Cientifique\",\"url\":\"https:\/\/cientifique.com.br\/cursos\/\",\"logo\":{\"@type\":\"ImageObject\",\"inLanguage\":\"pt-BR\",\"@id\":\"https:\/\/cientifique.com.br\/cursos\/#\/schema\/logo\/image\/\",\"url\":\"https:\/\/cientifique.com.br\/cursos\/wp-content\/uploads\/2020\/09\/cientifique_2020.png\",\"contentUrl\":\"https:\/\/cientifique.com.br\/cursos\/wp-content\/uploads\/2020\/09\/cientifique_2020.png\",\"width\":260,\"height\":58,\"caption\":\"Cientifique\"},\"image\":{\"@id\":\"https:\/\/cientifique.com.br\/cursos\/#\/schema\/logo\/image\/\"},\"sameAs\":[\"https:\/\/www.facebook.com\/cientifique\",\"https:\/\/x.com\/cientifiquemid\",\"https:\/\/instagram.com\/cientifique\",\"https:\/\/www.pinterest.com\/cientifique\/\"]}]}<\/script>\n<!-- \/ Yoast SEO plugin. -->","yoast_head_json":{"title":"Curso de Silicioterapia nas Disfun\u00e7\u00f5es Est\u00e9ticas - PARA\u00cdBA - Cientifique","robots":{"index":"index","follow":"follow","max-snippet":"max-snippet:-1","max-image-preview":"max-image-preview:large","max-video-preview":"max-video-preview:-1"},"canonical":"https:\/\/cientifique.com.br\/cursos\/product\/curso-de-silicioterapia-nas-disfuncoes-esteticas\/","og_locale":"pt_BR","og_type":"article","og_title":"Curso de Silicioterapia nas Disfun\u00e7\u00f5es Est\u00e9ticas - PARA\u00cdBA - Cientifique","og_description":"Curso de Silicioterapia nas disfun\u00e7\u00f5es Est\u00e9ticas se baseia aplica\u00e7\u00e3o de pastilhas produzidas com sil\u00edcio cristalizado (SiO2) e aglutinado com celulose vegetal, dois elementos naturais compat\u00edveis com a pele humana. O sil\u00edcio \u00e9 um mineral muito importante para o bom funcionamento do organismo, podendo ser obtido atrav\u00e9s da alimenta\u00e7\u00e3o\u00a0rica em frutas, legumes e cereais. Al\u00e9m disso,\u00a0tamb\u00e9m","og_url":"https:\/\/cientifique.com.br\/cursos\/product\/curso-de-silicioterapia-nas-disfuncoes-esteticas\/","og_site_name":"Cientifique","article_publisher":"https:\/\/www.facebook.com\/cientifique","article_modified_time":"2023-01-09T18:11:29+00:00","og_image":[{"width":1080,"height":1080,"url":"https:\/\/cientifique.com.br\/cursos\/wp-content\/uploads\/2022\/12\/imersao-agosto-24-07-1.png","type":"image\/png"}],"twitter_card":"summary_large_image","twitter_site":"@cientifiquemid","twitter_misc":{"Est. tempo de leitura":"1 minuto"},"schema":{"@context":"https:\/\/schema.org","@graph":[{"@type":"WebPage","@id":"https:\/\/cientifique.com.br\/cursos\/product\/curso-de-silicioterapia-nas-disfuncoes-esteticas\/","url":"https:\/\/cientifique.com.br\/cursos\/product\/curso-de-silicioterapia-nas-disfuncoes-esteticas\/","name":"Curso de Silicioterapia nas Disfun\u00e7\u00f5es Est\u00e9ticas - PARA\u00cdBA - Cientifique","isPartOf":{"@id":"https:\/\/cientifique.com.br\/cursos\/#website"},"primaryImageOfPage":{"@id":"https:\/\/cientifique.com.br\/cursos\/product\/curso-de-silicioterapia-nas-disfuncoes-esteticas\/#primaryimage"},"image":{"@id":"https:\/\/cientifique.com.br\/cursos\/product\/curso-de-silicioterapia-nas-disfuncoes-esteticas\/#primaryimage"},"thumbnailUrl":"https:\/\/cientifique.com.br\/cursos\/wp-content\/uploads\/2022\/12\/imersao-agosto-24-07-1.png","datePublished":"2022-12-18T15:52:58+00:00","dateModified":"2023-01-09T18:11:29+00:00","breadcrumb":{"@id":"https:\/\/cientifique.com.br\/cursos\/product\/curso-de-silicioterapia-nas-disfuncoes-esteticas\/#breadcrumb"},"inLanguage":"pt-BR","potentialAction":[{"@type":"ReadAction","target":["https:\/\/cientifique.com.br\/cursos\/product\/curso-de-silicioterapia-nas-disfuncoes-esteticas\/"]}]},{"@type":"ImageObject","inLanguage":"pt-BR","@id":"https:\/\/cientifique.com.br\/cursos\/product\/curso-de-silicioterapia-nas-disfuncoes-esteticas\/#primaryimage","url":"https:\/\/cientifique.com.br\/cursos\/wp-content\/uploads\/2022\/12\/imersao-agosto-24-07-1.png","contentUrl":"https:\/\/cientifique.com.br\/cursos\/wp-content\/uploads\/2022\/12\/imersao-agosto-24-07-1.png","width":1080,"height":1080},{"@type":"BreadcrumbList","@id":"https:\/\/cientifique.com.br\/cursos\/product\/curso-de-silicioterapia-nas-disfuncoes-esteticas\/#breadcrumb","itemListElement":[{"@type":"ListItem","position":1,"name":"In\u00edcio","item":"https:\/\/cientifique.com.br\/cursos\/"},{"@type":"ListItem","position":2,"name":"Loja","item":"https:\/\/cientifique.com.br\/cursos\/loja\/"},{"@type":"ListItem","position":3,"name":"Curso de Silicioterapia nas Disfun\u00e7\u00f5es Est\u00e9ticas &#8211; PARA\u00cdBA"}]},{"@type":"WebSite","@id":"https:\/\/cientifique.com.br\/cursos\/#website","url":"https:\/\/cientifique.com.br\/cursos\/","name":"Cientifique","description":"Est\u00e9tica, sa\u00fade e bem estar","publisher":{"@id":"https:\/\/cientifique.com.br\/cursos\/#organization"},"potentialAction":[{"@type":"SearchAction","target":{"@type":"EntryPoint","urlTemplate":"https:\/\/cientifique.com.br\/cursos\/?s={search_term_string}"},"query-input":{"@type":"PropertyValueSpecification","valueRequired":true,"valueName":"search_term_string"}}],"inLanguage":"pt-BR"},{"@type":"Organization","@id":"https:\/\/cientifique.com.br\/cursos\/#organization","name":"Cientifique","url":"https:\/\/cientifique.com.br\/cursos\/","logo":{"@type":"ImageObject","inLanguage":"pt-BR","@id":"https:\/\/cientifique.com.br\/cursos\/#\/schema\/logo\/image\/","url":"https:\/\/cientifique.com.br\/cursos\/wp-content\/uploads\/2020\/09\/cientifique_2020.png","contentUrl":"https:\/\/cientifique.com.br\/cursos\/wp-content\/uploads\/2020\/09\/cientifique_2020.png","width":260,"height":58,"caption":"Cientifique"},"image":{"@id":"https:\/\/cientifique.com.br\/cursos\/#\/schema\/logo\/image\/"},"sameAs":["https:\/\/www.facebook.com\/cientifique","https:\/\/x.com\/cientifiquemid","https:\/\/instagram.com\/cientifique","https:\/\/www.pinterest.com\/cientifique\/"]}]}},"jetpack_sharing_enabled":true,"_links":{"self":[{"href":"https:\/\/cientifique.com.br\/cursos\/wp-json\/wp\/v2\/product\/7872","targetHints":{"allow":["GET"]}}],"collection":[{"href":"https:\/\/cientifique.com.br\/cursos\/wp-json\/wp\/v2\/product"}],"about":[{"href":"https:\/\/cientifique.com.br\/cursos\/wp-json\/wp\/v2\/types\/product"}],"replies":[{"embeddable":true,"href":"https:\/\/cientifique.com.br\/cursos\/wp-json\/wp\/v2\/comments?post=7872"}],"wp:featuredmedia":[{"embeddable":true,"href":"https:\/\/cientifique.com.br\/cursos\/wp-json\/wp\/v2\/media\/7908"}],"wp:attachment":[{"href":"https:\/\/cientifique.com.br\/cursos\/wp-json\/wp\/v2\/media?parent=7872"}],"wp:term":[{"taxonomy":"product_brand","embeddable":true,"href":"https:\/\/cientifique.com.br\/cursos\/wp-json\/wp\/v2\/product_brand?post=7872"},{"taxonomy":"product_cat","embeddable":true,"href":"https:\/\/cientifique.com.br\/cursos\/wp-json\/wp\/v2\/product_cat?post=7872"},{"taxonomy":"product_tag","embeddable":true,"href":"https:\/\/cientifique.com.br\/cursos\/wp-json\/wp\/v2\/product_tag?post=7872"}],"curies":[{"name":"wp","href":"https:\/\/api.w.org\/{rel}","templated":true}]}}