{"id":7874,"date":"2022-12-18T12:52:58","date_gmt":"2022-12-18T15:52:58","guid":{"rendered":"https:\/\/cientifique.com\/cursos\/?post_type=product&#038;p=7874"},"modified":"2025-09-27T20:46:27","modified_gmt":"2025-09-27T23:46:27","slug":"inscricao-curso-body-fitness-detox-on-line","status":"publish","type":"product","link":"https:\/\/cientifique.com.br\/cursos\/product\/inscricao-curso-body-fitness-detox-on-line\/","title":{"rendered":"INSCRI\u00c7\u00c3O CURSO BODY FITNESS DETOX ON-LINE"},"content":{"rendered":"<p><em>Este ticket no valor de R$ 137,90 (30% OFF em promo\u00e7\u00e3o de lan\u00e7amento) corresponde ao investimento de 01(uma) inscri\u00e7\u00e3o para o CURSO BODY FITNESS DETOX ON-LINE para *profissionais da \u00e1rea da est\u00e9tica e sa\u00fade.<\/em><\/p>\n<ul>\n<li style=\"list-style-type: none;\">\n<ul>\n<li>O <strong>CURSO BODY FITNESS DETOX<\/strong> \u00e9 uma <em><strong>T\u00c9CNICA EXCLUSIVA<\/strong><\/em> da Cosmet\u00f3loga e Esteticista Prof.\u00aa SILVANA OLIVEIRA associando movimentos isom\u00e9tricos \u00e0 aplica\u00e7\u00e3o de faixas de compress\u00e3o, trabalhando de acordo com a resist\u00eancia do paciente, por esse motivo, n\u00e3o existindo contraindica\u00e7\u00f5es diferentes das convencionais da est\u00e9tica.<\/li>\n<\/ul>\n<\/li>\n<\/ul>\n<p>&nbsp;<\/p>\n<ul>\n<li style=\"list-style-type: none;\">\n<ul>\n<li>S\u00e3o v\u00e1rios os diferenciais dessa t\u00e9cnica. Al\u00e9m da combina\u00e7\u00e3o de ativos tecnol\u00f3gicos, massagens modeladoras, turbinadas e t\u00e9cnicas detox, os movimentos isom\u00e9tricos envolvem o paciente e ele sente exatamente a regi\u00e3o que est\u00e1 sendo tratada. Esse feedback aumenta a credibilidade no tratamento aplicado e consequentemente tem seus efeitos potencializados.<\/li>\n<\/ul>\n<\/li>\n<\/ul>\n<p>&nbsp;<\/p>\n<ul>\n<li>Fundamentada em dados cient\u00edficos, possibilita associa\u00e7\u00e3o de cosm\u00e9ticos, eletroterapias e de movimentos espec\u00edficos isom\u00e9tricos capazes de tonificar a musculatura, oxigena\u00e7\u00e3o, ativar o metabolismo e elimina\u00e7\u00e3o de toxinas.<\/li>\n<\/ul>\n<p><strong>Incluso:<\/strong> Certificado e Material Did\u00e1tico digitalizados.<\/p>\n<p>MAIS INFORMA\u00c7\u00d5ES: (11) 9 9793-8460<\/p>\n<p><em>* Como s\u00e3o cursos livres de capacita\u00e7\u00e3o e n\u00e3o de p\u00f3s-gradua\u00e7\u00e3o, s\u00e3o destinados a:<br \/>\nPROFISSIONAIS da \u00e1rea est\u00e9tica e da sa\u00fade, Curso Livre Conforme a lei n\u00ba. 9394\/96, o Decreto n\u00ba. 5.154\/04 e a Delibera\u00e7\u00e3o CEE 14\/97 Dispositivo registrado na Anvisa para uso Est\u00e9tica em centros de Est\u00e9tica.<\/em><\/p>\n","protected":false},"excerpt":{"rendered":"<p>O CURSO BODY FITNESS DETOX \u00e9 uma T\u00c9CNICA EXCLUSIVA da Cosmet\u00f3loga e Esteticista Prof.\u00aa SILVANA OLIVEIRA.<\/p>\n<p>Conte\u00fado Program\u00e1tico:<\/p>\n<p>\u2013 Conceitua\u00e7\u00e3o<br \/>\n\u2013 Dermocosm\u00e9ticos para associa\u00e7\u00e3o<br \/>\n\u2013 Pr\u00e1tica da Gin\u00e1stica Isom\u00e9trica<br \/>\n\u2013 Aplica\u00e7\u00e3o das Faixas de Compress\u00e3o<br \/>\n\u2013 Manobras associadas<br \/>\n\u2013 Indica\u00e7\u00e3o e contra-indica\u00e7\u00e3o<\/p>\n","protected":false},"featured_media":7912,"comment_status":"open","ping_status":"closed","template":"","meta":[],"product_brand":[],"product_cat":[1223,1212,1213,1225,1220],"product_tag":[],"class_list":{"0":"post-7874","1":"product","2":"type-product","3":"status-publish","4":"has-post-thumbnail","6":"product_cat-corporal","7":"product_cat-ead","8":"product_cat-estudante","9":"product_cat-gordura-localizada","10":"product_cat-profissional","12":"first","13":"instock","14":"sale","15":"virtual","16":"purchasable","17":"product-type-simple","18":"prodpage-style3"},"yoast_head":"<!-- This site is optimized with the Yoast SEO plugin v27.2 - https:\/\/yoast.com\/product\/yoast-seo-wordpress\/ -->\n<title>INSCRI\u00c7\u00c3O CURSO BODY FITNESS DETOX ON-LINE - Cientifique<\/title>\n<meta name=\"robots\" content=\"index, follow, max-snippet:-1, max-image-preview:large, max-video-preview:-1\" \/>\n<link rel=\"canonical\" href=\"https:\/\/cientifique.com.br\/cursos\/product\/inscricao-curso-body-fitness-detox-on-line\/\" \/>\n<meta property=\"og:locale\" content=\"pt_BR\" \/>\n<meta property=\"og:type\" content=\"article\" \/>\n<meta property=\"og:title\" content=\"INSCRI\u00c7\u00c3O CURSO BODY FITNESS DETOX ON-LINE - Cientifique\" \/>\n<meta property=\"og:description\" content=\"O CURSO BODY FITNESS DETOX \u00e9 uma T\u00c9CNICA EXCLUSIVA da Cosmet\u00f3loga e Esteticista Prof.\u00aa SILVANA OLIVEIRA.  Conte\u00fado Program\u00e1tico:  \u2013 Conceitua\u00e7\u00e3o \u2013 Dermocosm\u00e9ticos para associa\u00e7\u00e3o \u2013 Pr\u00e1tica da Gin\u00e1stica Isom\u00e9trica \u2013 Aplica\u00e7\u00e3o das Faixas de Compress\u00e3o \u2013 Manobras associadas \u2013 Indica\u00e7\u00e3o e contra-indica\u00e7\u00e3o\" \/>\n<meta property=\"og:url\" content=\"https:\/\/cientifique.com.br\/cursos\/product\/inscricao-curso-body-fitness-detox-on-line\/\" \/>\n<meta property=\"og:site_name\" content=\"Cientifique\" \/>\n<meta property=\"article:publisher\" content=\"https:\/\/www.facebook.com\/cientifique\" \/>\n<meta property=\"article:modified_time\" content=\"2025-09-27T23:46:27+00:00\" \/>\n<meta property=\"og:image\" content=\"https:\/\/cientifique.com.br\/cursos\/wp-content\/uploads\/2022\/12\/body-fitness-detox-online_09-12-2019.jpg\" \/>\n\t<meta property=\"og:image:width\" content=\"1020\" \/>\n\t<meta property=\"og:image:height\" content=\"1020\" \/>\n\t<meta property=\"og:image:type\" content=\"image\/jpeg\" \/>\n<meta name=\"twitter:card\" content=\"summary_large_image\" \/>\n<meta name=\"twitter:site\" content=\"@cientifiquemid\" \/>\n<meta name=\"twitter:label1\" content=\"Est. tempo de leitura\" \/>\n\t<meta name=\"twitter:data1\" content=\"1 minuto\" \/>\n<script type=\"application\/ld+json\" class=\"yoast-schema-graph\">{\"@context\":\"https:\/\/schema.org\",\"@graph\":[{\"@type\":\"WebPage\",\"@id\":\"https:\/\/cientifique.com.br\/cursos\/product\/inscricao-curso-body-fitness-detox-on-line\/\",\"url\":\"https:\/\/cientifique.com.br\/cursos\/product\/inscricao-curso-body-fitness-detox-on-line\/\",\"name\":\"INSCRI\u00c7\u00c3O CURSO BODY FITNESS DETOX ON-LINE - Cientifique\",\"isPartOf\":{\"@id\":\"https:\/\/cientifique.com.br\/cursos\/#website\"},\"primaryImageOfPage\":{\"@id\":\"https:\/\/cientifique.com.br\/cursos\/product\/inscricao-curso-body-fitness-detox-on-line\/#primaryimage\"},\"image\":{\"@id\":\"https:\/\/cientifique.com.br\/cursos\/product\/inscricao-curso-body-fitness-detox-on-line\/#primaryimage\"},\"thumbnailUrl\":\"https:\/\/cientifique.com.br\/cursos\/wp-content\/uploads\/2022\/12\/body-fitness-detox-online_09-12-2019.jpg\",\"datePublished\":\"2022-12-18T15:52:58+00:00\",\"dateModified\":\"2025-09-27T23:46:27+00:00\",\"breadcrumb\":{\"@id\":\"https:\/\/cientifique.com.br\/cursos\/product\/inscricao-curso-body-fitness-detox-on-line\/#breadcrumb\"},\"inLanguage\":\"pt-BR\",\"potentialAction\":[{\"@type\":\"ReadAction\",\"target\":[\"https:\/\/cientifique.com.br\/cursos\/product\/inscricao-curso-body-fitness-detox-on-line\/\"]}]},{\"@type\":\"ImageObject\",\"inLanguage\":\"pt-BR\",\"@id\":\"https:\/\/cientifique.com.br\/cursos\/product\/inscricao-curso-body-fitness-detox-on-line\/#primaryimage\",\"url\":\"https:\/\/cientifique.com.br\/cursos\/wp-content\/uploads\/2022\/12\/body-fitness-detox-online_09-12-2019.jpg\",\"contentUrl\":\"https:\/\/cientifique.com.br\/cursos\/wp-content\/uploads\/2022\/12\/body-fitness-detox-online_09-12-2019.jpg\",\"width\":1020,\"height\":1020},{\"@type\":\"BreadcrumbList\",\"@id\":\"https:\/\/cientifique.com.br\/cursos\/product\/inscricao-curso-body-fitness-detox-on-line\/#breadcrumb\",\"itemListElement\":[{\"@type\":\"ListItem\",\"position\":1,\"name\":\"In\u00edcio\",\"item\":\"https:\/\/cientifique.com.br\/cursos\/\"},{\"@type\":\"ListItem\",\"position\":2,\"name\":\"Loja\",\"item\":\"https:\/\/cientifique.com.br\/cursos\/loja\/\"},{\"@type\":\"ListItem\",\"position\":3,\"name\":\"INSCRI\u00c7\u00c3O CURSO BODY FITNESS DETOX ON-LINE\"}]},{\"@type\":\"WebSite\",\"@id\":\"https:\/\/cientifique.com.br\/cursos\/#website\",\"url\":\"https:\/\/cientifique.com.br\/cursos\/\",\"name\":\"Cientifique\",\"description\":\"Est\u00e9tica, sa\u00fade e bem estar\",\"publisher\":{\"@id\":\"https:\/\/cientifique.com.br\/cursos\/#organization\"},\"potentialAction\":[{\"@type\":\"SearchAction\",\"target\":{\"@type\":\"EntryPoint\",\"urlTemplate\":\"https:\/\/cientifique.com.br\/cursos\/?s={search_term_string}\"},\"query-input\":{\"@type\":\"PropertyValueSpecification\",\"valueRequired\":true,\"valueName\":\"search_term_string\"}}],\"inLanguage\":\"pt-BR\"},{\"@type\":\"Organization\",\"@id\":\"https:\/\/cientifique.com.br\/cursos\/#organization\",\"name\":\"Cientifique\",\"url\":\"https:\/\/cientifique.com.br\/cursos\/\",\"logo\":{\"@type\":\"ImageObject\",\"inLanguage\":\"pt-BR\",\"@id\":\"https:\/\/cientifique.com.br\/cursos\/#\/schema\/logo\/image\/\",\"url\":\"https:\/\/cientifique.com.br\/cursos\/wp-content\/uploads\/2020\/09\/cientifique_2020.png\",\"contentUrl\":\"https:\/\/cientifique.com.br\/cursos\/wp-content\/uploads\/2020\/09\/cientifique_2020.png\",\"width\":260,\"height\":58,\"caption\":\"Cientifique\"},\"image\":{\"@id\":\"https:\/\/cientifique.com.br\/cursos\/#\/schema\/logo\/image\/\"},\"sameAs\":[\"https:\/\/www.facebook.com\/cientifique\",\"https:\/\/x.com\/cientifiquemid\",\"https:\/\/instagram.com\/cientifique\",\"https:\/\/www.pinterest.com\/cientifique\/\"]}]}<\/script>\n<!-- \/ Yoast SEO plugin. -->","yoast_head_json":{"title":"INSCRI\u00c7\u00c3O CURSO BODY FITNESS DETOX ON-LINE - Cientifique","robots":{"index":"index","follow":"follow","max-snippet":"max-snippet:-1","max-image-preview":"max-image-preview:large","max-video-preview":"max-video-preview:-1"},"canonical":"https:\/\/cientifique.com.br\/cursos\/product\/inscricao-curso-body-fitness-detox-on-line\/","og_locale":"pt_BR","og_type":"article","og_title":"INSCRI\u00c7\u00c3O CURSO BODY FITNESS DETOX ON-LINE - Cientifique","og_description":"O CURSO BODY FITNESS DETOX \u00e9 uma T\u00c9CNICA EXCLUSIVA da Cosmet\u00f3loga e Esteticista Prof.\u00aa SILVANA OLIVEIRA.  Conte\u00fado Program\u00e1tico:  \u2013 Conceitua\u00e7\u00e3o \u2013 Dermocosm\u00e9ticos para associa\u00e7\u00e3o \u2013 Pr\u00e1tica da Gin\u00e1stica Isom\u00e9trica \u2013 Aplica\u00e7\u00e3o das Faixas de Compress\u00e3o \u2013 Manobras associadas \u2013 Indica\u00e7\u00e3o e contra-indica\u00e7\u00e3o","og_url":"https:\/\/cientifique.com.br\/cursos\/product\/inscricao-curso-body-fitness-detox-on-line\/","og_site_name":"Cientifique","article_publisher":"https:\/\/www.facebook.com\/cientifique","article_modified_time":"2025-09-27T23:46:27+00:00","og_image":[{"width":1020,"height":1020,"url":"https:\/\/cientifique.com.br\/cursos\/wp-content\/uploads\/2022\/12\/body-fitness-detox-online_09-12-2019.jpg","type":"image\/jpeg"}],"twitter_card":"summary_large_image","twitter_site":"@cientifiquemid","twitter_misc":{"Est. tempo de leitura":"1 minuto"},"schema":{"@context":"https:\/\/schema.org","@graph":[{"@type":"WebPage","@id":"https:\/\/cientifique.com.br\/cursos\/product\/inscricao-curso-body-fitness-detox-on-line\/","url":"https:\/\/cientifique.com.br\/cursos\/product\/inscricao-curso-body-fitness-detox-on-line\/","name":"INSCRI\u00c7\u00c3O CURSO BODY FITNESS DETOX ON-LINE - Cientifique","isPartOf":{"@id":"https:\/\/cientifique.com.br\/cursos\/#website"},"primaryImageOfPage":{"@id":"https:\/\/cientifique.com.br\/cursos\/product\/inscricao-curso-body-fitness-detox-on-line\/#primaryimage"},"image":{"@id":"https:\/\/cientifique.com.br\/cursos\/product\/inscricao-curso-body-fitness-detox-on-line\/#primaryimage"},"thumbnailUrl":"https:\/\/cientifique.com.br\/cursos\/wp-content\/uploads\/2022\/12\/body-fitness-detox-online_09-12-2019.jpg","datePublished":"2022-12-18T15:52:58+00:00","dateModified":"2025-09-27T23:46:27+00:00","breadcrumb":{"@id":"https:\/\/cientifique.com.br\/cursos\/product\/inscricao-curso-body-fitness-detox-on-line\/#breadcrumb"},"inLanguage":"pt-BR","potentialAction":[{"@type":"ReadAction","target":["https:\/\/cientifique.com.br\/cursos\/product\/inscricao-curso-body-fitness-detox-on-line\/"]}]},{"@type":"ImageObject","inLanguage":"pt-BR","@id":"https:\/\/cientifique.com.br\/cursos\/product\/inscricao-curso-body-fitness-detox-on-line\/#primaryimage","url":"https:\/\/cientifique.com.br\/cursos\/wp-content\/uploads\/2022\/12\/body-fitness-detox-online_09-12-2019.jpg","contentUrl":"https:\/\/cientifique.com.br\/cursos\/wp-content\/uploads\/2022\/12\/body-fitness-detox-online_09-12-2019.jpg","width":1020,"height":1020},{"@type":"BreadcrumbList","@id":"https:\/\/cientifique.com.br\/cursos\/product\/inscricao-curso-body-fitness-detox-on-line\/#breadcrumb","itemListElement":[{"@type":"ListItem","position":1,"name":"In\u00edcio","item":"https:\/\/cientifique.com.br\/cursos\/"},{"@type":"ListItem","position":2,"name":"Loja","item":"https:\/\/cientifique.com.br\/cursos\/loja\/"},{"@type":"ListItem","position":3,"name":"INSCRI\u00c7\u00c3O CURSO BODY FITNESS DETOX ON-LINE"}]},{"@type":"WebSite","@id":"https:\/\/cientifique.com.br\/cursos\/#website","url":"https:\/\/cientifique.com.br\/cursos\/","name":"Cientifique","description":"Est\u00e9tica, sa\u00fade e bem estar","publisher":{"@id":"https:\/\/cientifique.com.br\/cursos\/#organization"},"potentialAction":[{"@type":"SearchAction","target":{"@type":"EntryPoint","urlTemplate":"https:\/\/cientifique.com.br\/cursos\/?s={search_term_string}"},"query-input":{"@type":"PropertyValueSpecification","valueRequired":true,"valueName":"search_term_string"}}],"inLanguage":"pt-BR"},{"@type":"Organization","@id":"https:\/\/cientifique.com.br\/cursos\/#organization","name":"Cientifique","url":"https:\/\/cientifique.com.br\/cursos\/","logo":{"@type":"ImageObject","inLanguage":"pt-BR","@id":"https:\/\/cientifique.com.br\/cursos\/#\/schema\/logo\/image\/","url":"https:\/\/cientifique.com.br\/cursos\/wp-content\/uploads\/2020\/09\/cientifique_2020.png","contentUrl":"https:\/\/cientifique.com.br\/cursos\/wp-content\/uploads\/2020\/09\/cientifique_2020.png","width":260,"height":58,"caption":"Cientifique"},"image":{"@id":"https:\/\/cientifique.com.br\/cursos\/#\/schema\/logo\/image\/"},"sameAs":["https:\/\/www.facebook.com\/cientifique","https:\/\/x.com\/cientifiquemid","https:\/\/instagram.com\/cientifique","https:\/\/www.pinterest.com\/cientifique\/"]}]}},"jetpack_sharing_enabled":true,"_links":{"self":[{"href":"https:\/\/cientifique.com.br\/cursos\/wp-json\/wp\/v2\/product\/7874","targetHints":{"allow":["GET"]}}],"collection":[{"href":"https:\/\/cientifique.com.br\/cursos\/wp-json\/wp\/v2\/product"}],"about":[{"href":"https:\/\/cientifique.com.br\/cursos\/wp-json\/wp\/v2\/types\/product"}],"replies":[{"embeddable":true,"href":"https:\/\/cientifique.com.br\/cursos\/wp-json\/wp\/v2\/comments?post=7874"}],"wp:featuredmedia":[{"embeddable":true,"href":"https:\/\/cientifique.com.br\/cursos\/wp-json\/wp\/v2\/media\/7912"}],"wp:attachment":[{"href":"https:\/\/cientifique.com.br\/cursos\/wp-json\/wp\/v2\/media?parent=7874"}],"wp:term":[{"taxonomy":"product_brand","embeddable":true,"href":"https:\/\/cientifique.com.br\/cursos\/wp-json\/wp\/v2\/product_brand?post=7874"},{"taxonomy":"product_cat","embeddable":true,"href":"https:\/\/cientifique.com.br\/cursos\/wp-json\/wp\/v2\/product_cat?post=7874"},{"taxonomy":"product_tag","embeddable":true,"href":"https:\/\/cientifique.com.br\/cursos\/wp-json\/wp\/v2\/product_tag?post=7874"}],"curies":[{"name":"wp","href":"https:\/\/api.w.org\/{rel}","templated":true}]}}