{"id":7878,"date":"2022-12-18T12:52:59","date_gmt":"2022-12-18T15:52:59","guid":{"rendered":"https:\/\/cientifique.com\/cursos\/?post_type=product&#038;p=7878"},"modified":"2022-12-18T13:22:34","modified_gmt":"2022-12-18T16:22:34","slug":"inscricao-curso-online-aromaterapia-com-as-copas-suecas","status":"publish","type":"product","link":"https:\/\/cientifique.com.br\/cursos\/product\/inscricao-curso-online-aromaterapia-com-as-copas-suecas\/","title":{"rendered":"INSCRI\u00c7\u00c3O CURSO ONLINE AROMATERAPIA COM AS COPAS SUECAS"},"content":{"rendered":"<p>Este ticket no valor de R$149,00 corresponde ao investimento de 01 inscri\u00e7\u00e3o para o CURSO ONLINE AROMATERAPIA COM AS COPAS SUECAS para profissionais da \u00e1rea da sa\u00fade que desejam se aprimorar com a t\u00e9cnica.<\/p>\n<p>Com dicas EXCLUSIVAS da Cosmet\u00f3loga e Esteticista Prof.\u00aa SILVANA OLIVEIRA e tamb\u00e9m poder\u00e1 fazer o download do e-book <em>20 possibilidades de Tratamentos Corporais no Universo da Aromaterapia<\/em><br \/>\n <a href=\"\" class=\"btn   \" target=\"\">Saiba mais sobre a t\u00e9cnica<\/a>\n[space height=&#8221;20&#8243; ]\n<p>Incluso: Certificado e Material Did\u00e1tico Digitalizado.<\/p>\n<p>MAIS INFORMA\u00c7\u00c3O: (11) 9 9793-8460<\/p>\n","protected":false},"excerpt":{"rendered":"<p>Com dicas EXCLUSIVAS da Cosmet\u00f3loga e Esteticista Prof.\u00aa SILVANA OLIVEIRA e tamb\u00e9m poder\u00e1 fazer o download do e-book <em>20 possibilidades de Tratamentos Corporais no Universo da Aromaterapia<\/em><br \/>\n[button href=\"https:\/\/cientifique.com.br\/lojacurso-aromaterapia-copa-sueca\/\" icon_size=\"12\" animation_delay=\"0\" class=\"\" target=\"\" color=\"flat\" dimension=\"small\" icon=\"plus\" animation=\"\" animate=\"\" ]Saiba mais sobre a t\u00e9cnica[\/button]<\/p>\n","protected":false},"featured_media":7917,"comment_status":"open","ping_status":"closed","template":"","meta":[],"product_brand":[],"product_cat":[1222,1223,1212,1224,1213,1225,1226,1220],"product_tag":[1215,1249,1250,1243,1251,1252,1253,546,1254,1255,1256],"class_list":{"0":"post-7878","1":"product","2":"type-product","3":"status-publish","4":"has-post-thumbnail","6":"product_cat-clareamento","7":"product_cat-corporal","8":"product_cat-ead","9":"product_cat-estrias","10":"product_cat-estudante","11":"product_cat-gordura-localizada","12":"product_cat-hidratacao","13":"product_cat-profissional","14":"product_tag-aromaterapia","15":"product_tag-copa-sueca","16":"product_tag-copa-sueca-roller","17":"product_tag-corporal","18":"product_tag-curso","19":"product_tag-cursos-online","20":"product_tag-madeiroterapia","21":"product_tag-maderoterapia","22":"product_tag-massagem","23":"product_tag-modeladora","24":"product_tag-oleos-essenciais","26":"first","27":"instock","28":"virtual","29":"purchasable","30":"product-type-simple","31":"prodpage-style3"},"yoast_head":"<!-- This site is optimized with the Yoast SEO plugin v27.2 - https:\/\/yoast.com\/product\/yoast-seo-wordpress\/ -->\n<title>INSCRI\u00c7\u00c3O CURSO ONLINE AROMATERAPIA COM AS COPAS SUECAS - Cientifique<\/title>\n<meta name=\"robots\" content=\"index, follow, max-snippet:-1, max-image-preview:large, max-video-preview:-1\" \/>\n<link rel=\"canonical\" href=\"https:\/\/cientifique.com.br\/cursos\/product\/inscricao-curso-online-aromaterapia-com-as-copas-suecas\/\" \/>\n<meta property=\"og:locale\" content=\"pt_BR\" \/>\n<meta property=\"og:type\" content=\"article\" \/>\n<meta property=\"og:title\" content=\"INSCRI\u00c7\u00c3O CURSO ONLINE AROMATERAPIA COM AS COPAS SUECAS - Cientifique\" \/>\n<meta property=\"og:description\" content=\"Com dicas EXCLUSIVAS da Cosmet\u00f3loga e Esteticista Prof.\u00aa SILVANA OLIVEIRA e tamb\u00e9m poder\u00e1 fazer o download do e-book 20 possibilidades de Tratamentos Corporais no Universo da Aromaterapia\" \/>\n<meta property=\"og:url\" content=\"https:\/\/cientifique.com.br\/cursos\/product\/inscricao-curso-online-aromaterapia-com-as-copas-suecas\/\" \/>\n<meta property=\"og:site_name\" content=\"Cientifique\" \/>\n<meta property=\"article:publisher\" content=\"https:\/\/www.facebook.com\/cientifique\" \/>\n<meta property=\"article:modified_time\" content=\"2022-12-18T16:22:34+00:00\" \/>\n<meta property=\"og:image\" content=\"https:\/\/cientifique.com.br\/cursos\/wp-content\/uploads\/2022\/12\/curso-online-aromaterapia.png\" \/>\n\t<meta property=\"og:image:width\" content=\"1080\" \/>\n\t<meta property=\"og:image:height\" content=\"1080\" \/>\n\t<meta property=\"og:image:type\" content=\"image\/png\" \/>\n<meta name=\"twitter:card\" content=\"summary_large_image\" \/>\n<meta name=\"twitter:site\" content=\"@cientifiquemid\" \/>\n<meta name=\"twitter:label1\" content=\"Est. tempo de leitura\" \/>\n\t<meta name=\"twitter:data1\" content=\"1 minuto\" \/>\n<script type=\"application\/ld+json\" class=\"yoast-schema-graph\">{\"@context\":\"https:\/\/schema.org\",\"@graph\":[{\"@type\":\"WebPage\",\"@id\":\"https:\/\/cientifique.com.br\/cursos\/product\/inscricao-curso-online-aromaterapia-com-as-copas-suecas\/\",\"url\":\"https:\/\/cientifique.com.br\/cursos\/product\/inscricao-curso-online-aromaterapia-com-as-copas-suecas\/\",\"name\":\"INSCRI\u00c7\u00c3O CURSO ONLINE AROMATERAPIA COM AS COPAS SUECAS - Cientifique\",\"isPartOf\":{\"@id\":\"https:\/\/cientifique.com.br\/cursos\/#website\"},\"primaryImageOfPage\":{\"@id\":\"https:\/\/cientifique.com.br\/cursos\/product\/inscricao-curso-online-aromaterapia-com-as-copas-suecas\/#primaryimage\"},\"image\":{\"@id\":\"https:\/\/cientifique.com.br\/cursos\/product\/inscricao-curso-online-aromaterapia-com-as-copas-suecas\/#primaryimage\"},\"thumbnailUrl\":\"https:\/\/cientifique.com.br\/cursos\/wp-content\/uploads\/2022\/12\/curso-online-aromaterapia.png\",\"datePublished\":\"2022-12-18T15:52:59+00:00\",\"dateModified\":\"2022-12-18T16:22:34+00:00\",\"breadcrumb\":{\"@id\":\"https:\/\/cientifique.com.br\/cursos\/product\/inscricao-curso-online-aromaterapia-com-as-copas-suecas\/#breadcrumb\"},\"inLanguage\":\"pt-BR\",\"potentialAction\":[{\"@type\":\"ReadAction\",\"target\":[\"https:\/\/cientifique.com.br\/cursos\/product\/inscricao-curso-online-aromaterapia-com-as-copas-suecas\/\"]}]},{\"@type\":\"ImageObject\",\"inLanguage\":\"pt-BR\",\"@id\":\"https:\/\/cientifique.com.br\/cursos\/product\/inscricao-curso-online-aromaterapia-com-as-copas-suecas\/#primaryimage\",\"url\":\"https:\/\/cientifique.com.br\/cursos\/wp-content\/uploads\/2022\/12\/curso-online-aromaterapia.png\",\"contentUrl\":\"https:\/\/cientifique.com.br\/cursos\/wp-content\/uploads\/2022\/12\/curso-online-aromaterapia.png\",\"width\":1080,\"height\":1080},{\"@type\":\"BreadcrumbList\",\"@id\":\"https:\/\/cientifique.com.br\/cursos\/product\/inscricao-curso-online-aromaterapia-com-as-copas-suecas\/#breadcrumb\",\"itemListElement\":[{\"@type\":\"ListItem\",\"position\":1,\"name\":\"In\u00edcio\",\"item\":\"https:\/\/cientifique.com.br\/cursos\/\"},{\"@type\":\"ListItem\",\"position\":2,\"name\":\"Loja\",\"item\":\"https:\/\/cientifique.com.br\/cursos\/loja\/\"},{\"@type\":\"ListItem\",\"position\":3,\"name\":\"INSCRI\u00c7\u00c3O CURSO ONLINE AROMATERAPIA COM AS COPAS SUECAS\"}]},{\"@type\":\"WebSite\",\"@id\":\"https:\/\/cientifique.com.br\/cursos\/#website\",\"url\":\"https:\/\/cientifique.com.br\/cursos\/\",\"name\":\"Cientifique\",\"description\":\"Est\u00e9tica, sa\u00fade e bem estar\",\"publisher\":{\"@id\":\"https:\/\/cientifique.com.br\/cursos\/#organization\"},\"potentialAction\":[{\"@type\":\"SearchAction\",\"target\":{\"@type\":\"EntryPoint\",\"urlTemplate\":\"https:\/\/cientifique.com.br\/cursos\/?s={search_term_string}\"},\"query-input\":{\"@type\":\"PropertyValueSpecification\",\"valueRequired\":true,\"valueName\":\"search_term_string\"}}],\"inLanguage\":\"pt-BR\"},{\"@type\":\"Organization\",\"@id\":\"https:\/\/cientifique.com.br\/cursos\/#organization\",\"name\":\"Cientifique\",\"url\":\"https:\/\/cientifique.com.br\/cursos\/\",\"logo\":{\"@type\":\"ImageObject\",\"inLanguage\":\"pt-BR\",\"@id\":\"https:\/\/cientifique.com.br\/cursos\/#\/schema\/logo\/image\/\",\"url\":\"https:\/\/cientifique.com.br\/cursos\/wp-content\/uploads\/2020\/09\/cientifique_2020.png\",\"contentUrl\":\"https:\/\/cientifique.com.br\/cursos\/wp-content\/uploads\/2020\/09\/cientifique_2020.png\",\"width\":260,\"height\":58,\"caption\":\"Cientifique\"},\"image\":{\"@id\":\"https:\/\/cientifique.com.br\/cursos\/#\/schema\/logo\/image\/\"},\"sameAs\":[\"https:\/\/www.facebook.com\/cientifique\",\"https:\/\/x.com\/cientifiquemid\",\"https:\/\/instagram.com\/cientifique\",\"https:\/\/www.pinterest.com\/cientifique\/\"]}]}<\/script>\n<!-- \/ Yoast SEO plugin. -->","yoast_head_json":{"title":"INSCRI\u00c7\u00c3O CURSO ONLINE AROMATERAPIA COM AS COPAS SUECAS - Cientifique","robots":{"index":"index","follow":"follow","max-snippet":"max-snippet:-1","max-image-preview":"max-image-preview:large","max-video-preview":"max-video-preview:-1"},"canonical":"https:\/\/cientifique.com.br\/cursos\/product\/inscricao-curso-online-aromaterapia-com-as-copas-suecas\/","og_locale":"pt_BR","og_type":"article","og_title":"INSCRI\u00c7\u00c3O CURSO ONLINE AROMATERAPIA COM AS COPAS SUECAS - Cientifique","og_description":"Com dicas EXCLUSIVAS da Cosmet\u00f3loga e Esteticista Prof.\u00aa SILVANA OLIVEIRA e tamb\u00e9m poder\u00e1 fazer o download do e-book 20 possibilidades de Tratamentos Corporais no Universo da Aromaterapia","og_url":"https:\/\/cientifique.com.br\/cursos\/product\/inscricao-curso-online-aromaterapia-com-as-copas-suecas\/","og_site_name":"Cientifique","article_publisher":"https:\/\/www.facebook.com\/cientifique","article_modified_time":"2022-12-18T16:22:34+00:00","og_image":[{"width":1080,"height":1080,"url":"https:\/\/cientifique.com.br\/cursos\/wp-content\/uploads\/2022\/12\/curso-online-aromaterapia.png","type":"image\/png"}],"twitter_card":"summary_large_image","twitter_site":"@cientifiquemid","twitter_misc":{"Est. tempo de leitura":"1 minuto"},"schema":{"@context":"https:\/\/schema.org","@graph":[{"@type":"WebPage","@id":"https:\/\/cientifique.com.br\/cursos\/product\/inscricao-curso-online-aromaterapia-com-as-copas-suecas\/","url":"https:\/\/cientifique.com.br\/cursos\/product\/inscricao-curso-online-aromaterapia-com-as-copas-suecas\/","name":"INSCRI\u00c7\u00c3O CURSO ONLINE AROMATERAPIA COM AS COPAS SUECAS - Cientifique","isPartOf":{"@id":"https:\/\/cientifique.com.br\/cursos\/#website"},"primaryImageOfPage":{"@id":"https:\/\/cientifique.com.br\/cursos\/product\/inscricao-curso-online-aromaterapia-com-as-copas-suecas\/#primaryimage"},"image":{"@id":"https:\/\/cientifique.com.br\/cursos\/product\/inscricao-curso-online-aromaterapia-com-as-copas-suecas\/#primaryimage"},"thumbnailUrl":"https:\/\/cientifique.com.br\/cursos\/wp-content\/uploads\/2022\/12\/curso-online-aromaterapia.png","datePublished":"2022-12-18T15:52:59+00:00","dateModified":"2022-12-18T16:22:34+00:00","breadcrumb":{"@id":"https:\/\/cientifique.com.br\/cursos\/product\/inscricao-curso-online-aromaterapia-com-as-copas-suecas\/#breadcrumb"},"inLanguage":"pt-BR","potentialAction":[{"@type":"ReadAction","target":["https:\/\/cientifique.com.br\/cursos\/product\/inscricao-curso-online-aromaterapia-com-as-copas-suecas\/"]}]},{"@type":"ImageObject","inLanguage":"pt-BR","@id":"https:\/\/cientifique.com.br\/cursos\/product\/inscricao-curso-online-aromaterapia-com-as-copas-suecas\/#primaryimage","url":"https:\/\/cientifique.com.br\/cursos\/wp-content\/uploads\/2022\/12\/curso-online-aromaterapia.png","contentUrl":"https:\/\/cientifique.com.br\/cursos\/wp-content\/uploads\/2022\/12\/curso-online-aromaterapia.png","width":1080,"height":1080},{"@type":"BreadcrumbList","@id":"https:\/\/cientifique.com.br\/cursos\/product\/inscricao-curso-online-aromaterapia-com-as-copas-suecas\/#breadcrumb","itemListElement":[{"@type":"ListItem","position":1,"name":"In\u00edcio","item":"https:\/\/cientifique.com.br\/cursos\/"},{"@type":"ListItem","position":2,"name":"Loja","item":"https:\/\/cientifique.com.br\/cursos\/loja\/"},{"@type":"ListItem","position":3,"name":"INSCRI\u00c7\u00c3O CURSO ONLINE AROMATERAPIA COM AS COPAS SUECAS"}]},{"@type":"WebSite","@id":"https:\/\/cientifique.com.br\/cursos\/#website","url":"https:\/\/cientifique.com.br\/cursos\/","name":"Cientifique","description":"Est\u00e9tica, sa\u00fade e bem estar","publisher":{"@id":"https:\/\/cientifique.com.br\/cursos\/#organization"},"potentialAction":[{"@type":"SearchAction","target":{"@type":"EntryPoint","urlTemplate":"https:\/\/cientifique.com.br\/cursos\/?s={search_term_string}"},"query-input":{"@type":"PropertyValueSpecification","valueRequired":true,"valueName":"search_term_string"}}],"inLanguage":"pt-BR"},{"@type":"Organization","@id":"https:\/\/cientifique.com.br\/cursos\/#organization","name":"Cientifique","url":"https:\/\/cientifique.com.br\/cursos\/","logo":{"@type":"ImageObject","inLanguage":"pt-BR","@id":"https:\/\/cientifique.com.br\/cursos\/#\/schema\/logo\/image\/","url":"https:\/\/cientifique.com.br\/cursos\/wp-content\/uploads\/2020\/09\/cientifique_2020.png","contentUrl":"https:\/\/cientifique.com.br\/cursos\/wp-content\/uploads\/2020\/09\/cientifique_2020.png","width":260,"height":58,"caption":"Cientifique"},"image":{"@id":"https:\/\/cientifique.com.br\/cursos\/#\/schema\/logo\/image\/"},"sameAs":["https:\/\/www.facebook.com\/cientifique","https:\/\/x.com\/cientifiquemid","https:\/\/instagram.com\/cientifique","https:\/\/www.pinterest.com\/cientifique\/"]}]}},"jetpack_sharing_enabled":true,"_links":{"self":[{"href":"https:\/\/cientifique.com.br\/cursos\/wp-json\/wp\/v2\/product\/7878","targetHints":{"allow":["GET"]}}],"collection":[{"href":"https:\/\/cientifique.com.br\/cursos\/wp-json\/wp\/v2\/product"}],"about":[{"href":"https:\/\/cientifique.com.br\/cursos\/wp-json\/wp\/v2\/types\/product"}],"replies":[{"embeddable":true,"href":"https:\/\/cientifique.com.br\/cursos\/wp-json\/wp\/v2\/comments?post=7878"}],"wp:featuredmedia":[{"embeddable":true,"href":"https:\/\/cientifique.com.br\/cursos\/wp-json\/wp\/v2\/media\/7917"}],"wp:attachment":[{"href":"https:\/\/cientifique.com.br\/cursos\/wp-json\/wp\/v2\/media?parent=7878"}],"wp:term":[{"taxonomy":"product_brand","embeddable":true,"href":"https:\/\/cientifique.com.br\/cursos\/wp-json\/wp\/v2\/product_brand?post=7878"},{"taxonomy":"product_cat","embeddable":true,"href":"https:\/\/cientifique.com.br\/cursos\/wp-json\/wp\/v2\/product_cat?post=7878"},{"taxonomy":"product_tag","embeddable":true,"href":"https:\/\/cientifique.com.br\/cursos\/wp-json\/wp\/v2\/product_tag?post=7878"}],"curies":[{"name":"wp","href":"https:\/\/api.w.org\/{rel}","templated":true}]}}