{"id":7882,"date":"2022-12-18T12:53:00","date_gmt":"2022-12-18T15:53:00","guid":{"rendered":"https:\/\/cientifique.com\/cursos\/?post_type=product&#038;p=7882"},"modified":"2022-12-21T07:22:45","modified_gmt":"2022-12-21T10:22:45","slug":"inscricao-curso-pratico-de-maderoterapia-on-line","status":"publish","type":"product","link":"https:\/\/cientifique.com.br\/cursos\/product\/inscricao-curso-pratico-de-maderoterapia-on-line\/","title":{"rendered":"INSCRI\u00c7\u00c3O CURSO PR\u00c1TICO DE MADEROTERAPIA ON-LINE"},"content":{"rendered":"<ul>\n<li>O <strong>CURSO PR\u00c1TICO DE MADEROTERAPIA ON LINE<\/strong> com a Prof.\u00aa Silvana de Oliveira, Esteticista e Qu\u00edmica de Cosm\u00e9ticos, especialista em MADEROTERAPIA. Neste curso ter\u00e1 aplica\u00e7\u00e3o n\u00e3o somente da t\u00e9cnica tradicional, mas tamb\u00e9m uma <em><strong>T\u00c9CNICA EXCLUSIVA<\/strong><\/em><\/li>\n<li>\u00a0T\u00c9CNICA DE MADEROTERAPIA, tem sido muito utilizado por seus in\u00fameros benef\u00edcios, como por exemplo, o de poupar o profissional, evitar o desgaste f\u00edsico do profissional que est\u00e1 aplicando, a medida que os instrumentos s\u00e3o anat\u00f4micos e a t\u00e9cnica n\u00e3o demanda for\u00e7a e sim exatid\u00e3o nos movimentos.<\/li>\n<li>O profissional que ir\u00e1 aplicar a t\u00e9cnica deve ser habilitado, pois na t\u00e9cnica de maderoterapia os movimentos versus instrumentos atuam at\u00e9 a f\u00e1scia subcut\u00e2nea e se for empregada de forma inadequada \u00e9 capaz de gerar edemas e causar hematomas.<\/li>\n<\/ul>\n<p><strong><a href=\"https:\/\/cientifique.com.br\/loja\/maderoterapia-inovadora-massagem-que-e-um-sucesso-mundial\/\">Saiba mais sobre a t\u00e9cnica<\/a><\/strong><\/p>\n<p>&nbsp;<\/p>\n<p>Incluso: Certificado e Material Did\u00e1tico digitalizados.<\/p>\n<p>MAIS INFORMA\u00c7\u00d5ES: (11) 9 9793-8460<\/p>\n<p><em>* Como s\u00e3o cursos livres de capacita\u00e7\u00e3o e n\u00e3o de p\u00f3s-gradua\u00e7\u00e3o, s\u00e3o destinados a:<br \/>\nPROFISSIONAIS da \u00e1rea est\u00e9tica e da sa\u00fade, Curso Livre Conforme a lei n\u00ba. 9394\/96, o Decreto n\u00ba. 5.154\/04 e a Delibera\u00e7\u00e3o CEE 14\/97 Dispositivo registrado na Anvisa para uso Est\u00e9tica em centros de Est\u00e9tica.<\/em><\/p>\n","protected":false},"excerpt":{"rendered":"<p>CURSO PR\u00c1TICO DE MADEROTERAPIA ON LINE com a Prof.\u00aa Silvana de Oliveira, Esteticista e Qu\u00edmica de Cosm\u00e9ticos, especialista em MADEROTERAPIA.<\/p>\n<p><strong>O que voc\u00ea vai aprender?<\/strong><\/p>\n<p>M\u00f3dulos divididos em teoria, protocolos e pr\u00e1tica com passo a passo + AULA B\u00d4NUS.<\/p>\n<p>&#8211; Indica\u00e7\u00e3o<br \/>\n&#8211; Efeitos Fisiol\u00f3gicos<br \/>\n&#8211; Benef\u00edcios<br \/>\n&#8211; Instrumentos mais utilizados e suas fun\u00e7\u00f5es<br \/>\n&#8211; Fatores que influenciam na permea\u00e7\u00e3o de ativos cosm\u00e9ticos<br \/>\n&#8211; Sequ\u00eancia de aplica\u00e7\u00e3o<br \/>\n&#8211; Efeitos da t\u00e9cnica<br \/>\n&#8211; Cuidado com as madeiras<br \/>\n&#8211; Contraindica\u00e7\u00f5es<br \/>\n&#8211; AULA B\u00d4NUS<\/p>\n<p>\u2713 Acesso ao curso online por 90 dias<br \/>\n\u2713 Pagamento \u00fanico<br \/>\n\u2713 Certificado Digital em PDF<br \/>\n\u2713 Suporte ao aluno por 90 dias<br \/>\n\u2713 Materiais de apoio para baixar<\/p>\n<p><a href=\"https:\/\/cientifique.com.br\/loja\/maderoterapia-inovadora-massagem-que-e-um-sucesso-mundial\/\"><strong>Saiba mais sobre a t\u00e9cnica<\/strong><\/a><\/p>\n","protected":false},"featured_media":7928,"comment_status":"open","ping_status":"closed","template":"","meta":[],"product_brand":[],"product_cat":[1223,1212,1213,1225,1220],"product_tag":[],"class_list":{"0":"post-7882","1":"product","2":"type-product","3":"status-publish","4":"has-post-thumbnail","6":"product_cat-corporal","7":"product_cat-ead","8":"product_cat-estudante","9":"product_cat-gordura-localizada","10":"product_cat-profissional","12":"first","13":"instock","14":"sale","15":"virtual","16":"purchasable","17":"product-type-simple","18":"prodpage-style3"},"yoast_head":"<!-- This site is optimized with the Yoast SEO plugin v27.2 - https:\/\/yoast.com\/product\/yoast-seo-wordpress\/ -->\n<title>INSCRI\u00c7\u00c3O CURSO PR\u00c1TICO DE MADEROTERAPIA ON-LINE - Cientifique<\/title>\n<meta name=\"robots\" content=\"index, follow, max-snippet:-1, max-image-preview:large, max-video-preview:-1\" \/>\n<link rel=\"canonical\" href=\"https:\/\/cientifique.com.br\/cursos\/product\/inscricao-curso-pratico-de-maderoterapia-on-line\/\" \/>\n<meta property=\"og:locale\" content=\"pt_BR\" \/>\n<meta property=\"og:type\" content=\"article\" \/>\n<meta property=\"og:title\" content=\"INSCRI\u00c7\u00c3O CURSO PR\u00c1TICO DE MADEROTERAPIA ON-LINE - Cientifique\" \/>\n<meta property=\"og:description\" content=\"CURSO PR\u00c1TICO DE MADEROTERAPIA ON LINE com a Prof.\u00aa Silvana de Oliveira, Esteticista e Qu\u00edmica de Cosm\u00e9ticos, especialista em MADEROTERAPIA.  O que voc\u00ea vai aprender?  M\u00f3dulos divididos em teoria, protocolos e pr\u00e1tica com passo a passo + AULA B\u00d4NUS.  - Indica\u00e7\u00e3o - Efeitos Fisiol\u00f3gicos - Benef\u00edcios - Instrumentos mais utilizados e suas fun\u00e7\u00f5es - Fatores que influenciam na permea\u00e7\u00e3o de ativos cosm\u00e9ticos - Sequ\u00eancia de aplica\u00e7\u00e3o - Efeitos da t\u00e9cnica - Cuidado com as madeiras - Contraindica\u00e7\u00f5es - AULA B\u00d4NUS  \u2713 Acesso ao curso online por 90 dias \u2713 Pagamento \u00fanico \u2713 Certificado Digital em PDF \u2713 Suporte ao aluno por 90 dias \u2713 Materiais de apoio para baixar  Saiba mais sobre a t\u00e9cnica\" \/>\n<meta property=\"og:url\" content=\"https:\/\/cientifique.com.br\/cursos\/product\/inscricao-curso-pratico-de-maderoterapia-on-line\/\" \/>\n<meta property=\"og:site_name\" content=\"Cientifique\" \/>\n<meta property=\"article:publisher\" content=\"https:\/\/www.facebook.com\/cientifique\" \/>\n<meta property=\"article:modified_time\" content=\"2022-12-21T10:22:45+00:00\" \/>\n<meta property=\"og:image\" content=\"https:\/\/cientifique.com.br\/cursos\/wp-content\/uploads\/2022\/12\/maderoterapia-loja-01.jpg\" \/>\n\t<meta property=\"og:image:width\" content=\"1020\" \/>\n\t<meta property=\"og:image:height\" content=\"1020\" \/>\n\t<meta property=\"og:image:type\" content=\"image\/jpeg\" \/>\n<meta name=\"twitter:card\" content=\"summary_large_image\" \/>\n<meta name=\"twitter:site\" content=\"@cientifiquemid\" \/>\n<meta name=\"twitter:label1\" content=\"Est. tempo de leitura\" \/>\n\t<meta name=\"twitter:data1\" content=\"1 minuto\" \/>\n<script type=\"application\/ld+json\" class=\"yoast-schema-graph\">{\"@context\":\"https:\/\/schema.org\",\"@graph\":[{\"@type\":\"WebPage\",\"@id\":\"https:\/\/cientifique.com.br\/cursos\/product\/inscricao-curso-pratico-de-maderoterapia-on-line\/\",\"url\":\"https:\/\/cientifique.com.br\/cursos\/product\/inscricao-curso-pratico-de-maderoterapia-on-line\/\",\"name\":\"INSCRI\u00c7\u00c3O CURSO PR\u00c1TICO DE MADEROTERAPIA ON-LINE - Cientifique\",\"isPartOf\":{\"@id\":\"https:\/\/cientifique.com.br\/cursos\/#website\"},\"primaryImageOfPage\":{\"@id\":\"https:\/\/cientifique.com.br\/cursos\/product\/inscricao-curso-pratico-de-maderoterapia-on-line\/#primaryimage\"},\"image\":{\"@id\":\"https:\/\/cientifique.com.br\/cursos\/product\/inscricao-curso-pratico-de-maderoterapia-on-line\/#primaryimage\"},\"thumbnailUrl\":\"https:\/\/cientifique.com.br\/cursos\/wp-content\/uploads\/2022\/12\/maderoterapia-loja-01.jpg\",\"datePublished\":\"2022-12-18T15:53:00+00:00\",\"dateModified\":\"2022-12-21T10:22:45+00:00\",\"breadcrumb\":{\"@id\":\"https:\/\/cientifique.com.br\/cursos\/product\/inscricao-curso-pratico-de-maderoterapia-on-line\/#breadcrumb\"},\"inLanguage\":\"pt-BR\",\"potentialAction\":[{\"@type\":\"ReadAction\",\"target\":[\"https:\/\/cientifique.com.br\/cursos\/product\/inscricao-curso-pratico-de-maderoterapia-on-line\/\"]}]},{\"@type\":\"ImageObject\",\"inLanguage\":\"pt-BR\",\"@id\":\"https:\/\/cientifique.com.br\/cursos\/product\/inscricao-curso-pratico-de-maderoterapia-on-line\/#primaryimage\",\"url\":\"https:\/\/cientifique.com.br\/cursos\/wp-content\/uploads\/2022\/12\/maderoterapia-loja-01.jpg\",\"contentUrl\":\"https:\/\/cientifique.com.br\/cursos\/wp-content\/uploads\/2022\/12\/maderoterapia-loja-01.jpg\",\"width\":1020,\"height\":1020},{\"@type\":\"BreadcrumbList\",\"@id\":\"https:\/\/cientifique.com.br\/cursos\/product\/inscricao-curso-pratico-de-maderoterapia-on-line\/#breadcrumb\",\"itemListElement\":[{\"@type\":\"ListItem\",\"position\":1,\"name\":\"In\u00edcio\",\"item\":\"https:\/\/cientifique.com.br\/cursos\/\"},{\"@type\":\"ListItem\",\"position\":2,\"name\":\"Loja\",\"item\":\"https:\/\/cientifique.com.br\/cursos\/loja\/\"},{\"@type\":\"ListItem\",\"position\":3,\"name\":\"INSCRI\u00c7\u00c3O CURSO PR\u00c1TICO DE MADEROTERAPIA ON-LINE\"}]},{\"@type\":\"WebSite\",\"@id\":\"https:\/\/cientifique.com.br\/cursos\/#website\",\"url\":\"https:\/\/cientifique.com.br\/cursos\/\",\"name\":\"Cientifique\",\"description\":\"Est\u00e9tica, sa\u00fade e bem estar\",\"publisher\":{\"@id\":\"https:\/\/cientifique.com.br\/cursos\/#organization\"},\"potentialAction\":[{\"@type\":\"SearchAction\",\"target\":{\"@type\":\"EntryPoint\",\"urlTemplate\":\"https:\/\/cientifique.com.br\/cursos\/?s={search_term_string}\"},\"query-input\":{\"@type\":\"PropertyValueSpecification\",\"valueRequired\":true,\"valueName\":\"search_term_string\"}}],\"inLanguage\":\"pt-BR\"},{\"@type\":\"Organization\",\"@id\":\"https:\/\/cientifique.com.br\/cursos\/#organization\",\"name\":\"Cientifique\",\"url\":\"https:\/\/cientifique.com.br\/cursos\/\",\"logo\":{\"@type\":\"ImageObject\",\"inLanguage\":\"pt-BR\",\"@id\":\"https:\/\/cientifique.com.br\/cursos\/#\/schema\/logo\/image\/\",\"url\":\"https:\/\/cientifique.com.br\/cursos\/wp-content\/uploads\/2020\/09\/cientifique_2020.png\",\"contentUrl\":\"https:\/\/cientifique.com.br\/cursos\/wp-content\/uploads\/2020\/09\/cientifique_2020.png\",\"width\":260,\"height\":58,\"caption\":\"Cientifique\"},\"image\":{\"@id\":\"https:\/\/cientifique.com.br\/cursos\/#\/schema\/logo\/image\/\"},\"sameAs\":[\"https:\/\/www.facebook.com\/cientifique\",\"https:\/\/x.com\/cientifiquemid\",\"https:\/\/instagram.com\/cientifique\",\"https:\/\/www.pinterest.com\/cientifique\/\"]}]}<\/script>\n<!-- \/ Yoast SEO plugin. -->","yoast_head_json":{"title":"INSCRI\u00c7\u00c3O CURSO PR\u00c1TICO DE MADEROTERAPIA ON-LINE - Cientifique","robots":{"index":"index","follow":"follow","max-snippet":"max-snippet:-1","max-image-preview":"max-image-preview:large","max-video-preview":"max-video-preview:-1"},"canonical":"https:\/\/cientifique.com.br\/cursos\/product\/inscricao-curso-pratico-de-maderoterapia-on-line\/","og_locale":"pt_BR","og_type":"article","og_title":"INSCRI\u00c7\u00c3O CURSO PR\u00c1TICO DE MADEROTERAPIA ON-LINE - Cientifique","og_description":"CURSO PR\u00c1TICO DE MADEROTERAPIA ON LINE com a Prof.\u00aa Silvana de Oliveira, Esteticista e Qu\u00edmica de Cosm\u00e9ticos, especialista em MADEROTERAPIA.  O que voc\u00ea vai aprender?  M\u00f3dulos divididos em teoria, protocolos e pr\u00e1tica com passo a passo + AULA B\u00d4NUS.  - Indica\u00e7\u00e3o - Efeitos Fisiol\u00f3gicos - Benef\u00edcios - Instrumentos mais utilizados e suas fun\u00e7\u00f5es - Fatores que influenciam na permea\u00e7\u00e3o de ativos cosm\u00e9ticos - Sequ\u00eancia de aplica\u00e7\u00e3o - Efeitos da t\u00e9cnica - Cuidado com as madeiras - Contraindica\u00e7\u00f5es - AULA B\u00d4NUS  \u2713 Acesso ao curso online por 90 dias \u2713 Pagamento \u00fanico \u2713 Certificado Digital em PDF \u2713 Suporte ao aluno por 90 dias \u2713 Materiais de apoio para baixar  Saiba mais sobre a t\u00e9cnica","og_url":"https:\/\/cientifique.com.br\/cursos\/product\/inscricao-curso-pratico-de-maderoterapia-on-line\/","og_site_name":"Cientifique","article_publisher":"https:\/\/www.facebook.com\/cientifique","article_modified_time":"2022-12-21T10:22:45+00:00","og_image":[{"width":1020,"height":1020,"url":"https:\/\/cientifique.com.br\/cursos\/wp-content\/uploads\/2022\/12\/maderoterapia-loja-01.jpg","type":"image\/jpeg"}],"twitter_card":"summary_large_image","twitter_site":"@cientifiquemid","twitter_misc":{"Est. tempo de leitura":"1 minuto"},"schema":{"@context":"https:\/\/schema.org","@graph":[{"@type":"WebPage","@id":"https:\/\/cientifique.com.br\/cursos\/product\/inscricao-curso-pratico-de-maderoterapia-on-line\/","url":"https:\/\/cientifique.com.br\/cursos\/product\/inscricao-curso-pratico-de-maderoterapia-on-line\/","name":"INSCRI\u00c7\u00c3O CURSO PR\u00c1TICO DE MADEROTERAPIA ON-LINE - Cientifique","isPartOf":{"@id":"https:\/\/cientifique.com.br\/cursos\/#website"},"primaryImageOfPage":{"@id":"https:\/\/cientifique.com.br\/cursos\/product\/inscricao-curso-pratico-de-maderoterapia-on-line\/#primaryimage"},"image":{"@id":"https:\/\/cientifique.com.br\/cursos\/product\/inscricao-curso-pratico-de-maderoterapia-on-line\/#primaryimage"},"thumbnailUrl":"https:\/\/cientifique.com.br\/cursos\/wp-content\/uploads\/2022\/12\/maderoterapia-loja-01.jpg","datePublished":"2022-12-18T15:53:00+00:00","dateModified":"2022-12-21T10:22:45+00:00","breadcrumb":{"@id":"https:\/\/cientifique.com.br\/cursos\/product\/inscricao-curso-pratico-de-maderoterapia-on-line\/#breadcrumb"},"inLanguage":"pt-BR","potentialAction":[{"@type":"ReadAction","target":["https:\/\/cientifique.com.br\/cursos\/product\/inscricao-curso-pratico-de-maderoterapia-on-line\/"]}]},{"@type":"ImageObject","inLanguage":"pt-BR","@id":"https:\/\/cientifique.com.br\/cursos\/product\/inscricao-curso-pratico-de-maderoterapia-on-line\/#primaryimage","url":"https:\/\/cientifique.com.br\/cursos\/wp-content\/uploads\/2022\/12\/maderoterapia-loja-01.jpg","contentUrl":"https:\/\/cientifique.com.br\/cursos\/wp-content\/uploads\/2022\/12\/maderoterapia-loja-01.jpg","width":1020,"height":1020},{"@type":"BreadcrumbList","@id":"https:\/\/cientifique.com.br\/cursos\/product\/inscricao-curso-pratico-de-maderoterapia-on-line\/#breadcrumb","itemListElement":[{"@type":"ListItem","position":1,"name":"In\u00edcio","item":"https:\/\/cientifique.com.br\/cursos\/"},{"@type":"ListItem","position":2,"name":"Loja","item":"https:\/\/cientifique.com.br\/cursos\/loja\/"},{"@type":"ListItem","position":3,"name":"INSCRI\u00c7\u00c3O CURSO PR\u00c1TICO DE MADEROTERAPIA ON-LINE"}]},{"@type":"WebSite","@id":"https:\/\/cientifique.com.br\/cursos\/#website","url":"https:\/\/cientifique.com.br\/cursos\/","name":"Cientifique","description":"Est\u00e9tica, sa\u00fade e bem estar","publisher":{"@id":"https:\/\/cientifique.com.br\/cursos\/#organization"},"potentialAction":[{"@type":"SearchAction","target":{"@type":"EntryPoint","urlTemplate":"https:\/\/cientifique.com.br\/cursos\/?s={search_term_string}"},"query-input":{"@type":"PropertyValueSpecification","valueRequired":true,"valueName":"search_term_string"}}],"inLanguage":"pt-BR"},{"@type":"Organization","@id":"https:\/\/cientifique.com.br\/cursos\/#organization","name":"Cientifique","url":"https:\/\/cientifique.com.br\/cursos\/","logo":{"@type":"ImageObject","inLanguage":"pt-BR","@id":"https:\/\/cientifique.com.br\/cursos\/#\/schema\/logo\/image\/","url":"https:\/\/cientifique.com.br\/cursos\/wp-content\/uploads\/2020\/09\/cientifique_2020.png","contentUrl":"https:\/\/cientifique.com.br\/cursos\/wp-content\/uploads\/2020\/09\/cientifique_2020.png","width":260,"height":58,"caption":"Cientifique"},"image":{"@id":"https:\/\/cientifique.com.br\/cursos\/#\/schema\/logo\/image\/"},"sameAs":["https:\/\/www.facebook.com\/cientifique","https:\/\/x.com\/cientifiquemid","https:\/\/instagram.com\/cientifique","https:\/\/www.pinterest.com\/cientifique\/"]}]}},"jetpack_sharing_enabled":true,"_links":{"self":[{"href":"https:\/\/cientifique.com.br\/cursos\/wp-json\/wp\/v2\/product\/7882","targetHints":{"allow":["GET"]}}],"collection":[{"href":"https:\/\/cientifique.com.br\/cursos\/wp-json\/wp\/v2\/product"}],"about":[{"href":"https:\/\/cientifique.com.br\/cursos\/wp-json\/wp\/v2\/types\/product"}],"replies":[{"embeddable":true,"href":"https:\/\/cientifique.com.br\/cursos\/wp-json\/wp\/v2\/comments?post=7882"}],"wp:featuredmedia":[{"embeddable":true,"href":"https:\/\/cientifique.com.br\/cursos\/wp-json\/wp\/v2\/media\/7928"}],"wp:attachment":[{"href":"https:\/\/cientifique.com.br\/cursos\/wp-json\/wp\/v2\/media?parent=7882"}],"wp:term":[{"taxonomy":"product_brand","embeddable":true,"href":"https:\/\/cientifique.com.br\/cursos\/wp-json\/wp\/v2\/product_brand?post=7882"},{"taxonomy":"product_cat","embeddable":true,"href":"https:\/\/cientifique.com.br\/cursos\/wp-json\/wp\/v2\/product_cat?post=7882"},{"taxonomy":"product_tag","embeddable":true,"href":"https:\/\/cientifique.com.br\/cursos\/wp-json\/wp\/v2\/product_tag?post=7882"}],"curies":[{"name":"wp","href":"https:\/\/api.w.org\/{rel}","templated":true}]}}