{"id":923,"date":"2022-12-18T13:01:43","date_gmt":"2022-12-18T16:01:43","guid":{"rendered":"https:\/\/cientifique.com\/cursos\/product\/loopt-rose-pink-coat\/"},"modified":"2022-12-18T13:34:03","modified_gmt":"2022-12-18T16:34:03","slug":"curso-pratico-maderoterapia","status":"publish","type":"product","link":"https:\/\/cientifique.com.br\/cursos\/product\/curso-pratico-maderoterapia\/","title":{"rendered":"CURSO PR\u00c1TICO DE MADEROTERAPIA"},"content":{"rendered":"<p>A maderoterapia \u00e9 uma t\u00e9cnica oriental, n\u00e3o invasiva que ajuda a equilibrar o corpo, mente e alma que tem como objetivo principal, ativar os campos energ\u00e9ticos, os chacras. Na est\u00e9tica tem sido muito utilizado por seus in\u00fameros benef\u00edcios, como por exemplo, o de poupar o profissional, evitar o desgaste f\u00edsico do profissional que est\u00e1 aplicando, a medida que os instrumentos s\u00e3o anat\u00f4micos e a t\u00e9cnica n\u00e3o demanda for\u00e7a e sim exatid\u00e3o nos movimentos.<\/p>\n<p>A madeoterapia atua nos tr\u00eas sistemas: circulat\u00f3rio, muscular e linf\u00e1tico, cada instrumento atuam nas camadas mais profundas da pele. Atrav\u00e9s da utiliza\u00e7\u00e3o de instrumentos de madeira ser\u00e1 aplicado movimentos espec\u00edficos, moldando a silhueta corporal, ativando a circula\u00e7\u00e3o, com movimentos que atuam na celulite, redu\u00e7\u00e3o de medidas e relaxantes.<\/p>\n<p>Os benef\u00edcios desta t\u00e9cnica pode ser ampliado com a associa\u00e7\u00e3o de ativos, \u00f3leos essenciais ou vegetais. Os instrumentos utilizados na maderoterapia, Copa Sueca, Champignon \u2013 simula o punho cerrado, Pantala, Rolo Cubo e Rolo Espiga, cada manejo possibilita a realiza\u00e7\u00e3o da t\u00e9cnica com fun\u00e7\u00f5es diferentes para tratamentos corporais ou faciais e diminui o esfor\u00e7o empregado pelo terapeuta sendo mais confort\u00e1vel e dando muito mais pot\u00eancia, oferecendo melhores resultados. Haver\u00e1 conceitos te\u00f3ricos, aplica\u00e7\u00e3o na pr\u00e1tica de t\u00e9cnicas Corporal ou Facial.<\/p>\n","protected":false},"excerpt":{"rendered":"<p>Na est\u00e9tica a t\u00e9cnica de MADEROTERAPIA tem sido muito utilizado por seus in\u00fameros benef\u00edcios, como por exemplo, o de poupar o profissional, evitar o desgaste f\u00edsico do profissional que est\u00e1 aplicando, a medida que os instrumentos s\u00e3o anat\u00f4micos e a t\u00e9cnica n\u00e3o demanda for\u00e7a e sim exatid\u00e3o nos movimentos.<\/p>\n","protected":false},"featured_media":1246,"comment_status":"open","ping_status":"closed","template":"","meta":[],"product_brand":[],"product_cat":[15,529],"product_tag":[546,547,548,549],"class_list":{"0":"post-923","1":"product","2":"type-product","3":"status-publish","4":"has-post-thumbnail","6":"product_cat-cursos","7":"product_cat-todos","8":"product_tag-maderoterapia","9":"product_tag-massagem-modeladora","10":"product_tag-massagem-relaxante","11":"product_tag-wood-therapy","13":"first","14":"instock","15":"virtual","16":"purchasable","17":"product-type-simple","18":"prodpage-style3"},"yoast_head":"<!-- This site is optimized with the Yoast SEO plugin v27.2 - https:\/\/yoast.com\/product\/yoast-seo-wordpress\/ -->\n<title>CURSO PR\u00c1TICO DE MADEROTERAPIA - Cientifique<\/title>\n<meta name=\"robots\" content=\"index, follow, max-snippet:-1, max-image-preview:large, max-video-preview:-1\" \/>\n<link rel=\"canonical\" href=\"https:\/\/cientifique.com.br\/cursos\/product\/curso-pratico-maderoterapia\/\" \/>\n<meta property=\"og:locale\" content=\"pt_BR\" \/>\n<meta property=\"og:type\" content=\"article\" \/>\n<meta property=\"og:title\" content=\"CURSO PR\u00c1TICO DE MADEROTERAPIA - Cientifique\" \/>\n<meta property=\"og:description\" content=\"Na est\u00e9tica a t\u00e9cnica de MADEROTERAPIA tem sido muito utilizado por seus in\u00fameros benef\u00edcios, como por exemplo, o de poupar o profissional, evitar o desgaste f\u00edsico do profissional que est\u00e1 aplicando, a medida que os instrumentos s\u00e3o anat\u00f4micos e a t\u00e9cnica n\u00e3o demanda for\u00e7a e sim exatid\u00e3o nos movimentos.\" \/>\n<meta property=\"og:url\" content=\"https:\/\/cientifique.com.br\/cursos\/product\/curso-pratico-maderoterapia\/\" \/>\n<meta property=\"og:site_name\" content=\"Cientifique\" \/>\n<meta property=\"article:publisher\" content=\"https:\/\/www.facebook.com\/cientifique\" \/>\n<meta property=\"article:modified_time\" content=\"2022-12-18T16:34:03+00:00\" \/>\n<meta property=\"og:image\" content=\"https:\/\/cientifique.com.br\/cursos\/wp-content\/uploads\/2018\/06\/madeiras.png\" \/>\n\t<meta property=\"og:image:width\" content=\"1080\" \/>\n\t<meta property=\"og:image:height\" content=\"1080\" \/>\n\t<meta property=\"og:image:type\" content=\"image\/png\" \/>\n<meta name=\"twitter:card\" content=\"summary_large_image\" \/>\n<meta name=\"twitter:site\" content=\"@cientifiquemid\" \/>\n<meta name=\"twitter:label1\" content=\"Est. tempo de leitura\" \/>\n\t<meta name=\"twitter:data1\" content=\"1 minuto\" \/>\n<script type=\"application\/ld+json\" class=\"yoast-schema-graph\">{\"@context\":\"https:\/\/schema.org\",\"@graph\":[{\"@type\":\"WebPage\",\"@id\":\"https:\/\/cientifique.com.br\/cursos\/product\/curso-pratico-maderoterapia\/\",\"url\":\"https:\/\/cientifique.com.br\/cursos\/product\/curso-pratico-maderoterapia\/\",\"name\":\"CURSO PR\u00c1TICO DE MADEROTERAPIA - Cientifique\",\"isPartOf\":{\"@id\":\"https:\/\/cientifique.com.br\/cursos\/#website\"},\"primaryImageOfPage\":{\"@id\":\"https:\/\/cientifique.com.br\/cursos\/product\/curso-pratico-maderoterapia\/#primaryimage\"},\"image\":{\"@id\":\"https:\/\/cientifique.com.br\/cursos\/product\/curso-pratico-maderoterapia\/#primaryimage\"},\"thumbnailUrl\":\"https:\/\/cientifique.com.br\/cursos\/wp-content\/uploads\/2018\/06\/madeiras.png\",\"datePublished\":\"2022-12-18T16:01:43+00:00\",\"dateModified\":\"2022-12-18T16:34:03+00:00\",\"breadcrumb\":{\"@id\":\"https:\/\/cientifique.com.br\/cursos\/product\/curso-pratico-maderoterapia\/#breadcrumb\"},\"inLanguage\":\"pt-BR\",\"potentialAction\":[{\"@type\":\"ReadAction\",\"target\":[\"https:\/\/cientifique.com.br\/cursos\/product\/curso-pratico-maderoterapia\/\"]}]},{\"@type\":\"ImageObject\",\"inLanguage\":\"pt-BR\",\"@id\":\"https:\/\/cientifique.com.br\/cursos\/product\/curso-pratico-maderoterapia\/#primaryimage\",\"url\":\"https:\/\/cientifique.com.br\/cursos\/wp-content\/uploads\/2018\/06\/madeiras.png\",\"contentUrl\":\"https:\/\/cientifique.com.br\/cursos\/wp-content\/uploads\/2018\/06\/madeiras.png\",\"width\":1080,\"height\":1080,\"caption\":\"Curso de Maderoterapia, Cientifique\"},{\"@type\":\"BreadcrumbList\",\"@id\":\"https:\/\/cientifique.com.br\/cursos\/product\/curso-pratico-maderoterapia\/#breadcrumb\",\"itemListElement\":[{\"@type\":\"ListItem\",\"position\":1,\"name\":\"In\u00edcio\",\"item\":\"https:\/\/cientifique.com.br\/cursos\/\"},{\"@type\":\"ListItem\",\"position\":2,\"name\":\"Loja\",\"item\":\"https:\/\/cientifique.com.br\/cursos\/loja\/\"},{\"@type\":\"ListItem\",\"position\":3,\"name\":\"CURSO PR\u00c1TICO DE MADEROTERAPIA\"}]},{\"@type\":\"WebSite\",\"@id\":\"https:\/\/cientifique.com.br\/cursos\/#website\",\"url\":\"https:\/\/cientifique.com.br\/cursos\/\",\"name\":\"Cientifique\",\"description\":\"Est\u00e9tica, sa\u00fade e bem estar\",\"publisher\":{\"@id\":\"https:\/\/cientifique.com.br\/cursos\/#organization\"},\"potentialAction\":[{\"@type\":\"SearchAction\",\"target\":{\"@type\":\"EntryPoint\",\"urlTemplate\":\"https:\/\/cientifique.com.br\/cursos\/?s={search_term_string}\"},\"query-input\":{\"@type\":\"PropertyValueSpecification\",\"valueRequired\":true,\"valueName\":\"search_term_string\"}}],\"inLanguage\":\"pt-BR\"},{\"@type\":\"Organization\",\"@id\":\"https:\/\/cientifique.com.br\/cursos\/#organization\",\"name\":\"Cientifique\",\"url\":\"https:\/\/cientifique.com.br\/cursos\/\",\"logo\":{\"@type\":\"ImageObject\",\"inLanguage\":\"pt-BR\",\"@id\":\"https:\/\/cientifique.com.br\/cursos\/#\/schema\/logo\/image\/\",\"url\":\"https:\/\/cientifique.com.br\/cursos\/wp-content\/uploads\/2020\/09\/cientifique_2020.png\",\"contentUrl\":\"https:\/\/cientifique.com.br\/cursos\/wp-content\/uploads\/2020\/09\/cientifique_2020.png\",\"width\":260,\"height\":58,\"caption\":\"Cientifique\"},\"image\":{\"@id\":\"https:\/\/cientifique.com.br\/cursos\/#\/schema\/logo\/image\/\"},\"sameAs\":[\"https:\/\/www.facebook.com\/cientifique\",\"https:\/\/x.com\/cientifiquemid\",\"https:\/\/instagram.com\/cientifique\",\"https:\/\/www.pinterest.com\/cientifique\/\"]}]}<\/script>\n<!-- \/ Yoast SEO plugin. -->","yoast_head_json":{"title":"CURSO PR\u00c1TICO DE MADEROTERAPIA - Cientifique","robots":{"index":"index","follow":"follow","max-snippet":"max-snippet:-1","max-image-preview":"max-image-preview:large","max-video-preview":"max-video-preview:-1"},"canonical":"https:\/\/cientifique.com.br\/cursos\/product\/curso-pratico-maderoterapia\/","og_locale":"pt_BR","og_type":"article","og_title":"CURSO PR\u00c1TICO DE MADEROTERAPIA - Cientifique","og_description":"Na est\u00e9tica a t\u00e9cnica de MADEROTERAPIA tem sido muito utilizado por seus in\u00fameros benef\u00edcios, como por exemplo, o de poupar o profissional, evitar o desgaste f\u00edsico do profissional que est\u00e1 aplicando, a medida que os instrumentos s\u00e3o anat\u00f4micos e a t\u00e9cnica n\u00e3o demanda for\u00e7a e sim exatid\u00e3o nos movimentos.","og_url":"https:\/\/cientifique.com.br\/cursos\/product\/curso-pratico-maderoterapia\/","og_site_name":"Cientifique","article_publisher":"https:\/\/www.facebook.com\/cientifique","article_modified_time":"2022-12-18T16:34:03+00:00","og_image":[{"width":1080,"height":1080,"url":"https:\/\/cientifique.com.br\/cursos\/wp-content\/uploads\/2018\/06\/madeiras.png","type":"image\/png"}],"twitter_card":"summary_large_image","twitter_site":"@cientifiquemid","twitter_misc":{"Est. tempo de leitura":"1 minuto"},"schema":{"@context":"https:\/\/schema.org","@graph":[{"@type":"WebPage","@id":"https:\/\/cientifique.com.br\/cursos\/product\/curso-pratico-maderoterapia\/","url":"https:\/\/cientifique.com.br\/cursos\/product\/curso-pratico-maderoterapia\/","name":"CURSO PR\u00c1TICO DE MADEROTERAPIA - Cientifique","isPartOf":{"@id":"https:\/\/cientifique.com.br\/cursos\/#website"},"primaryImageOfPage":{"@id":"https:\/\/cientifique.com.br\/cursos\/product\/curso-pratico-maderoterapia\/#primaryimage"},"image":{"@id":"https:\/\/cientifique.com.br\/cursos\/product\/curso-pratico-maderoterapia\/#primaryimage"},"thumbnailUrl":"https:\/\/cientifique.com.br\/cursos\/wp-content\/uploads\/2018\/06\/madeiras.png","datePublished":"2022-12-18T16:01:43+00:00","dateModified":"2022-12-18T16:34:03+00:00","breadcrumb":{"@id":"https:\/\/cientifique.com.br\/cursos\/product\/curso-pratico-maderoterapia\/#breadcrumb"},"inLanguage":"pt-BR","potentialAction":[{"@type":"ReadAction","target":["https:\/\/cientifique.com.br\/cursos\/product\/curso-pratico-maderoterapia\/"]}]},{"@type":"ImageObject","inLanguage":"pt-BR","@id":"https:\/\/cientifique.com.br\/cursos\/product\/curso-pratico-maderoterapia\/#primaryimage","url":"https:\/\/cientifique.com.br\/cursos\/wp-content\/uploads\/2018\/06\/madeiras.png","contentUrl":"https:\/\/cientifique.com.br\/cursos\/wp-content\/uploads\/2018\/06\/madeiras.png","width":1080,"height":1080,"caption":"Curso de Maderoterapia, Cientifique"},{"@type":"BreadcrumbList","@id":"https:\/\/cientifique.com.br\/cursos\/product\/curso-pratico-maderoterapia\/#breadcrumb","itemListElement":[{"@type":"ListItem","position":1,"name":"In\u00edcio","item":"https:\/\/cientifique.com.br\/cursos\/"},{"@type":"ListItem","position":2,"name":"Loja","item":"https:\/\/cientifique.com.br\/cursos\/loja\/"},{"@type":"ListItem","position":3,"name":"CURSO PR\u00c1TICO DE MADEROTERAPIA"}]},{"@type":"WebSite","@id":"https:\/\/cientifique.com.br\/cursos\/#website","url":"https:\/\/cientifique.com.br\/cursos\/","name":"Cientifique","description":"Est\u00e9tica, sa\u00fade e bem estar","publisher":{"@id":"https:\/\/cientifique.com.br\/cursos\/#organization"},"potentialAction":[{"@type":"SearchAction","target":{"@type":"EntryPoint","urlTemplate":"https:\/\/cientifique.com.br\/cursos\/?s={search_term_string}"},"query-input":{"@type":"PropertyValueSpecification","valueRequired":true,"valueName":"search_term_string"}}],"inLanguage":"pt-BR"},{"@type":"Organization","@id":"https:\/\/cientifique.com.br\/cursos\/#organization","name":"Cientifique","url":"https:\/\/cientifique.com.br\/cursos\/","logo":{"@type":"ImageObject","inLanguage":"pt-BR","@id":"https:\/\/cientifique.com.br\/cursos\/#\/schema\/logo\/image\/","url":"https:\/\/cientifique.com.br\/cursos\/wp-content\/uploads\/2020\/09\/cientifique_2020.png","contentUrl":"https:\/\/cientifique.com.br\/cursos\/wp-content\/uploads\/2020\/09\/cientifique_2020.png","width":260,"height":58,"caption":"Cientifique"},"image":{"@id":"https:\/\/cientifique.com.br\/cursos\/#\/schema\/logo\/image\/"},"sameAs":["https:\/\/www.facebook.com\/cientifique","https:\/\/x.com\/cientifiquemid","https:\/\/instagram.com\/cientifique","https:\/\/www.pinterest.com\/cientifique\/"]}]}},"jetpack_sharing_enabled":true,"_links":{"self":[{"href":"https:\/\/cientifique.com.br\/cursos\/wp-json\/wp\/v2\/product\/923","targetHints":{"allow":["GET"]}}],"collection":[{"href":"https:\/\/cientifique.com.br\/cursos\/wp-json\/wp\/v2\/product"}],"about":[{"href":"https:\/\/cientifique.com.br\/cursos\/wp-json\/wp\/v2\/types\/product"}],"replies":[{"embeddable":true,"href":"https:\/\/cientifique.com.br\/cursos\/wp-json\/wp\/v2\/comments?post=923"}],"wp:featuredmedia":[{"embeddable":true,"href":"https:\/\/cientifique.com.br\/cursos\/wp-json\/wp\/v2\/media\/1246"}],"wp:attachment":[{"href":"https:\/\/cientifique.com.br\/cursos\/wp-json\/wp\/v2\/media?parent=923"}],"wp:term":[{"taxonomy":"product_brand","embeddable":true,"href":"https:\/\/cientifique.com.br\/cursos\/wp-json\/wp\/v2\/product_brand?post=923"},{"taxonomy":"product_cat","embeddable":true,"href":"https:\/\/cientifique.com.br\/cursos\/wp-json\/wp\/v2\/product_cat?post=923"},{"taxonomy":"product_tag","embeddable":true,"href":"https:\/\/cientifique.com.br\/cursos\/wp-json\/wp\/v2\/product_tag?post=923"}],"curies":[{"name":"wp","href":"https:\/\/api.w.org\/{rel}","templated":true}]}}