{"id":928,"date":"2022-12-18T13:10:05","date_gmt":"2022-12-18T16:10:05","guid":{"rendered":"https:\/\/cientifique.com\/cursos\/product\/disclosure-brown-sunglasses\/"},"modified":"2024-12-27T12:27:05","modified_gmt":"2024-12-27T15:27:05","slug":"especialidades-corporal","status":"publish","type":"product","link":"https:\/\/cientifique.com.br\/cursos\/product\/especialidades-corporal\/","title":{"rendered":"ESPECIALIDADES &#8211; CORPORAL"},"content":{"rendered":"<p><span style=\"font-size: 18px;\">A est\u00e9tica corporal engloba uma s\u00e9rie de procedimentos que tem como objetivo tratar \u00e1reas do corpo que geram qualquer inc\u00f4modo est\u00e9tico na pessoa. Os tratamentos Corporais Est\u00e9ticos t\u00eam como objetivo dar uma melhor defini\u00e7\u00e3o aos contornos corporais, isso por meio de redu\u00e7\u00e3o de medidas, combate \u00e0 celulite, flacidez, gordura localizada e todos os transtornos que comprometem a silhueta do corpo.<\/span><\/p>\n<p>&nbsp;<\/p>\n<p><span style=\"font-size: 18px;\"><img loading=\"lazy\" decoding=\"async\" class=\"alignleft wp-image-1337 size-thumbnail\" src=\"https:\/\/cientifique.com.br\/cursos\/wp-content\/uploads\/2018\/10\/banhodelua-150x150.png\" alt=\"Banho de Lua, Banho Dourado, Cientifique\" width=\"150\" height=\"150\" srcset=\"https:\/\/cientifique.com.br\/cursos\/wp-content\/uploads\/2018\/10\/banhodelua-150x150.png 150w, https:\/\/cientifique.com.br\/cursos\/wp-content\/uploads\/2018\/10\/banhodelua-300x300.png 300w, https:\/\/cientifique.com.br\/cursos\/wp-content\/uploads\/2018\/10\/banhodelua.png 565w\" sizes=\"auto, (max-width: 150px) 100vw, 150px\" \/><strong>BANHO DE LUA<\/strong> &#8211; tamb\u00e9m conhecido como <strong>banho dourado<\/strong>, \u00e9 um procedimento est\u00e9tico muito realizado no ver\u00e3o com o objetivo de clarear os pelos, tornando-os menos vis\u00edveis a olho nu, al\u00e9m disso, proporciona renova\u00e7\u00e3o celular e hidrata\u00e7\u00e3o corporal.<\/span><\/p>\n<p>&nbsp;<\/p>\n<p>&nbsp;<\/p>\n<p><span style=\"font-size: 18px;\"><img loading=\"lazy\" decoding=\"async\" class=\"alignleft wp-image-1338 size-thumbnail\" src=\"https:\/\/cientifique.com.br\/cursos\/wp-content\/uploads\/2018\/10\/icone-bodyfitnessdetox-150x150.png\" alt=\"Body Fitness Detox, Cientifique\" width=\"150\" height=\"150\" srcset=\"https:\/\/cientifique.com.br\/cursos\/wp-content\/uploads\/2018\/10\/icone-bodyfitnessdetox-150x150.png 150w, https:\/\/cientifique.com.br\/cursos\/wp-content\/uploads\/2018\/10\/icone-bodyfitnessdetox-300x300.png 300w, https:\/\/cientifique.com.br\/cursos\/wp-content\/uploads\/2018\/10\/icone-bodyfitnessdetox.png 565w\" sizes=\"auto, (max-width: 150px) 100vw, 150px\" \/> <strong>BODY FITNESS DETOX<\/strong> &#8211; T\u00e9cnica inovadora que tem o objetivo de desintoxicar o organismo ativando todos os sistemas corporais, \u00e9 capaz de promover o realinhamento corporal. Ideal para definir o abdome, atua na di\u00e1stase, elimina toxinas e pode ser aplicada como t\u00e9cnica complementar.<\/span><\/p>\n<p>&nbsp;<\/p>\n<p>&nbsp;<\/p>\n<p><span style=\"font-size: 18px;\"><img loading=\"lazy\" decoding=\"async\" class=\"alignleft wp-image-1339 size-thumbnail\" src=\"https:\/\/cientifique.com.br\/cursos\/wp-content\/uploads\/2018\/10\/icone-candlemassage-150x150.png\" alt=\"Candle Massage, Cientifique\" width=\"150\" height=\"150\" srcset=\"https:\/\/cientifique.com.br\/cursos\/wp-content\/uploads\/2018\/10\/icone-candlemassage-150x150.png 150w, https:\/\/cientifique.com.br\/cursos\/wp-content\/uploads\/2018\/10\/icone-candlemassage-300x300.png 300w, https:\/\/cientifique.com.br\/cursos\/wp-content\/uploads\/2018\/10\/icone-candlemassage.png 565w\" sizes=\"auto, (max-width: 150px) 100vw, 150px\" \/> <strong>CANDLE MASSAGE<\/strong> &#8211; t\u00e9cnica americana de massagem relaxante onde a massagem \u00e9 realizada com velas e tem o objetivo de aliviar situa\u00e7\u00f5es de estresse e de noites mal dormidas. A sensa\u00e7\u00e3o de conforto f\u00edsico, ameniza o estresse, cansa\u00e7o e dores e s\u00e3o obtidos atrav\u00e9s do aroma agrad\u00e1vel, da temperatura e da leve press\u00e3o dos movimentos sobre o corpo.<\/span><\/p>\n<p>&nbsp;<\/p>\n<p>&nbsp;<\/p>\n<p><span style=\"font-size: 18px;\"><img loading=\"lazy\" decoding=\"async\" class=\"alignleft wp-image-1340 size-thumbnail\" src=\"https:\/\/cientifique.com.br\/cursos\/wp-content\/uploads\/2018\/10\/icone-drenagem-150x150.png\" alt=\"Drenagem Linf\u00e1tica, Cientifique\" width=\"150\" height=\"150\" srcset=\"https:\/\/cientifique.com.br\/cursos\/wp-content\/uploads\/2018\/10\/icone-drenagem-150x150.png 150w, https:\/\/cientifique.com.br\/cursos\/wp-content\/uploads\/2018\/10\/icone-drenagem-300x300.png 300w, https:\/\/cientifique.com.br\/cursos\/wp-content\/uploads\/2018\/10\/icone-drenagem.png 565w\" sizes=\"auto, (max-width: 150px) 100vw, 150px\" \/> <strong>DRENAGEM LINF\u00c1TICA<\/strong> &#8211; tem como objetivo aumentar o volume e a velocidade da linfa a ser transportada pelos vasos e ductos linf\u00e1ticos, por meio de manobras que imitem o bombeamento fisiol\u00f3gico. Essa t\u00e9cnica oferece benef\u00edcios fisiol\u00f3gicos importantes e pode ser realizada em pessoas que apresentam cansa\u00e7o extremo, incha\u00e7o, reten\u00e7\u00e3o de l\u00edquidos ou que passaram por processos cir\u00fargicos como parto e cirurgias pl\u00e1sticas. O ideal \u00e9 que o procedimento seja feito uma vez por semana.<\/span><\/p>\n<p>&nbsp;<\/p>\n<p><span style=\"font-size: 18px;\"><img loading=\"lazy\" decoding=\"async\" class=\"alignleft wp-image-1341 size-thumbnail\" src=\"https:\/\/cientifique.com.br\/cursos\/wp-content\/uploads\/2018\/10\/icone-pressurizadacorporal-150x150.png\" alt=\"Intradermo Pressurizada, Cientifique\" width=\"150\" height=\"150\" srcset=\"https:\/\/cientifique.com.br\/cursos\/wp-content\/uploads\/2018\/10\/icone-pressurizadacorporal-150x150.png 150w, https:\/\/cientifique.com.br\/cursos\/wp-content\/uploads\/2018\/10\/icone-pressurizadacorporal-300x300.png 300w, https:\/\/cientifique.com.br\/cursos\/wp-content\/uploads\/2018\/10\/icone-pressurizadacorporal.png 565w\" sizes=\"auto, (max-width: 150px) 100vw, 150px\" \/> <strong>INTRADERMO PRESSURIZADA<\/strong> &#8211; \u00e9 uma t\u00e9cnica realizada atrav\u00e9s de uma caneta de pressuriza\u00e7\u00e3o que substitui a &#8220;temida agulha&#8221; mas com a mesma efici\u00eancia e sem dor, onde poder\u00e1 se administrar pequenas doses de ativos diretamente na regi\u00e3o desejada. Tem como objetivo amenizar <strong>gordura localizada<\/strong>, <strong>celulites<\/strong>, <strong>flacidez<\/strong>, manchas, <strong>estrias<\/strong>, queda de cabelo, <strong>redu\u00e7\u00e3o de papada<\/strong>, BOTOX LIKE, PREENCHEDORES e SKINBOOSTER da Est\u00e9tica.<\/span><\/p>\n<p>&nbsp;<\/p>\n<p><span style=\"font-size: 18px;\"><img loading=\"lazy\" decoding=\"async\" class=\"alignleft wp-image-1342 size-thumbnail\" src=\"https:\/\/cientifique.com.br\/cursos\/wp-content\/uploads\/2018\/10\/icone-lipomodelagem-150x150.png\" alt=\"Lipomodelagem Gessada, Cientifique\" width=\"150\" height=\"150\" srcset=\"https:\/\/cientifique.com.br\/cursos\/wp-content\/uploads\/2018\/10\/icone-lipomodelagem-150x150.png 150w, https:\/\/cientifique.com.br\/cursos\/wp-content\/uploads\/2018\/10\/icone-lipomodelagem-300x300.png 300w, https:\/\/cientifique.com.br\/cursos\/wp-content\/uploads\/2018\/10\/icone-lipomodelagem.png 565w\" sizes=\"auto, (max-width: 150px) 100vw, 150px\" \/> <strong>LIPOMODELAGEM GESSADA<\/strong> &#8211; t\u00e9cnica mundialmente utilizada para harmoniza\u00e7\u00e3o corporal, realizada atrav\u00e9s da gessoterapia associada com massagem e protocolo diferenciado. O resultado \u00e9 surpreendente na perda de medida, cerca de 2cm por sess\u00e3o, o tratamento \u00e9 r\u00e1pido, mas tamb\u00e9m \u00e9 poss\u00edvel associar outras t\u00e9cnicas como a termoterapia, detoxiterapia e entre outras.<\/span><\/p>\n<p>&nbsp;<\/p>\n<p>&nbsp;<\/p>\n<p><span style=\"font-size: 18px;\"><img loading=\"lazy\" decoding=\"async\" class=\"alignleft wp-image-1343 size-thumbnail\" src=\"https:\/\/cientifique.com.br\/cursos\/wp-content\/uploads\/2018\/10\/icone-maderoterapia-150x150.png\" alt=\"Maderoterapia, Cientifique\" width=\"150\" height=\"150\" srcset=\"https:\/\/cientifique.com.br\/cursos\/wp-content\/uploads\/2018\/10\/icone-maderoterapia-150x150.png 150w, https:\/\/cientifique.com.br\/cursos\/wp-content\/uploads\/2018\/10\/icone-maderoterapia-300x300.png 300w, https:\/\/cientifique.com.br\/cursos\/wp-content\/uploads\/2018\/10\/icone-maderoterapia.png 565w\" sizes=\"auto, (max-width: 150px) 100vw, 150px\" \/> <strong>MADEROTERAPIA<\/strong> &#8211; \u00e9 utilizada mundialmente, nos Estados Unidos, por exemplo emprega-se a maderoterapia para redefinir contornos corporais, reduzir a celulite e facilitar a perda de peso. Nas cl\u00ednicas em Miami, utilizam muito a t\u00e9cnica de maderoterapia e se referem \u00e0 t\u00e9cnica como sendo uma massagem de redu\u00e7\u00e3o inovadora, um tratamento de emagrecimento para moldar a silhueta, que melhora a apar\u00eancia da celulite e atua na elasticidade, as fotos comprovam os resultados em quatro sess\u00f5es.<\/span><\/p>\n<p>&nbsp;<\/p>\n<p><span style=\"font-size: 18px;\"><img loading=\"lazy\" decoding=\"async\" class=\"alignleft wp-image-1344 size-thumbnail\" src=\"https:\/\/cientifique.com.br\/cursos\/wp-content\/uploads\/2018\/10\/icone-ozonioterapia-150x150.png\" alt=\"Ozonioterapia Est\u00e9tica, Cientifique\" width=\"150\" height=\"150\" srcset=\"https:\/\/cientifique.com.br\/cursos\/wp-content\/uploads\/2018\/10\/icone-ozonioterapia-150x150.png 150w, https:\/\/cientifique.com.br\/cursos\/wp-content\/uploads\/2018\/10\/icone-ozonioterapia-300x300.png 300w, https:\/\/cientifique.com.br\/cursos\/wp-content\/uploads\/2018\/10\/icone-ozonioterapia.png 565w\" sizes=\"auto, (max-width: 150px) 100vw, 150px\" \/> <strong>OZONIOTERAPIA<\/strong> &#8211; T\u00e9cnica terap\u00eautica que utiliza a aplica\u00e7\u00e3o de uma mistura dos gases oxig\u00eanio e oz\u00f4nio eficaz no tratamento <strong>celulite<\/strong>, <strong>gordura localizada<\/strong>, <strong>estrias<\/strong>, rugas, marcas de express\u00e3o, <strong>flacidez tissular<\/strong> e <strong>flacidez muscula<\/strong>r, clareamento,<strong> emagrecimento<\/strong>, tratamento capilar e anti aging. rejuvenescimento.<\/span><\/p>\n<p>&nbsp;<\/p>\n<p>&nbsp;<\/p>\n<p><span style=\"font-size: 18px;\"><img loading=\"lazy\" decoding=\"async\" class=\"size-thumbnail wp-image-1345 alignleft\" src=\"https:\/\/cientifique.com.br\/cursos\/wp-content\/uploads\/2018\/10\/icone-taping-150x150.png\" alt=\"Taping Est\u00e9tico, Cientifique\" width=\"150\" height=\"150\" srcset=\"https:\/\/cientifique.com.br\/cursos\/wp-content\/uploads\/2018\/10\/icone-taping-150x150.png 150w, https:\/\/cientifique.com.br\/cursos\/wp-content\/uploads\/2018\/10\/icone-taping-300x300.png 300w, https:\/\/cientifique.com.br\/cursos\/wp-content\/uploads\/2018\/10\/icone-taping.png 565w\" sizes=\"auto, (max-width: 150px) 100vw, 150px\" \/> <strong>TAPING EST\u00c9TICO<\/strong> &#8211; t\u00e9cnica realizada atrav\u00e9s da aplica\u00e7\u00e3o de bandagens funcionais que ir\u00e3o promover a remo\u00e7\u00e3o de congestionamento dos tecidos, incremento da circula\u00e7\u00e3o e drenagem linf\u00e1tica, melhoria da fun\u00e7\u00e3o muscular regulando o seu t\u00f4nus, melhora na distribui\u00e7\u00e3o do tecido cicatricial, sendo indicado em cicatrizes hipertr\u00f3ficas e entre outras fun\u00e7\u00f5es.<\/span><\/p>\n","protected":false},"excerpt":{"rendered":"<p><span style=\"color: #4d4c4f; font-family: 'Josefin Sans'; font-size: 16px;\">A EST\u00c9TICA CORPORAL engloba uma s\u00e9rie de procedimentos que tem como objetivo tratar \u00e1reas do corpo que geram qualquer inc\u00f4modo est\u00e9tico na pessoa. Os tratamentos Corporais Est\u00e9ticos t\u00eam como objetivo dar uma melhor defini\u00e7\u00e3o aos contornos corporais, isso por meio de redu\u00e7\u00e3o de medidas, combate \u00e0 celulite, flacidez, gordura localizada e todos os transtornos que comprometem a silhueta do corpo.<\/span><br \/>\n[wpcdt-countdown id=&#8221;902&#8243;]<\/p>\n","protected":false},"featured_media":1335,"comment_status":"open","ping_status":"closed","template":"","meta":[],"product_brand":[],"product_cat":[529,528],"product_tag":[],"class_list":{"0":"post-928","1":"product","2":"type-product","3":"status-publish","4":"has-post-thumbnail","6":"product_cat-todos","7":"product_cat-atendimento","9":"first","10":"instock","11":"shipping-taxable","12":"product-type-simple","13":"prodpage-style3"},"yoast_head":"<!-- This site is optimized with the Yoast SEO plugin v27.2 - https:\/\/yoast.com\/product\/yoast-seo-wordpress\/ -->\n<title>ESPECIALIDADES - CORPORAL - Cientifique<\/title>\n<meta name=\"robots\" content=\"index, follow, max-snippet:-1, max-image-preview:large, max-video-preview:-1\" \/>\n<link rel=\"canonical\" href=\"https:\/\/cientifique.com.br\/cursos\/product\/especialidades-corporal\/\" \/>\n<meta property=\"og:locale\" content=\"pt_BR\" \/>\n<meta property=\"og:type\" content=\"article\" \/>\n<meta property=\"og:title\" content=\"ESPECIALIDADES - CORPORAL - Cientifique\" \/>\n<meta property=\"og:description\" content=\"A EST\u00c9TICA CORPORAL engloba uma s\u00e9rie de procedimentos que tem como objetivo tratar \u00e1reas do corpo que geram qualquer inc\u00f4modo est\u00e9tico na pessoa. Os tratamentos Corporais Est\u00e9ticos t\u00eam como objetivo dar uma melhor defini\u00e7\u00e3o aos contornos corporais, isso por meio de redu\u00e7\u00e3o de medidas, combate \u00e0 celulite, flacidez, gordura localizada e todos os transtornos que comprometem a silhueta do corpo. [wpcdt-countdown id=&quot;902&quot;]\" \/>\n<meta property=\"og:url\" content=\"https:\/\/cientifique.com.br\/cursos\/product\/especialidades-corporal\/\" \/>\n<meta property=\"og:site_name\" content=\"Cientifique\" \/>\n<meta property=\"article:publisher\" content=\"https:\/\/www.facebook.com\/cientifique\" \/>\n<meta property=\"article:modified_time\" content=\"2024-12-27T15:27:05+00:00\" \/>\n<meta property=\"og:image\" content=\"https:\/\/cientifique.com.br\/cursos\/wp-content\/uploads\/2018\/10\/esp-corporal.png\" \/>\n\t<meta property=\"og:image:width\" content=\"565\" \/>\n\t<meta property=\"og:image:height\" content=\"565\" \/>\n\t<meta property=\"og:image:type\" content=\"image\/png\" \/>\n<meta name=\"twitter:card\" content=\"summary_large_image\" \/>\n<meta name=\"twitter:site\" content=\"@cientifiquemid\" \/>\n<meta name=\"twitter:label1\" content=\"Est. tempo de leitura\" \/>\n\t<meta name=\"twitter:data1\" content=\"3 minutos\" \/>\n<script type=\"application\/ld+json\" class=\"yoast-schema-graph\">{\"@context\":\"https:\/\/schema.org\",\"@graph\":[{\"@type\":\"WebPage\",\"@id\":\"https:\/\/cientifique.com.br\/cursos\/product\/especialidades-corporal\/\",\"url\":\"https:\/\/cientifique.com.br\/cursos\/product\/especialidades-corporal\/\",\"name\":\"ESPECIALIDADES - CORPORAL - Cientifique\",\"isPartOf\":{\"@id\":\"https:\/\/cientifique.com.br\/cursos\/#website\"},\"primaryImageOfPage\":{\"@id\":\"https:\/\/cientifique.com.br\/cursos\/product\/especialidades-corporal\/#primaryimage\"},\"image\":{\"@id\":\"https:\/\/cientifique.com.br\/cursos\/product\/especialidades-corporal\/#primaryimage\"},\"thumbnailUrl\":\"https:\/\/cientifique.com.br\/cursos\/wp-content\/uploads\/2018\/10\/esp-corporal.png\",\"datePublished\":\"2022-12-18T16:10:05+00:00\",\"dateModified\":\"2024-12-27T15:27:05+00:00\",\"breadcrumb\":{\"@id\":\"https:\/\/cientifique.com.br\/cursos\/product\/especialidades-corporal\/#breadcrumb\"},\"inLanguage\":\"pt-BR\",\"potentialAction\":[{\"@type\":\"ReadAction\",\"target\":[\"https:\/\/cientifique.com.br\/cursos\/product\/especialidades-corporal\/\"]}]},{\"@type\":\"ImageObject\",\"inLanguage\":\"pt-BR\",\"@id\":\"https:\/\/cientifique.com.br\/cursos\/product\/especialidades-corporal\/#primaryimage\",\"url\":\"https:\/\/cientifique.com.br\/cursos\/wp-content\/uploads\/2018\/10\/esp-corporal.png\",\"contentUrl\":\"https:\/\/cientifique.com.br\/cursos\/wp-content\/uploads\/2018\/10\/esp-corporal.png\",\"width\":565,\"height\":565},{\"@type\":\"BreadcrumbList\",\"@id\":\"https:\/\/cientifique.com.br\/cursos\/product\/especialidades-corporal\/#breadcrumb\",\"itemListElement\":[{\"@type\":\"ListItem\",\"position\":1,\"name\":\"In\u00edcio\",\"item\":\"https:\/\/cientifique.com.br\/cursos\/\"},{\"@type\":\"ListItem\",\"position\":2,\"name\":\"Loja\",\"item\":\"https:\/\/cientifique.com.br\/cursos\/loja\/\"},{\"@type\":\"ListItem\",\"position\":3,\"name\":\"ESPECIALIDADES &#8211; CORPORAL\"}]},{\"@type\":\"WebSite\",\"@id\":\"https:\/\/cientifique.com.br\/cursos\/#website\",\"url\":\"https:\/\/cientifique.com.br\/cursos\/\",\"name\":\"Cientifique\",\"description\":\"Est\u00e9tica, sa\u00fade e bem estar\",\"publisher\":{\"@id\":\"https:\/\/cientifique.com.br\/cursos\/#organization\"},\"potentialAction\":[{\"@type\":\"SearchAction\",\"target\":{\"@type\":\"EntryPoint\",\"urlTemplate\":\"https:\/\/cientifique.com.br\/cursos\/?s={search_term_string}\"},\"query-input\":{\"@type\":\"PropertyValueSpecification\",\"valueRequired\":true,\"valueName\":\"search_term_string\"}}],\"inLanguage\":\"pt-BR\"},{\"@type\":\"Organization\",\"@id\":\"https:\/\/cientifique.com.br\/cursos\/#organization\",\"name\":\"Cientifique\",\"url\":\"https:\/\/cientifique.com.br\/cursos\/\",\"logo\":{\"@type\":\"ImageObject\",\"inLanguage\":\"pt-BR\",\"@id\":\"https:\/\/cientifique.com.br\/cursos\/#\/schema\/logo\/image\/\",\"url\":\"https:\/\/cientifique.com.br\/cursos\/wp-content\/uploads\/2020\/09\/cientifique_2020.png\",\"contentUrl\":\"https:\/\/cientifique.com.br\/cursos\/wp-content\/uploads\/2020\/09\/cientifique_2020.png\",\"width\":260,\"height\":58,\"caption\":\"Cientifique\"},\"image\":{\"@id\":\"https:\/\/cientifique.com.br\/cursos\/#\/schema\/logo\/image\/\"},\"sameAs\":[\"https:\/\/www.facebook.com\/cientifique\",\"https:\/\/x.com\/cientifiquemid\",\"https:\/\/instagram.com\/cientifique\",\"https:\/\/www.pinterest.com\/cientifique\/\"]}]}<\/script>\n<!-- \/ Yoast SEO plugin. -->","yoast_head_json":{"title":"ESPECIALIDADES - CORPORAL - Cientifique","robots":{"index":"index","follow":"follow","max-snippet":"max-snippet:-1","max-image-preview":"max-image-preview:large","max-video-preview":"max-video-preview:-1"},"canonical":"https:\/\/cientifique.com.br\/cursos\/product\/especialidades-corporal\/","og_locale":"pt_BR","og_type":"article","og_title":"ESPECIALIDADES - CORPORAL - Cientifique","og_description":"A EST\u00c9TICA CORPORAL engloba uma s\u00e9rie de procedimentos que tem como objetivo tratar \u00e1reas do corpo que geram qualquer inc\u00f4modo est\u00e9tico na pessoa. Os tratamentos Corporais Est\u00e9ticos t\u00eam como objetivo dar uma melhor defini\u00e7\u00e3o aos contornos corporais, isso por meio de redu\u00e7\u00e3o de medidas, combate \u00e0 celulite, flacidez, gordura localizada e todos os transtornos que comprometem a silhueta do corpo. [wpcdt-countdown id=\"902\"]","og_url":"https:\/\/cientifique.com.br\/cursos\/product\/especialidades-corporal\/","og_site_name":"Cientifique","article_publisher":"https:\/\/www.facebook.com\/cientifique","article_modified_time":"2024-12-27T15:27:05+00:00","og_image":[{"width":565,"height":565,"url":"https:\/\/cientifique.com.br\/cursos\/wp-content\/uploads\/2018\/10\/esp-corporal.png","type":"image\/png"}],"twitter_card":"summary_large_image","twitter_site":"@cientifiquemid","twitter_misc":{"Est. tempo de leitura":"3 minutos"},"schema":{"@context":"https:\/\/schema.org","@graph":[{"@type":"WebPage","@id":"https:\/\/cientifique.com.br\/cursos\/product\/especialidades-corporal\/","url":"https:\/\/cientifique.com.br\/cursos\/product\/especialidades-corporal\/","name":"ESPECIALIDADES - CORPORAL - Cientifique","isPartOf":{"@id":"https:\/\/cientifique.com.br\/cursos\/#website"},"primaryImageOfPage":{"@id":"https:\/\/cientifique.com.br\/cursos\/product\/especialidades-corporal\/#primaryimage"},"image":{"@id":"https:\/\/cientifique.com.br\/cursos\/product\/especialidades-corporal\/#primaryimage"},"thumbnailUrl":"https:\/\/cientifique.com.br\/cursos\/wp-content\/uploads\/2018\/10\/esp-corporal.png","datePublished":"2022-12-18T16:10:05+00:00","dateModified":"2024-12-27T15:27:05+00:00","breadcrumb":{"@id":"https:\/\/cientifique.com.br\/cursos\/product\/especialidades-corporal\/#breadcrumb"},"inLanguage":"pt-BR","potentialAction":[{"@type":"ReadAction","target":["https:\/\/cientifique.com.br\/cursos\/product\/especialidades-corporal\/"]}]},{"@type":"ImageObject","inLanguage":"pt-BR","@id":"https:\/\/cientifique.com.br\/cursos\/product\/especialidades-corporal\/#primaryimage","url":"https:\/\/cientifique.com.br\/cursos\/wp-content\/uploads\/2018\/10\/esp-corporal.png","contentUrl":"https:\/\/cientifique.com.br\/cursos\/wp-content\/uploads\/2018\/10\/esp-corporal.png","width":565,"height":565},{"@type":"BreadcrumbList","@id":"https:\/\/cientifique.com.br\/cursos\/product\/especialidades-corporal\/#breadcrumb","itemListElement":[{"@type":"ListItem","position":1,"name":"In\u00edcio","item":"https:\/\/cientifique.com.br\/cursos\/"},{"@type":"ListItem","position":2,"name":"Loja","item":"https:\/\/cientifique.com.br\/cursos\/loja\/"},{"@type":"ListItem","position":3,"name":"ESPECIALIDADES &#8211; CORPORAL"}]},{"@type":"WebSite","@id":"https:\/\/cientifique.com.br\/cursos\/#website","url":"https:\/\/cientifique.com.br\/cursos\/","name":"Cientifique","description":"Est\u00e9tica, sa\u00fade e bem estar","publisher":{"@id":"https:\/\/cientifique.com.br\/cursos\/#organization"},"potentialAction":[{"@type":"SearchAction","target":{"@type":"EntryPoint","urlTemplate":"https:\/\/cientifique.com.br\/cursos\/?s={search_term_string}"},"query-input":{"@type":"PropertyValueSpecification","valueRequired":true,"valueName":"search_term_string"}}],"inLanguage":"pt-BR"},{"@type":"Organization","@id":"https:\/\/cientifique.com.br\/cursos\/#organization","name":"Cientifique","url":"https:\/\/cientifique.com.br\/cursos\/","logo":{"@type":"ImageObject","inLanguage":"pt-BR","@id":"https:\/\/cientifique.com.br\/cursos\/#\/schema\/logo\/image\/","url":"https:\/\/cientifique.com.br\/cursos\/wp-content\/uploads\/2020\/09\/cientifique_2020.png","contentUrl":"https:\/\/cientifique.com.br\/cursos\/wp-content\/uploads\/2020\/09\/cientifique_2020.png","width":260,"height":58,"caption":"Cientifique"},"image":{"@id":"https:\/\/cientifique.com.br\/cursos\/#\/schema\/logo\/image\/"},"sameAs":["https:\/\/www.facebook.com\/cientifique","https:\/\/x.com\/cientifiquemid","https:\/\/instagram.com\/cientifique","https:\/\/www.pinterest.com\/cientifique\/"]}]}},"jetpack_sharing_enabled":true,"_links":{"self":[{"href":"https:\/\/cientifique.com.br\/cursos\/wp-json\/wp\/v2\/product\/928","targetHints":{"allow":["GET"]}}],"collection":[{"href":"https:\/\/cientifique.com.br\/cursos\/wp-json\/wp\/v2\/product"}],"about":[{"href":"https:\/\/cientifique.com.br\/cursos\/wp-json\/wp\/v2\/types\/product"}],"replies":[{"embeddable":true,"href":"https:\/\/cientifique.com.br\/cursos\/wp-json\/wp\/v2\/comments?post=928"}],"wp:featuredmedia":[{"embeddable":true,"href":"https:\/\/cientifique.com.br\/cursos\/wp-json\/wp\/v2\/media\/1335"}],"wp:attachment":[{"href":"https:\/\/cientifique.com.br\/cursos\/wp-json\/wp\/v2\/media?parent=928"}],"wp:term":[{"taxonomy":"product_brand","embeddable":true,"href":"https:\/\/cientifique.com.br\/cursos\/wp-json\/wp\/v2\/product_brand?post=928"},{"taxonomy":"product_cat","embeddable":true,"href":"https:\/\/cientifique.com.br\/cursos\/wp-json\/wp\/v2\/product_cat?post=928"},{"taxonomy":"product_tag","embeddable":true,"href":"https:\/\/cientifique.com.br\/cursos\/wp-json\/wp\/v2\/product_tag?post=928"}],"curies":[{"name":"wp","href":"https:\/\/api.w.org\/{rel}","templated":true}]}}