{"id":929,"date":"2022-12-18T13:04:44","date_gmt":"2022-12-18T16:04:44","guid":{"rendered":"https:\/\/cientifique.com\/cursos\/product\/millenium-matte-black-sunglasses\/"},"modified":"2022-12-18T13:34:55","modified_gmt":"2022-12-18T16:34:55","slug":"aconselhamento-dermocosmetico","status":"publish","type":"product","link":"https:\/\/cientifique.com.br\/cursos\/product\/aconselhamento-dermocosmetico\/","title":{"rendered":"ESPECIALIDADES &#8211; ACONSELHAMENTO DERMOCOSM\u00c9TICO"},"content":{"rendered":"<p><span style=\"font-size: 18px;\">Aconselhamento Dermocosm\u00e9tico \u00e9 um atendimento personalizado virtual, tendo como base os aspetos da fisiologia da pele assim como do conhecimento acerca dos dermocosm\u00e9ticos da atualidade.<\/span><\/p>\n<p><span style=\"font-size: 18px;\">Neste \u00e2mbito, pretende-se compilar informa\u00e7\u00e3o no dom\u00ednio da dermatologia, nos diferentes estados de desenvolvimento da pele humana, dos cuidados gerais e das patologias mais comuns a este \u00f3rg\u00e3o associadas, para oferecer um melhor aconselhamento.<\/span><\/p>\n<p><span style=\"font-size: 18px;\">Nesta especialidade, al\u00e9m do aconselhamento personalizado, tamb\u00e9m\u00a0 ser\u00e1 oferecido um acompanhamento no per\u00edodo de 6 meses para completar um ciclo de reconhecimento do problema, recomenda\u00e7\u00e3o cosmec\u00eautica e feedback dos resultados obtidos.<\/span><\/p>\n","protected":false},"excerpt":{"rendered":"<p><span style=\"font-size: 18px;\"><strong>Aconselhamento Dermocosm\u00e9tico<\/strong> \u00e9 um atendimento personalizado virtual, tendo como base os aspetos da fisiologia da pele assim como do conhecimento acerca dos dermocosm\u00e9ticos da atualidade. Neste \u00e2mbito, pretende-se compilar informa\u00e7\u00e3o no dom\u00ednio da dermatologia, nos diferentes estados de desenvolvimento da pele humana, dos cuidados gerais e das patologias mais comuns a este \u00f3rg\u00e3o associadas, para oferecer um melhor aconselhamento.<\/span><br \/>\n[wpcdt-countdown id=&#8221;902&#8243;]<\/p>\n","protected":false},"featured_media":1364,"comment_status":"open","ping_status":"closed","template":"","meta":[],"product_brand":[],"product_cat":[528],"product_tag":[558,559,563,562,560,561],"class_list":{"0":"post-929","1":"product","2":"type-product","3":"status-publish","4":"has-post-thumbnail","6":"product_cat-atendimento","7":"product_tag-aconselhamento-dermocosmetico","8":"product_tag-cosmeceuticos","9":"product_tag-cutanea","10":"product_tag-cutis","11":"product_tag-dermatologia","12":"product_tag-pele","14":"first","15":"instock","16":"shipping-taxable","17":"product-type-simple","18":"prodpage-style3"},"yoast_head":"<!-- This site is optimized with the Yoast SEO plugin v27.2 - https:\/\/yoast.com\/product\/yoast-seo-wordpress\/ -->\n<title>ESPECIALIDADES - ACONSELHAMENTO DERMOCOSM\u00c9TICO - Cientifique<\/title>\n<meta name=\"robots\" content=\"index, follow, max-snippet:-1, max-image-preview:large, max-video-preview:-1\" \/>\n<link rel=\"canonical\" href=\"https:\/\/cientifique.com.br\/cursos\/product\/aconselhamento-dermocosmetico\/\" \/>\n<meta property=\"og:locale\" content=\"pt_BR\" \/>\n<meta property=\"og:type\" content=\"article\" \/>\n<meta property=\"og:title\" content=\"ESPECIALIDADES - ACONSELHAMENTO DERMOCOSM\u00c9TICO - Cientifique\" \/>\n<meta property=\"og:description\" content=\"Aconselhamento Dermocosm\u00e9tico \u00e9 um atendimento personalizado virtual, tendo como base os aspetos da fisiologia da pele assim como do conhecimento acerca dos dermocosm\u00e9ticos da atualidade. Neste \u00e2mbito, pretende-se compilar informa\u00e7\u00e3o no dom\u00ednio da dermatologia, nos diferentes estados de desenvolvimento da pele humana, dos cuidados gerais e das patologias mais comuns a este \u00f3rg\u00e3o associadas, para oferecer um melhor aconselhamento. [wpcdt-countdown id=&quot;902&quot;]\" \/>\n<meta property=\"og:url\" content=\"https:\/\/cientifique.com.br\/cursos\/product\/aconselhamento-dermocosmetico\/\" \/>\n<meta property=\"og:site_name\" content=\"Cientifique\" \/>\n<meta property=\"article:publisher\" content=\"https:\/\/www.facebook.com\/cientifique\" \/>\n<meta property=\"article:modified_time\" content=\"2022-12-18T16:34:55+00:00\" \/>\n<meta property=\"og:image\" content=\"https:\/\/cientifique.com.br\/cursos\/wp-content\/uploads\/2018\/10\/aconselhamento.png\" \/>\n\t<meta property=\"og:image:width\" content=\"565\" \/>\n\t<meta property=\"og:image:height\" content=\"565\" \/>\n\t<meta property=\"og:image:type\" content=\"image\/png\" \/>\n<meta name=\"twitter:card\" content=\"summary_large_image\" \/>\n<meta name=\"twitter:site\" content=\"@cientifiquemid\" \/>\n<script type=\"application\/ld+json\" class=\"yoast-schema-graph\">{\"@context\":\"https:\/\/schema.org\",\"@graph\":[{\"@type\":\"WebPage\",\"@id\":\"https:\/\/cientifique.com.br\/cursos\/product\/aconselhamento-dermocosmetico\/\",\"url\":\"https:\/\/cientifique.com.br\/cursos\/product\/aconselhamento-dermocosmetico\/\",\"name\":\"ESPECIALIDADES - ACONSELHAMENTO DERMOCOSM\u00c9TICO - Cientifique\",\"isPartOf\":{\"@id\":\"https:\/\/cientifique.com.br\/cursos\/#website\"},\"primaryImageOfPage\":{\"@id\":\"https:\/\/cientifique.com.br\/cursos\/product\/aconselhamento-dermocosmetico\/#primaryimage\"},\"image\":{\"@id\":\"https:\/\/cientifique.com.br\/cursos\/product\/aconselhamento-dermocosmetico\/#primaryimage\"},\"thumbnailUrl\":\"https:\/\/cientifique.com.br\/cursos\/wp-content\/uploads\/2018\/10\/aconselhamento.png\",\"datePublished\":\"2022-12-18T16:04:44+00:00\",\"dateModified\":\"2022-12-18T16:34:55+00:00\",\"breadcrumb\":{\"@id\":\"https:\/\/cientifique.com.br\/cursos\/product\/aconselhamento-dermocosmetico\/#breadcrumb\"},\"inLanguage\":\"pt-BR\",\"potentialAction\":[{\"@type\":\"ReadAction\",\"target\":[\"https:\/\/cientifique.com.br\/cursos\/product\/aconselhamento-dermocosmetico\/\"]}]},{\"@type\":\"ImageObject\",\"inLanguage\":\"pt-BR\",\"@id\":\"https:\/\/cientifique.com.br\/cursos\/product\/aconselhamento-dermocosmetico\/#primaryimage\",\"url\":\"https:\/\/cientifique.com.br\/cursos\/wp-content\/uploads\/2018\/10\/aconselhamento.png\",\"contentUrl\":\"https:\/\/cientifique.com.br\/cursos\/wp-content\/uploads\/2018\/10\/aconselhamento.png\",\"width\":565,\"height\":565,\"caption\":\"Aconselhamento Dermocosm\u00e9tico, Cientifique\"},{\"@type\":\"BreadcrumbList\",\"@id\":\"https:\/\/cientifique.com.br\/cursos\/product\/aconselhamento-dermocosmetico\/#breadcrumb\",\"itemListElement\":[{\"@type\":\"ListItem\",\"position\":1,\"name\":\"In\u00edcio\",\"item\":\"https:\/\/cientifique.com.br\/cursos\/\"},{\"@type\":\"ListItem\",\"position\":2,\"name\":\"Loja\",\"item\":\"https:\/\/cientifique.com.br\/cursos\/loja\/\"},{\"@type\":\"ListItem\",\"position\":3,\"name\":\"ESPECIALIDADES &#8211; ACONSELHAMENTO DERMOCOSM\u00c9TICO\"}]},{\"@type\":\"WebSite\",\"@id\":\"https:\/\/cientifique.com.br\/cursos\/#website\",\"url\":\"https:\/\/cientifique.com.br\/cursos\/\",\"name\":\"Cientifique\",\"description\":\"Est\u00e9tica, sa\u00fade e bem estar\",\"publisher\":{\"@id\":\"https:\/\/cientifique.com.br\/cursos\/#organization\"},\"potentialAction\":[{\"@type\":\"SearchAction\",\"target\":{\"@type\":\"EntryPoint\",\"urlTemplate\":\"https:\/\/cientifique.com.br\/cursos\/?s={search_term_string}\"},\"query-input\":{\"@type\":\"PropertyValueSpecification\",\"valueRequired\":true,\"valueName\":\"search_term_string\"}}],\"inLanguage\":\"pt-BR\"},{\"@type\":\"Organization\",\"@id\":\"https:\/\/cientifique.com.br\/cursos\/#organization\",\"name\":\"Cientifique\",\"url\":\"https:\/\/cientifique.com.br\/cursos\/\",\"logo\":{\"@type\":\"ImageObject\",\"inLanguage\":\"pt-BR\",\"@id\":\"https:\/\/cientifique.com.br\/cursos\/#\/schema\/logo\/image\/\",\"url\":\"https:\/\/cientifique.com.br\/cursos\/wp-content\/uploads\/2020\/09\/cientifique_2020.png\",\"contentUrl\":\"https:\/\/cientifique.com.br\/cursos\/wp-content\/uploads\/2020\/09\/cientifique_2020.png\",\"width\":260,\"height\":58,\"caption\":\"Cientifique\"},\"image\":{\"@id\":\"https:\/\/cientifique.com.br\/cursos\/#\/schema\/logo\/image\/\"},\"sameAs\":[\"https:\/\/www.facebook.com\/cientifique\",\"https:\/\/x.com\/cientifiquemid\",\"https:\/\/instagram.com\/cientifique\",\"https:\/\/www.pinterest.com\/cientifique\/\"]}]}<\/script>\n<!-- \/ Yoast SEO plugin. -->","yoast_head_json":{"title":"ESPECIALIDADES - ACONSELHAMENTO DERMOCOSM\u00c9TICO - Cientifique","robots":{"index":"index","follow":"follow","max-snippet":"max-snippet:-1","max-image-preview":"max-image-preview:large","max-video-preview":"max-video-preview:-1"},"canonical":"https:\/\/cientifique.com.br\/cursos\/product\/aconselhamento-dermocosmetico\/","og_locale":"pt_BR","og_type":"article","og_title":"ESPECIALIDADES - ACONSELHAMENTO DERMOCOSM\u00c9TICO - Cientifique","og_description":"Aconselhamento Dermocosm\u00e9tico \u00e9 um atendimento personalizado virtual, tendo como base os aspetos da fisiologia da pele assim como do conhecimento acerca dos dermocosm\u00e9ticos da atualidade. Neste \u00e2mbito, pretende-se compilar informa\u00e7\u00e3o no dom\u00ednio da dermatologia, nos diferentes estados de desenvolvimento da pele humana, dos cuidados gerais e das patologias mais comuns a este \u00f3rg\u00e3o associadas, para oferecer um melhor aconselhamento. [wpcdt-countdown id=\"902\"]","og_url":"https:\/\/cientifique.com.br\/cursos\/product\/aconselhamento-dermocosmetico\/","og_site_name":"Cientifique","article_publisher":"https:\/\/www.facebook.com\/cientifique","article_modified_time":"2022-12-18T16:34:55+00:00","og_image":[{"width":565,"height":565,"url":"https:\/\/cientifique.com.br\/cursos\/wp-content\/uploads\/2018\/10\/aconselhamento.png","type":"image\/png"}],"twitter_card":"summary_large_image","twitter_site":"@cientifiquemid","schema":{"@context":"https:\/\/schema.org","@graph":[{"@type":"WebPage","@id":"https:\/\/cientifique.com.br\/cursos\/product\/aconselhamento-dermocosmetico\/","url":"https:\/\/cientifique.com.br\/cursos\/product\/aconselhamento-dermocosmetico\/","name":"ESPECIALIDADES - ACONSELHAMENTO DERMOCOSM\u00c9TICO - Cientifique","isPartOf":{"@id":"https:\/\/cientifique.com.br\/cursos\/#website"},"primaryImageOfPage":{"@id":"https:\/\/cientifique.com.br\/cursos\/product\/aconselhamento-dermocosmetico\/#primaryimage"},"image":{"@id":"https:\/\/cientifique.com.br\/cursos\/product\/aconselhamento-dermocosmetico\/#primaryimage"},"thumbnailUrl":"https:\/\/cientifique.com.br\/cursos\/wp-content\/uploads\/2018\/10\/aconselhamento.png","datePublished":"2022-12-18T16:04:44+00:00","dateModified":"2022-12-18T16:34:55+00:00","breadcrumb":{"@id":"https:\/\/cientifique.com.br\/cursos\/product\/aconselhamento-dermocosmetico\/#breadcrumb"},"inLanguage":"pt-BR","potentialAction":[{"@type":"ReadAction","target":["https:\/\/cientifique.com.br\/cursos\/product\/aconselhamento-dermocosmetico\/"]}]},{"@type":"ImageObject","inLanguage":"pt-BR","@id":"https:\/\/cientifique.com.br\/cursos\/product\/aconselhamento-dermocosmetico\/#primaryimage","url":"https:\/\/cientifique.com.br\/cursos\/wp-content\/uploads\/2018\/10\/aconselhamento.png","contentUrl":"https:\/\/cientifique.com.br\/cursos\/wp-content\/uploads\/2018\/10\/aconselhamento.png","width":565,"height":565,"caption":"Aconselhamento Dermocosm\u00e9tico, Cientifique"},{"@type":"BreadcrumbList","@id":"https:\/\/cientifique.com.br\/cursos\/product\/aconselhamento-dermocosmetico\/#breadcrumb","itemListElement":[{"@type":"ListItem","position":1,"name":"In\u00edcio","item":"https:\/\/cientifique.com.br\/cursos\/"},{"@type":"ListItem","position":2,"name":"Loja","item":"https:\/\/cientifique.com.br\/cursos\/loja\/"},{"@type":"ListItem","position":3,"name":"ESPECIALIDADES &#8211; ACONSELHAMENTO DERMOCOSM\u00c9TICO"}]},{"@type":"WebSite","@id":"https:\/\/cientifique.com.br\/cursos\/#website","url":"https:\/\/cientifique.com.br\/cursos\/","name":"Cientifique","description":"Est\u00e9tica, sa\u00fade e bem estar","publisher":{"@id":"https:\/\/cientifique.com.br\/cursos\/#organization"},"potentialAction":[{"@type":"SearchAction","target":{"@type":"EntryPoint","urlTemplate":"https:\/\/cientifique.com.br\/cursos\/?s={search_term_string}"},"query-input":{"@type":"PropertyValueSpecification","valueRequired":true,"valueName":"search_term_string"}}],"inLanguage":"pt-BR"},{"@type":"Organization","@id":"https:\/\/cientifique.com.br\/cursos\/#organization","name":"Cientifique","url":"https:\/\/cientifique.com.br\/cursos\/","logo":{"@type":"ImageObject","inLanguage":"pt-BR","@id":"https:\/\/cientifique.com.br\/cursos\/#\/schema\/logo\/image\/","url":"https:\/\/cientifique.com.br\/cursos\/wp-content\/uploads\/2020\/09\/cientifique_2020.png","contentUrl":"https:\/\/cientifique.com.br\/cursos\/wp-content\/uploads\/2020\/09\/cientifique_2020.png","width":260,"height":58,"caption":"Cientifique"},"image":{"@id":"https:\/\/cientifique.com.br\/cursos\/#\/schema\/logo\/image\/"},"sameAs":["https:\/\/www.facebook.com\/cientifique","https:\/\/x.com\/cientifiquemid","https:\/\/instagram.com\/cientifique","https:\/\/www.pinterest.com\/cientifique\/"]}]}},"jetpack_sharing_enabled":true,"_links":{"self":[{"href":"https:\/\/cientifique.com.br\/cursos\/wp-json\/wp\/v2\/product\/929","targetHints":{"allow":["GET"]}}],"collection":[{"href":"https:\/\/cientifique.com.br\/cursos\/wp-json\/wp\/v2\/product"}],"about":[{"href":"https:\/\/cientifique.com.br\/cursos\/wp-json\/wp\/v2\/types\/product"}],"replies":[{"embeddable":true,"href":"https:\/\/cientifique.com.br\/cursos\/wp-json\/wp\/v2\/comments?post=929"}],"wp:featuredmedia":[{"embeddable":true,"href":"https:\/\/cientifique.com.br\/cursos\/wp-json\/wp\/v2\/media\/1364"}],"wp:attachment":[{"href":"https:\/\/cientifique.com.br\/cursos\/wp-json\/wp\/v2\/media?parent=929"}],"wp:term":[{"taxonomy":"product_brand","embeddable":true,"href":"https:\/\/cientifique.com.br\/cursos\/wp-json\/wp\/v2\/product_brand?post=929"},{"taxonomy":"product_cat","embeddable":true,"href":"https:\/\/cientifique.com.br\/cursos\/wp-json\/wp\/v2\/product_cat?post=929"},{"taxonomy":"product_tag","embeddable":true,"href":"https:\/\/cientifique.com.br\/cursos\/wp-json\/wp\/v2\/product_tag?post=929"}],"curies":[{"name":"wp","href":"https:\/\/api.w.org\/{rel}","templated":true}]}}